{"id":28190,"date":"2026-03-25T11:30:54","date_gmt":"2026-03-25T10:30:54","guid":{"rendered":"https:\/\/optimate.si\/product\/zollex-komplet-za-popravilo-pnevmatik\/"},"modified":"2026-05-07T11:20:53","modified_gmt":"2026-05-07T09:20:53","slug":"zollex-komplet-za-popravilo-pnevmatik","status":"publish","type":"product","link":"https:\/\/optimate.si\/hr\/product\/zollex-komplet-za-popravilo-pnevmatik\/","title":{"rendered":"TyreFix Komplet za popravilo pnevmatik"},"content":{"rendered":"<h3><strong>Predrtina? Re\u0161eno v 5 minutah. Brez vle\u010dne slu\u017ebe.<\/strong><\/h3>\n<p>TyreFix komplet za popravilo pnevmatik je re\u0161itev, ki te spravi nazaj na cesto \u2014 brez \u010dakanja, brez drage vle\u010dne slu\u017ebe.<\/p>\n<p>Shrani v predal. Ko ga rabi\u0161, ga bo\u0161 vesel.<\/p>\n<\/p>\n<p><strong>Zakaj TyreFix komplet?<\/strong><\/p>\n<ul>\n<li>\n<p><strong>Popravilo v 5 minutah<\/strong> \u2014 predrtine se znebi\u0161 na mestu, brez demonta\u017ee pnevmatike.<\/p>\n<\/li>\n<li>\n<p><strong>T-ro\u010daji<\/strong> \u2014 natan\u010dna namestitev \u010depa tudi brez izku\u0161enj.<\/p>\n<\/li>\n<li>\n<p><strong>Zanesljivo tesnjenje<\/strong> \u2014 gumijasti \u010depi skupaj z lepilom zagotovijo najbolj\u0161i rezultat.<\/p>\n<\/li>\n<li>\n<p><strong>Kompaktna re\u0161itev<\/strong><\/p>\n<\/li>\n<\/ul>\n<hr>\n<h3>Uporaba<\/h3>\n<ol>\n<li>\n<p>Poi\u0161\u010dite predrtino.<\/p>\n<\/li>\n<li>\n<p>O\u010disti luknjo s spiralnim orodjem.<\/p>\n<\/li>\n<li>\n<p>Na \u010dep nanesite lepilo.<\/p>\n<\/li>\n<li>\n<p>Vstavite \u010dep v luknjo<\/p>\n<\/li>\n<li>\n<p>Odre\u017eite vi\u0161ek \u010depa.<\/p>\n<\/li>\n<\/ol>\n<p><\/p>\n<p>MSDS<\/p>\n<p>\u0160ifra izdelka: 03940<\/p>","protected":false},"excerpt":{"rendered":"<p>TyreFix komplet za popravilo pnevmatik \u2014 predrtine ni v 5 minutah, brez vle\u010dne slu\u017ebe. T-ro\u010daji, gumijasti \u010depi in lepilo.<\/p>","protected":false},"featured_media":32567,"comment_status":"open","ping_status":"closed","template":"","meta":{"_uag_custom_page_level_css":""},"product_brand":[],"product_cat":[31],"product_tag":[],"class_list":{"0":"post-28190","1":"product","2":"type-product","3":"status-publish","4":"has-post-thumbnail","6":"product_cat-010-oprema","8":"first","9":"instock","10":"taxable","11":"shipping-taxable","12":"purchasable","13":"product-type-simple"},"uagb_featured_image_src":{"full":["https:\/\/optimate.si\/wp-content\/uploads\/2026\/05\/d0ffa061-2.jpg",1024,1024,false],"thumbnail":["https:\/\/optimate.si\/wp-content\/uploads\/2026\/05\/d0ffa061-2-150x150.jpg",150,150,true],"medium":["https:\/\/optimate.si\/wp-content\/uploads\/2026\/05\/d0ffa061-2-300x300.jpg",300,300,true],"medium_large":["https:\/\/optimate.si\/wp-content\/uploads\/2026\/05\/d0ffa061-2-768x768.jpg",768,768,true],"large":["https:\/\/optimate.si\/wp-content\/uploads\/2026\/05\/d0ffa061-2.jpg",980,980,false],"1536x1536":["https:\/\/optimate.si\/wp-content\/uploads\/2026\/05\/d0ffa061-2.jpg",1024,1024,false],"2048x2048":["https:\/\/optimate.si\/wp-content\/uploads\/2026\/05\/d0ffa061-2.jpg",1024,1024,false],"trp-custom-language-flag":["https:\/\/optimate.si\/wp-content\/uploads\/2026\/05\/d0ffa061-2-12x12.jpg",12,12,true],"woocommerce_thumbnail":["https:\/\/optimate.si\/wp-content\/uploads\/2026\/05\/d0ffa061-2-324x389.jpg",324,389,true],"woocommerce_single":["https:\/\/optimate.si\/wp-content\/uploads\/2026\/05\/d0ffa061-2-416x416.jpg",416,416,true],"woocommerce_gallery_thumbnail":["https:\/\/optimate.si\/wp-content\/uploads\/2026\/05\/d0ffa061-2-100x100.jpg",100,100,true]},"uagb_author_info":{"display_name":"sergey","author_link":"https:\/\/optimate.si\/hr\/author\/"},"uagb_comment_info":1,"uagb_excerpt":"TyreFix komplet za popravilo pnevmatik \u2014 predrtine ni v 5 minutah, brez vle\u010dne slu\u017ebe. T-ro\u010daji, gumijasti \u010depi in lepilo.","_links":{"self":[{"href":"https:\/\/optimate.si\/hr\/wp-json\/wp\/v2\/product\/28190","targetHints":{"allow":["GET"]}}],"collection":[{"href":"https:\/\/optimate.si\/hr\/wp-json\/wp\/v2\/product"}],"about":[{"href":"https:\/\/optimate.si\/hr\/wp-json\/wp\/v2\/types\/product"}],"replies":[{"embeddable":true,"href":"https:\/\/optimate.si\/hr\/wp-json\/wp\/v2\/comments?post=28190"}],"wp:featuredmedia":[{"embeddable":true,"href":"https:\/\/optimate.si\/hr\/wp-json\/wp\/v2\/media\/32567"}],"wp:attachment":[{"href":"https:\/\/optimate.si\/hr\/wp-json\/wp\/v2\/media?parent=28190"}],"wp:term":[{"taxonomy":"product_brand","embeddable":true,"href":"https:\/\/optimate.si\/hr\/wp-json\/wp\/v2\/product_brand?post=28190"},{"taxonomy":"product_cat","embeddable":true,"href":"https:\/\/optimate.si\/hr\/wp-json\/wp\/v2\/product_cat?post=28190"},{"taxonomy":"product_tag","embeddable":true,"href":"https:\/\/optimate.si\/hr\/wp-json\/wp\/v2\/product_tag?post=28190"}],"curies":[{"name":"wp","href":"https:\/\/api.w.org\/{rel}","templated":true}]}}