{"id":28406,"date":"2026-03-27T11:10:50","date_gmt":"2026-03-27T10:10:50","guid":{"rendered":"https:\/\/optimate.si\/product\/zollex-d2-balance-pena-20-l-18128\/"},"modified":"2026-05-07T14:41:36","modified_gmt":"2026-05-07T12:41:36","slug":"026zollex-d2-balance-pena-20-l-18128","status":"publish","type":"product","link":"https:\/\/optimate.si\/hr\/product\/026zollex-d2-balance-pena-20-l-18128\/","title":{"rendered":"BalanceFoam Aktivna pena za predpranje 20 L"},"content":{"rendered":"<h3>Aktivna pena za varno predpranje vozila<\/h3>\n<p><strong>BalanceFoam<\/strong> ustvarja gosto peno, ki dvigne umazanijo s povr\u0161ine brez praskanja in brez odstranjevanja voska ali kerami\u010dnih premazov.<\/p>\n<p>Primeren je za <strong>redno pranje<\/strong>.<\/p>\n<hr>\n<h3>Klju\u010dne lastnosti<\/h3>\n<p>\u2022 pH nevtralna formula (<strong>pH 7<\/strong>)<br \/>\u2022 Varno za keramiko, vosek in za\u0161\u010ditne premaze<br \/>\u2022 Gosta pena<\/p>\n<hr>\n<h3>Razmerje red\u010denja<\/h3>\n<p>\u2022 Vedro: <strong>1:200<\/strong><br \/>\u2022 Foam lance: <strong>1:7 \u2013 1:12<\/strong><br \/>\u2022 Penilnik: <strong>1:100 \u2013 1:200<\/strong><\/p>\n<hr>\n<h3>Uporaba<\/h3>\n<ol>\n<li>\n<p>Koncentrat <strong>razred\u010dite glede na na\u010din uporabe<\/strong>.<\/p>\n<\/li>\n<li>\n<p>Nanesite peno na vozilo<\/p>\n<\/li>\n<li>\n<p>Temeljito sperite s <strong>\u010disto vodo<\/strong>.<\/p>\n<\/li>\n<li>\n<p>Za najbolj\u0161i rezultat vozilo <strong>osu\u0161ite z Zollex PRO krpo.<\/strong><\/p>\n<p><a target=\"_blank\" rel=\"noopener noreferrer nofollow\" href=\"https:\/\/my.chemius.net\/p\/ncsZSc\/en\/pd\/en\">MSDS<\/a><\/p>\n<\/li>\n<\/ol>\n<p><\/p>\n<p>\u0160ifra izdelka: 04085<\/p>","protected":false},"excerpt":{"rendered":"<p>Ustvari gosto plast pene, ki zmeh\u010da in raztopi cestno umazanijo, insekte in ma\u0161\u010dobo \u0161e preden se dotaknete laka.<\/p>","protected":false},"featured_media":32624,"comment_status":"open","ping_status":"closed","template":"","meta":{"_uag_custom_page_level_css":""},"product_brand":[],"product_cat":[66],"product_tag":[],"class_list":{"0":"post-28406","1":"product","2":"type-product","3":"status-publish","4":"has-post-thumbnail","6":"product_cat-030-pranje","8":"first","9":"instock","10":"taxable","11":"shipping-taxable","12":"purchasable","13":"product-type-simple"},"uagb_featured_image_src":{"full":["https:\/\/optimate.si\/wp-content\/uploads\/2026\/05\/031fbad3.jpg",1024,1024,false],"thumbnail":["https:\/\/optimate.si\/wp-content\/uploads\/2026\/05\/031fbad3-150x150.jpg",150,150,true],"medium":["https:\/\/optimate.si\/wp-content\/uploads\/2026\/05\/031fbad3-300x300.jpg",300,300,true],"medium_large":["https:\/\/optimate.si\/wp-content\/uploads\/2026\/05\/031fbad3-768x768.jpg",768,768,true],"large":["https:\/\/optimate.si\/wp-content\/uploads\/2026\/05\/031fbad3.jpg",980,980,false],"1536x1536":["https:\/\/optimate.si\/wp-content\/uploads\/2026\/05\/031fbad3.jpg",1024,1024,false],"2048x2048":["https:\/\/optimate.si\/wp-content\/uploads\/2026\/05\/031fbad3.jpg",1024,1024,false],"trp-custom-language-flag":["https:\/\/optimate.si\/wp-content\/uploads\/2026\/05\/031fbad3-12x12.jpg",12,12,true],"woocommerce_thumbnail":["https:\/\/optimate.si\/wp-content\/uploads\/2026\/05\/031fbad3-324x389.jpg",324,389,true],"woocommerce_single":["https:\/\/optimate.si\/wp-content\/uploads\/2026\/05\/031fbad3-416x416.jpg",416,416,true],"woocommerce_gallery_thumbnail":["https:\/\/optimate.si\/wp-content\/uploads\/2026\/05\/031fbad3-100x100.jpg",100,100,true]},"uagb_author_info":{"display_name":"sergey","author_link":"https:\/\/optimate.si\/hr\/author\/"},"uagb_comment_info":1,"uagb_excerpt":"Ustvari gosto plast pene, ki zmeh\u010da in raztopi cestno umazanijo, insekte in ma\u0161\u010dobo \u0161e preden se dotaknete laka.","_links":{"self":[{"href":"https:\/\/optimate.si\/hr\/wp-json\/wp\/v2\/product\/28406","targetHints":{"allow":["GET"]}}],"collection":[{"href":"https:\/\/optimate.si\/hr\/wp-json\/wp\/v2\/product"}],"about":[{"href":"https:\/\/optimate.si\/hr\/wp-json\/wp\/v2\/types\/product"}],"replies":[{"embeddable":true,"href":"https:\/\/optimate.si\/hr\/wp-json\/wp\/v2\/comments?post=28406"}],"wp:featuredmedia":[{"embeddable":true,"href":"https:\/\/optimate.si\/hr\/wp-json\/wp\/v2\/media\/32624"}],"wp:attachment":[{"href":"https:\/\/optimate.si\/hr\/wp-json\/wp\/v2\/media?parent=28406"}],"wp:term":[{"taxonomy":"product_brand","embeddable":true,"href":"https:\/\/optimate.si\/hr\/wp-json\/wp\/v2\/product_brand?post=28406"},{"taxonomy":"product_cat","embeddable":true,"href":"https:\/\/optimate.si\/hr\/wp-json\/wp\/v2\/product_cat?post=28406"},{"taxonomy":"product_tag","embeddable":true,"href":"https:\/\/optimate.si\/hr\/wp-json\/wp\/v2\/product_tag?post=28406"}],"curies":[{"name":"wp","href":"https:\/\/api.w.org\/{rel}","templated":true}]}}