{"id":28422,"date":"2026-03-27T21:33:37","date_gmt":"2026-03-27T20:33:37","guid":{"rendered":"https:\/\/optimate.si\/?post_type=product&#038;p=28422"},"modified":"2026-05-09T16:42:23","modified_gmt":"2026-05-09T14:42:23","slug":"060-essential-kit-b2c","status":"publish","type":"product","link":"https:\/\/optimate.si\/hr\/product\/060-essential-kit-b2c\/","title":{"rendered":"Essential Kit"},"content":{"rendered":"<p><img decoding=\"async\" class=\"aligncenter\" src=\"https:\/\/optimate.si\/wp-content\/uploads\/2026\/03\/70b7aa01-4-416x416.jpg\" alt=\"ZOLLEX Varnostni trikotnik (EURO) - slika 4\" \/><\/p>\n<p>V okvari ali nesre\u010di ima\u0161 sekunde, ne minute. Odsevni varnostni trikotnik te naredi vidnega preden je prepozno. Stabilna konstrukcija ter kompaktna oblika za prtlja\u017enik. Obvezen po zakonu, nujen v praksi.<\/p>\n<p><img decoding=\"async\" class=\"aligncenter\" src=\"https:\/\/optimate.si\/wp-content\/uploads\/2026\/03\/beec225a-1-416x416.jpg\" alt=\"ZOLLEX Vle\u010dni trak 5t 5m (vre\u010dka) - slika 2\" \/><\/p>\n<p>5-metrska vle\u010dna vrv z nosilnostjo 5.000 kg pokrije vse od osebnih vozil do kombijev. Vzdr\u017eljiv poliesterski trak, kavlja na obeh koncih in priro\u010dna vre\u010dka za shranjevanje.<\/p>\n<p><img decoding=\"async\" class=\"aligncenter\" src=\"https:\/\/optimate.si\/wp-content\/uploads\/2026\/03\/0150c876-1-416x416.jpg\" alt=\"ZOLLEX Komplet za popravilo pnevmatik - slika 7\" \/><\/p>\n<p>Predrtje pnevmatike ne pomeni konec poti. S \u0161ilom, tesnilnimi trakovi in gumijastim cementom jo popravi\u0161 v minutah \u2014 brez dvigalke, brez rezervnega kolesa, brez vleke. Vstavi, zatesni, nadaljuj vo\u017enjo.<\/p>\n<p><img decoding=\"async\" class=\"aligncenter\" src=\"https:\/\/optimate.si\/wp-content\/uploads\/2026\/03\/dcff51bb-1-416x416.jpg\" alt=\"ZOLLEX Varnostni brezrokavnik (ZELEN) 120g 12034\" \/><\/p>\n<p>Odsevni jopi\u010d poskrbi, da si viden podnevi in pono\u010di. Univerzalna velikost. Obvezna oprema po prometnih predpisih.<\/p>","protected":false},"excerpt":{"rendered":"<p>\u0160tiri stvari, za katere upa\u0161, da jih nikoli ne bo\u0161 potreboval \u2014 a jih mora\u0161 imeti vedno s seboj. Varnostni trikotnik, odsevni jopi\u010d , vle\u010dna vrv ter komplet za popravilo pnevmatik so osnova vsakega avtomobila. Kompakten, pripravljen, vedno v prtlja\u017eniku.<\/p>","protected":false},"featured_media":28423,"comment_status":"open","ping_status":"closed","template":"","meta":{"_uag_custom_page_level_css":""},"product_brand":[],"product_cat":[68,31],"product_tag":[],"class_list":{"0":"post-28422","1":"product","2":"type-product","3":"status-publish","4":"has-post-thumbnail","6":"product_cat-0-kompleti-b2c","7":"product_cat-010-oprema","9":"first","10":"instock","11":"sale","12":"taxable","13":"shipping-taxable","14":"purchasable","15":"product-type-easy_product_bundle"},"uagb_featured_image_src":{"full":["https:\/\/optimate.si\/wp-content\/uploads\/2026\/03\/unnamed-2-6.jpg",1024,1024,false],"thumbnail":["https:\/\/optimate.si\/wp-content\/uploads\/2026\/03\/unnamed-2-6-150x150.jpg",150,150,true],"medium":["https:\/\/optimate.si\/wp-content\/uploads\/2026\/03\/unnamed-2-6-300x300.jpg",300,300,true],"medium_large":["https:\/\/optimate.si\/wp-content\/uploads\/2026\/03\/unnamed-2-6-768x768.jpg",768,768,true],"large":["https:\/\/optimate.si\/wp-content\/uploads\/2026\/03\/unnamed-2-6.jpg",980,980,false],"1536x1536":["https:\/\/optimate.si\/wp-content\/uploads\/2026\/03\/unnamed-2-6.jpg",1024,1024,false],"2048x2048":["https:\/\/optimate.si\/wp-content\/uploads\/2026\/03\/unnamed-2-6.jpg",1024,1024,false],"trp-custom-language-flag":["https:\/\/optimate.si\/wp-content\/uploads\/2026\/03\/unnamed-2-6.jpg",12,12,false],"woocommerce_thumbnail":["https:\/\/optimate.si\/wp-content\/uploads\/2026\/03\/unnamed-2-6-324x389.jpg",324,389,true],"woocommerce_single":["https:\/\/optimate.si\/wp-content\/uploads\/2026\/03\/unnamed-2-6-416x416.jpg",416,416,true],"woocommerce_gallery_thumbnail":["https:\/\/optimate.si\/wp-content\/uploads\/2026\/03\/unnamed-2-6-100x100.jpg",100,100,true]},"uagb_author_info":{"display_name":"sergey","author_link":"https:\/\/optimate.si\/hr\/author\/"},"uagb_comment_info":1,"uagb_excerpt":"\u0160tiri stvari, za katere upa\u0161, da jih nikoli ne bo\u0161 potreboval \u2014 a jih mora\u0161 imeti vedno s seboj. Varnostni trikotnik, odsevni jopi\u010d , vle\u010dna vrv ter komplet za popravilo pnevmatik so osnova vsakega avtomobila. Kompakten, pripravljen, vedno v prtlja\u017eniku.","_links":{"self":[{"href":"https:\/\/optimate.si\/hr\/wp-json\/wp\/v2\/product\/28422","targetHints":{"allow":["GET"]}}],"collection":[{"href":"https:\/\/optimate.si\/hr\/wp-json\/wp\/v2\/product"}],"about":[{"href":"https:\/\/optimate.si\/hr\/wp-json\/wp\/v2\/types\/product"}],"replies":[{"embeddable":true,"href":"https:\/\/optimate.si\/hr\/wp-json\/wp\/v2\/comments?post=28422"}],"wp:featuredmedia":[{"embeddable":true,"href":"https:\/\/optimate.si\/hr\/wp-json\/wp\/v2\/media\/28423"}],"wp:attachment":[{"href":"https:\/\/optimate.si\/hr\/wp-json\/wp\/v2\/media?parent=28422"}],"wp:term":[{"taxonomy":"product_brand","embeddable":true,"href":"https:\/\/optimate.si\/hr\/wp-json\/wp\/v2\/product_brand?post=28422"},{"taxonomy":"product_cat","embeddable":true,"href":"https:\/\/optimate.si\/hr\/wp-json\/wp\/v2\/product_cat?post=28422"},{"taxonomy":"product_tag","embeddable":true,"href":"https:\/\/optimate.si\/hr\/wp-json\/wp\/v2\/product_tag?post=28422"}],"curies":[{"name":"wp","href":"https:\/\/api.w.org\/{rel}","templated":true}]}}