{"id":286,"date":"2025-12-07T23:45:08","date_gmt":"2025-12-07T22:45:08","guid":{"rendered":"https:\/\/optimate.si\/product\/sinteticna-krpa-jelenja-koza-mala-ztf-009\/"},"modified":"2026-05-05T14:42:46","modified_gmt":"2026-05-05T12:42:46","slug":"055sinteticna-krpa-jelenja-koza-mala-ztf-009","status":"publish","type":"product","link":"https:\/\/optimate.si\/hr\/product\/055sinteticna-krpa-jelenja-koza-mala-ztf-009\/","title":{"rendered":"Krpa iz jelenje ko\u017ee mala"},"content":{"rendered":"<h3>Krpa za profesionalno su\u0161enje povr\u0161in: 32 \u00d7 42,5 cm.<\/h3>\n<p>Pozabite na navadne krpe, ki pu\u0161\u010dajo proge in zahtevajo ve\u010dkratno brisanje. Jelenja ko\u017ea vpije vodo takoj, je dovolj ne\u017ena za lak in steklo ter ostane mehka in pro\u017ena tudi po dolgi uporabi.<\/p>\n<p><strong>Zakaj jelenja ko\u017ea?<\/strong><\/p>\n<ul>\n<li>\n<p> <strong>Izjemna vpojnost<\/strong> \u2014 vpije ve\u010dkratnik lastne te\u017ee <\/p>\n<\/li>\n<li>\n<p><strong>Brez prog in made\u017eev<\/strong> in ne pu\u0161\u010da sledi.<\/p>\n<\/li>\n<li>\n<p><strong>Ne\u017ena do laka in stekla<\/strong><\/p>\n<\/li>\n<li>\n<p><strong>Dolgotrajna in ve\u010dkrat uporabna<\/strong> <\/p>\n<\/li>\n<li>\n<p><strong>Prilo\u017eena za\u0161\u010ditna embala\u017ea<\/strong> za prakti\u010dno shranjevanje<\/p>\n<\/li>\n<\/ul>\n<p>\u0160ifra izdelka: 02344<\/p>","protected":false},"excerpt":{"rendered":"<p>Krpa iz jelenje ko\u017ee vpije vodo brez prog in brez made\u017eev. <\/p>","protected":false},"featured_media":32186,"comment_status":"open","ping_status":"closed","template":"","meta":{"_uag_custom_page_level_css":""},"product_brand":[],"product_cat":[20],"product_tag":[],"class_list":{"0":"post-286","1":"product","2":"type-product","3":"status-publish","4":"has-post-thumbnail","6":"product_cat-040-krpe","8":"first","9":"outofstock","10":"taxable","11":"shipping-taxable","12":"purchasable","13":"product-type-simple"},"uagb_featured_image_src":{"full":["https:\/\/optimate.si\/wp-content\/uploads\/2026\/05\/98dad3bb.jpg",1500,1500,false],"thumbnail":["https:\/\/optimate.si\/wp-content\/uploads\/2026\/05\/98dad3bb-150x150.jpg",150,150,true],"medium":["https:\/\/optimate.si\/wp-content\/uploads\/2026\/05\/98dad3bb-300x300.jpg",300,300,true],"medium_large":["https:\/\/optimate.si\/wp-content\/uploads\/2026\/05\/98dad3bb-768x768.jpg",768,768,true],"large":["https:\/\/optimate.si\/wp-content\/uploads\/2026\/05\/98dad3bb-1024x1024.jpg",980,980,true],"1536x1536":["https:\/\/optimate.si\/wp-content\/uploads\/2026\/05\/98dad3bb.jpg",1500,1500,false],"2048x2048":["https:\/\/optimate.si\/wp-content\/uploads\/2026\/05\/98dad3bb.jpg",1500,1500,false],"trp-custom-language-flag":["https:\/\/optimate.si\/wp-content\/uploads\/2026\/05\/98dad3bb-12x12.jpg",12,12,true],"woocommerce_thumbnail":["https:\/\/optimate.si\/wp-content\/uploads\/2026\/05\/98dad3bb-324x389.jpg",324,389,true],"woocommerce_single":["https:\/\/optimate.si\/wp-content\/uploads\/2026\/05\/98dad3bb-416x416.jpg",416,416,true],"woocommerce_gallery_thumbnail":["https:\/\/optimate.si\/wp-content\/uploads\/2026\/05\/98dad3bb-100x100.jpg",100,100,true]},"uagb_author_info":{"display_name":"sergey","author_link":"https:\/\/optimate.si\/hr\/author\/"},"uagb_comment_info":1,"uagb_excerpt":"Krpa iz jelenje ko\u017ee vpije vodo brez prog in brez made\u017eev.","_links":{"self":[{"href":"https:\/\/optimate.si\/hr\/wp-json\/wp\/v2\/product\/286","targetHints":{"allow":["GET"]}}],"collection":[{"href":"https:\/\/optimate.si\/hr\/wp-json\/wp\/v2\/product"}],"about":[{"href":"https:\/\/optimate.si\/hr\/wp-json\/wp\/v2\/types\/product"}],"replies":[{"embeddable":true,"href":"https:\/\/optimate.si\/hr\/wp-json\/wp\/v2\/comments?post=286"}],"wp:featuredmedia":[{"embeddable":true,"href":"https:\/\/optimate.si\/hr\/wp-json\/wp\/v2\/media\/32186"}],"wp:attachment":[{"href":"https:\/\/optimate.si\/hr\/wp-json\/wp\/v2\/media?parent=286"}],"wp:term":[{"taxonomy":"product_brand","embeddable":true,"href":"https:\/\/optimate.si\/hr\/wp-json\/wp\/v2\/product_brand?post=286"},{"taxonomy":"product_cat","embeddable":true,"href":"https:\/\/optimate.si\/hr\/wp-json\/wp\/v2\/product_cat?post=286"},{"taxonomy":"product_tag","embeddable":true,"href":"https:\/\/optimate.si\/hr\/wp-json\/wp\/v2\/product_tag?post=286"}],"curies":[{"name":"wp","href":"https:\/\/api.w.org\/{rel}","templated":true}]}}