{"id":290,"date":"2025-12-07T23:45:11","date_gmt":"2025-12-07T22:45:11","guid":{"rendered":"https:\/\/optimate.si\/product\/zollex-loscilo-za-armaturo-200ml-limona-cockpit-cleaner\/"},"modified":"2026-05-06T13:21:09","modified_gmt":"2026-05-06T11:21:09","slug":"zollex-loscilo-za-armaturo-200ml-limona-cockpit-cleaner","status":"publish","type":"product","link":"https:\/\/optimate.si\/hr\/product\/zollex-loscilo-za-armaturo-200ml-limona-cockpit-cleaner\/","title":{"rendered":"Lo\u0161\u010dilo za armaturo 200ml (LIMONA) \/ Cockpit cleaner"},"content":{"rendered":"<p>Lo\u0161\u010dilo ZOLLEX poskrbi za plasti\u010dne dele avtomobila. Uporablja se za \u010di\u0161\u010denje in obnavljanje razli\u010dnih delov (pokrovov, armaturne plo\u0161\u010de, nepobarvanih odbija\u010dev, gumijastih in plasti\u010dnih za\u0161\u010ditnih lokov ter drugih elementov iz plastike in vinila).<br \/>U\u010dinkovito \u010disti umazane in razpokane povr\u0161ine, saj pronica v najmanj\u0161e re\u017ee na povr\u0161ini elementov in iz njih iztisne umazanijo. Obnavlja zunanji videz plastike, povr\u0161ini daje mehek sijaj in izbolj\u0161uje antistati\u010dne lastnosti, kar onemogo\u010da nalaganje prahu.<br \/>Na voljo v 200ml <br \/>ter v razli\u010dnih vonjih:<br \/>Zeleno jabolko, vrtnica, vanilija, nov avto, limona, kolonjska, jagoda in \u010de\u0161nja.<\/p>\n<p>(\u0161t. v kartonu 24)<\/p>\n<p><a target=\"_blank\" rel=\"noopener noreferrer nofollow\" href=\"https:\/\/my.chemius.net\/p\/QrIwp4\/en\/pd\/en\">MSDS<\/a><\/p>\n<p>\u0160ifra izdelka: 02437<\/p>","protected":false},"excerpt":{"rendered":"<p>Lo\u0161\u010dilo ZOLLEX poskrbi za plasti\u010dne dele avtomobila<\/p>","protected":false},"featured_media":32414,"comment_status":"open","ping_status":"closed","template":"","meta":{"_uag_custom_page_level_css":""},"product_brand":[],"product_cat":[30],"product_tag":[],"class_list":{"0":"post-290","1":"product","2":"type-product","3":"status-publish","4":"has-post-thumbnail","6":"product_cat-04-cockpit","8":"first","9":"instock","10":"taxable","11":"shipping-taxable","12":"purchasable","13":"product-type-simple"},"uagb_featured_image_src":{"full":["https:\/\/optimate.si\/wp-content\/uploads\/2026\/05\/33c36c47-1.jpg",1024,1024,false],"thumbnail":["https:\/\/optimate.si\/wp-content\/uploads\/2026\/05\/33c36c47-1-150x150.jpg",150,150,true],"medium":["https:\/\/optimate.si\/wp-content\/uploads\/2026\/05\/33c36c47-1-300x300.jpg",300,300,true],"medium_large":["https:\/\/optimate.si\/wp-content\/uploads\/2026\/05\/33c36c47-1-768x768.jpg",768,768,true],"large":["https:\/\/optimate.si\/wp-content\/uploads\/2026\/05\/33c36c47-1.jpg",980,980,false],"1536x1536":["https:\/\/optimate.si\/wp-content\/uploads\/2026\/05\/33c36c47-1.jpg",1024,1024,false],"2048x2048":["https:\/\/optimate.si\/wp-content\/uploads\/2026\/05\/33c36c47-1.jpg",1024,1024,false],"trp-custom-language-flag":["https:\/\/optimate.si\/wp-content\/uploads\/2026\/05\/33c36c47-1-12x12.jpg",12,12,true],"woocommerce_thumbnail":["https:\/\/optimate.si\/wp-content\/uploads\/2026\/05\/33c36c47-1-324x389.jpg",324,389,true],"woocommerce_single":["https:\/\/optimate.si\/wp-content\/uploads\/2026\/05\/33c36c47-1-416x416.jpg",416,416,true],"woocommerce_gallery_thumbnail":["https:\/\/optimate.si\/wp-content\/uploads\/2026\/05\/33c36c47-1-100x100.jpg",100,100,true]},"uagb_author_info":{"display_name":"sergey","author_link":"https:\/\/optimate.si\/hr\/author\/"},"uagb_comment_info":0,"uagb_excerpt":"Lo\u0161\u010dilo ZOLLEX poskrbi za plasti\u010dne dele avtomobila","_links":{"self":[{"href":"https:\/\/optimate.si\/hr\/wp-json\/wp\/v2\/product\/290","targetHints":{"allow":["GET"]}}],"collection":[{"href":"https:\/\/optimate.si\/hr\/wp-json\/wp\/v2\/product"}],"about":[{"href":"https:\/\/optimate.si\/hr\/wp-json\/wp\/v2\/types\/product"}],"replies":[{"embeddable":true,"href":"https:\/\/optimate.si\/hr\/wp-json\/wp\/v2\/comments?post=290"}],"wp:featuredmedia":[{"embeddable":true,"href":"https:\/\/optimate.si\/hr\/wp-json\/wp\/v2\/media\/32414"}],"wp:attachment":[{"href":"https:\/\/optimate.si\/hr\/wp-json\/wp\/v2\/media?parent=290"}],"wp:term":[{"taxonomy":"product_brand","embeddable":true,"href":"https:\/\/optimate.si\/hr\/wp-json\/wp\/v2\/product_brand?post=290"},{"taxonomy":"product_cat","embeddable":true,"href":"https:\/\/optimate.si\/hr\/wp-json\/wp\/v2\/product_cat?post=290"},{"taxonomy":"product_tag","embeddable":true,"href":"https:\/\/optimate.si\/hr\/wp-json\/wp\/v2\/product_tag?post=290"}],"curies":[{"name":"wp","href":"https:\/\/api.w.org\/{rel}","templated":true}]}}