{"id":29568,"date":"2026-04-04T16:30:50","date_gmt":"2026-04-04T14:30:50","guid":{"rendered":"https:\/\/optimate.si\/product\/odstranjevalec-nalepk-450ml-15119\/"},"modified":"2026-05-09T16:42:12","modified_gmt":"2026-05-09T14:42:12","slug":"050odstranjevalec-nalepk-450ml-15119","status":"publish","type":"product","link":"https:\/\/optimate.si\/hr\/product\/050odstranjevalec-nalepk-450ml-15119\/","title":{"rendered":"StickerOff odstrani nalepke in lepilo"},"content":{"rendered":"<p><strong>Nalepka gre brez sledi.<\/strong><\/p>\n<p>StickerOff v trenutku raztopi nalepke in ostanke lepil \u2014 brez praske, brez sledi. Pozabite na drgnjenje z nohtom. Razpr\u0161ite, po\u010dakajte minuto, odlepite.<\/p>\n<p><strong>Zakaj <\/strong>StickerOff<strong>?<\/strong><\/p>\n<ul>\n<li>\n<p><strong>Takoj\u0161nje delovanje<\/strong> \u2014 prodre pod lepilo in ga razgradi v manj kot minuti.<\/p>\n<\/li>\n<li>\n<p><strong>Brez ostankov<\/strong> \u2014 hitro izhlapevanje pusti povr\u0161ino \u010disto in gladko.<\/p>\n<\/li>\n<li>\n<p><strong>Varen za vse povr\u0161ine<\/strong> \u2014 barva, lak, steklo, kovina, plastika, pisarni\u0161ka oprema.<\/p>\n<\/li>\n<li>\n<p><strong>Plasti\u010dno strgalo v kompletu<\/strong> \u2014 za odstranjevanje nalepk brez praske.<\/p>\n<\/li>\n<\/ul>\n<hr>\n<p><strong>Navodila za uporabo:<\/strong><\/p>\n<ol>\n<li>\n<p>Pretresite plo\u010devinko 450ml.<\/p>\n<\/li>\n<li>\n<p>Razpr\u0161ite in pustite delovati do 1 minute.<\/p>\n<\/li>\n<li>\n<p>S prilo\u017eenim strgalom ne\u017eno dvignite rob nalepke in po\u010dasi odlepite.<\/p>\n<\/li>\n<li>\n<p>Ostanke obri\u0161ite z mehko krpo.<\/p>\n<\/li>\n<\/ol>\n<p>&nbsp;<\/p>\n<p><a target=\"_blank\" rel=\"noopener noreferrer nofollow\" href=\"https:\/\/my.chemius.net\/v2\/ch\/products\/overview\/161627\/sds\/view\">MSDS<\/a><\/p>\n<p>\u0160ifra izdelka: 04109<\/p>","protected":false},"excerpt":{"rendered":"<p>Prask?\u0161 nalepko \u017ee 10 minut? StickerOff to re\u0161i v 1 minuti.<\/p>","protected":false},"featured_media":32791,"comment_status":"open","ping_status":"closed","template":"","meta":{"_uag_custom_page_level_css":""},"product_brand":[],"product_cat":[65],"product_tag":[],"class_list":{"0":"post-29568","1":"product","2":"type-product","3":"status-publish","4":"has-post-thumbnail","6":"product_cat-02-vzdrzevalni-spreji","8":"first","9":"instock","10":"taxable","11":"shipping-taxable","12":"purchasable","13":"product-type-simple"},"uagb_featured_image_src":{"full":["https:\/\/optimate.si\/wp-content\/uploads\/2026\/05\/bec0ac56-3.jpg",1024,1024,false],"thumbnail":["https:\/\/optimate.si\/wp-content\/uploads\/2026\/05\/bec0ac56-3-150x150.jpg",150,150,true],"medium":["https:\/\/optimate.si\/wp-content\/uploads\/2026\/05\/bec0ac56-3-300x300.jpg",300,300,true],"medium_large":["https:\/\/optimate.si\/wp-content\/uploads\/2026\/05\/bec0ac56-3-768x768.jpg",768,768,true],"large":["https:\/\/optimate.si\/wp-content\/uploads\/2026\/05\/bec0ac56-3.jpg",980,980,false],"1536x1536":["https:\/\/optimate.si\/wp-content\/uploads\/2026\/05\/bec0ac56-3.jpg",1024,1024,false],"2048x2048":["https:\/\/optimate.si\/wp-content\/uploads\/2026\/05\/bec0ac56-3.jpg",1024,1024,false],"trp-custom-language-flag":["https:\/\/optimate.si\/wp-content\/uploads\/2026\/05\/bec0ac56-3-12x12.jpg",12,12,true],"woocommerce_thumbnail":["https:\/\/optimate.si\/wp-content\/uploads\/2026\/05\/bec0ac56-3-324x389.jpg",324,389,true],"woocommerce_single":["https:\/\/optimate.si\/wp-content\/uploads\/2026\/05\/bec0ac56-3-416x416.jpg",416,416,true],"woocommerce_gallery_thumbnail":["https:\/\/optimate.si\/wp-content\/uploads\/2026\/05\/bec0ac56-3-100x100.jpg",100,100,true]},"uagb_author_info":{"display_name":"sergey","author_link":"https:\/\/optimate.si\/hr\/author\/"},"uagb_comment_info":1,"uagb_excerpt":"Prask?\u0161 nalepko \u017ee 10 minut? StickerOff to re\u0161i v 1 minuti.","_links":{"self":[{"href":"https:\/\/optimate.si\/hr\/wp-json\/wp\/v2\/product\/29568","targetHints":{"allow":["GET"]}}],"collection":[{"href":"https:\/\/optimate.si\/hr\/wp-json\/wp\/v2\/product"}],"about":[{"href":"https:\/\/optimate.si\/hr\/wp-json\/wp\/v2\/types\/product"}],"replies":[{"embeddable":true,"href":"https:\/\/optimate.si\/hr\/wp-json\/wp\/v2\/comments?post=29568"}],"wp:featuredmedia":[{"embeddable":true,"href":"https:\/\/optimate.si\/hr\/wp-json\/wp\/v2\/media\/32791"}],"wp:attachment":[{"href":"https:\/\/optimate.si\/hr\/wp-json\/wp\/v2\/media?parent=29568"}],"wp:term":[{"taxonomy":"product_brand","embeddable":true,"href":"https:\/\/optimate.si\/hr\/wp-json\/wp\/v2\/product_brand?post=29568"},{"taxonomy":"product_cat","embeddable":true,"href":"https:\/\/optimate.si\/hr\/wp-json\/wp\/v2\/product_cat?post=29568"},{"taxonomy":"product_tag","embeddable":true,"href":"https:\/\/optimate.si\/hr\/wp-json\/wp\/v2\/product_tag?post=29568"}],"curies":[{"name":"wp","href":"https:\/\/api.w.org\/{rel}","templated":true}]}}