{"id":31935,"date":"2026-05-02T15:10:00","date_gmt":"2026-05-02T13:10:00","guid":{"rendered":"https:\/\/optimate.si\/?post_type=product&#038;p=31935"},"modified":"2026-05-10T19:48:54","modified_gmt":"2026-05-10T17:48:54","slug":"full-car-kit","status":"publish","type":"product","link":"https:\/\/optimate.si\/hr\/product\/full-car-kit\/","title":{"rendered":"Full car kit"},"content":{"rendered":"<p><iframe loading=\"lazy\" title=\"YouTube video player\" src=\"https:\/\/www.youtube.com\/embed\/lxbMxXoqYT4?start=24\" width=\"100%\" height=\"400\" frameborder=\"0\" allowfullscreen=\"allowfullscreen\"><\/iframe><\/p>\n<p><strong data-start=\"216\" data-end=\"282\">RED \u010distilo plati\u0161\u010d <\/strong>hitro odstrani <strong data-start=\"235\" data-end=\"291\">zavorni prah, kovinske delce in umazanijo<\/strong>. Idealno za <strong data-start=\"402\" data-end=\"458\">temeljito \u010di\u0161\u010denje aluminijastih in jeklenih plati\u0161\u010d<\/strong> ter profesionalni <strong data-start=\"477\" data-end=\"494\">car detailing<\/strong>.<br \/>\n<iframe loading=\"lazy\" title=\"YouTube video player\" src=\"https:\/\/www.youtube.com\/embed\/d9jqTu4MIvA\" width=\"100%\" height=\"400\" frameborder=\"0\" allowfullscreen=\"allowfullscreen\"><\/iframe><\/p>\n<p data-start=\"85\" data-end=\"125\"><strong data-start=\"85\" data-end=\"125\">Extream black tire <\/strong>obnovi videz pnevmatik ter jim povrne <strong data-start=\"177\" data-end=\"219\">globoko \u010drno barvo z mat efektom<\/strong>. Sprej hkrati <strong data-start=\"236\" data-end=\"279\">\u0161\u010diti gumo pred izsu\u0161itvijo in pokanjem<\/strong>, zato pnevmatike ostanejo dlje \u010dasa kot nove.<\/p>\n<p><iframe loading=\"lazy\" title=\"YouTube video player\" src=\"https:\/\/www.youtube.com\/embed\/XFJVMn0qpms\" width=\"100%\" height=\"400\" frameborder=\"0\" allowfullscreen=\"allowfullscreen\" data-mce-fragment=\"1\"><span data-mce-type=\"bookmark\" style=\"display: inline-block; width: 0px; overflow: hidden; line-height: 0;\" class=\"mce_SELRES_start\"><\/span><span data-mce-type=\"bookmark\" style=\"display: inline-block; width: 0px; overflow: hidden; line-height: 0;\" class=\"mce_SELRES_start\"><\/span><br \/>\n<\/iframe><\/p>\n<p><strong>TwistedDry vpojna krpa <\/strong>hitro vpije vodo in pusti povr\u0161ino brez lis. Mehka vlakna omogo\u010dajo <strong>varno su\u0161enje laka brez prask<\/strong>, zato je idealna za <strong>uporabo po pranju.<\/strong><\/p>\n<p data-start=\"69\" data-end=\"107\"><img loading=\"lazy\" decoding=\"async\" class=\"aligncenter\" src=\"https:\/\/zollex.si\/wp-content\/uploads\/2025\/08\/Plastic_cleaner_ph_3-750x750.jpg\" width=\"425\" height=\"425\" \/><\/p>\n<p data-start=\"163\" data-end=\"217\"><strong data-start=\"163\" data-end=\"217\">\u010cistilo za armaturo in plasti\u010dne dele vozila <\/strong>odstrani <strong data-start=\"313\" data-end=\"343\">prah in ma\u0161\u010dobo <\/strong>ter povrne \u010dist videz brez lis.<\/p>\n<p data-start=\"163\" data-end=\"217\"><img decoding=\"async\" class=\"aligncenter\" src=\"https:\/\/optimate.si\/wp-content\/uploads\/2026\/04\/609edbd0-7-416x416.jpg\" alt=\"Glass Cleaner - slika 5\" \/><\/p>\n<p data-start=\"163\" data-end=\"217\">\u010cistilo za avtomobilska stekla. Po \u010di\u0161\u010denju ustvari tudi rahlo vodoodporen u\u010dinek, ki pomaga zmanj\u0161ati zameglitev stekla in izbolj\u0161a vidljivost.<\/p>","protected":false},"excerpt":{"rendered":"<p>RED \u010distilo plati\u0161\u010d hitro odstrani zavorni prah, kovinske delce in umazanijo. Idealno za temeljito \u010di\u0161\u010denje aluminijastih in jeklenih plati\u0161\u010d ter profesionalni car detailing. Extream black tire obnovi videz pnevmatik ter jim povrne globoko \u010drno barvo z mat efektom. Sprej hkrati \u0161\u010diti gumo pred izsu\u0161itvijo in pokanjem, zato pnevmatike ostanejo dlje \u010dasa kot nove. \ufeff\ufeff TwistedDry [&hellip;]<\/p>\n","protected":false},"featured_media":31936,"comment_status":"open","ping_status":"closed","template":"","meta":{"_uag_custom_page_level_css":""},"product_brand":[],"product_cat":[68],"product_tag":[],"class_list":{"0":"post-31935","1":"product","2":"type-product","3":"status-publish","4":"has-post-thumbnail","6":"product_cat-0-kompleti-b2c","8":"first","9":"instock","10":"sale","11":"taxable","12":"shipping-taxable","13":"purchasable","14":"product-type-easy_product_bundle"},"uagb_featured_image_src":{"full":["https:\/\/optimate.si\/wp-content\/uploads\/2026\/05\/Gemini_Generated_Image_f6z83nf6z83nf6z8.png",2048,2048,false],"thumbnail":["https:\/\/optimate.si\/wp-content\/uploads\/2026\/05\/Gemini_Generated_Image_f6z83nf6z83nf6z8-150x150.png",150,150,true],"medium":["https:\/\/optimate.si\/wp-content\/uploads\/2026\/05\/Gemini_Generated_Image_f6z83nf6z83nf6z8-300x300.png",300,300,true],"medium_large":["https:\/\/optimate.si\/wp-content\/uploads\/2026\/05\/Gemini_Generated_Image_f6z83nf6z83nf6z8-768x768.png",768,768,true],"large":["https:\/\/optimate.si\/wp-content\/uploads\/2026\/05\/Gemini_Generated_Image_f6z83nf6z83nf6z8-1024x1024.png",980,980,true],"1536x1536":["https:\/\/optimate.si\/wp-content\/uploads\/2026\/05\/Gemini_Generated_Image_f6z83nf6z83nf6z8-1536x1536.png",1536,1536,true],"2048x2048":["https:\/\/optimate.si\/wp-content\/uploads\/2026\/05\/Gemini_Generated_Image_f6z83nf6z83nf6z8.png",2048,2048,false],"trp-custom-language-flag":["https:\/\/optimate.si\/wp-content\/uploads\/2026\/05\/Gemini_Generated_Image_f6z83nf6z83nf6z8-12x12.png",12,12,true],"woocommerce_thumbnail":["https:\/\/optimate.si\/wp-content\/uploads\/2026\/05\/Gemini_Generated_Image_f6z83nf6z83nf6z8-324x389.png",324,389,true],"woocommerce_single":["https:\/\/optimate.si\/wp-content\/uploads\/2026\/05\/Gemini_Generated_Image_f6z83nf6z83nf6z8-416x416.png",416,416,true],"woocommerce_gallery_thumbnail":["https:\/\/optimate.si\/wp-content\/uploads\/2026\/05\/Gemini_Generated_Image_f6z83nf6z83nf6z8-100x100.png",100,100,true]},"uagb_author_info":{"display_name":"sergey","author_link":"https:\/\/optimate.si\/hr\/author\/"},"uagb_comment_info":1,"uagb_excerpt":"RED \u010distilo plati\u0161\u010d hitro odstrani zavorni prah, kovinske delce in umazanijo. Idealno za temeljito \u010di\u0161\u010denje aluminijastih in jeklenih plati\u0161\u010d ter profesionalni car detailing. Extream black tire obnovi videz pnevmatik ter jim povrne globoko \u010drno barvo z mat efektom. Sprej hkrati \u0161\u010diti gumo pred izsu\u0161itvijo in pokanjem, zato pnevmatike ostanejo dlje \u010dasa kot nove. \ufeff\ufeff TwistedDry&hellip;","_links":{"self":[{"href":"https:\/\/optimate.si\/hr\/wp-json\/wp\/v2\/product\/31935","targetHints":{"allow":["GET"]}}],"collection":[{"href":"https:\/\/optimate.si\/hr\/wp-json\/wp\/v2\/product"}],"about":[{"href":"https:\/\/optimate.si\/hr\/wp-json\/wp\/v2\/types\/product"}],"replies":[{"embeddable":true,"href":"https:\/\/optimate.si\/hr\/wp-json\/wp\/v2\/comments?post=31935"}],"wp:featuredmedia":[{"embeddable":true,"href":"https:\/\/optimate.si\/hr\/wp-json\/wp\/v2\/media\/31936"}],"wp:attachment":[{"href":"https:\/\/optimate.si\/hr\/wp-json\/wp\/v2\/media?parent=31935"}],"wp:term":[{"taxonomy":"product_brand","embeddable":true,"href":"https:\/\/optimate.si\/hr\/wp-json\/wp\/v2\/product_brand?post=31935"},{"taxonomy":"product_cat","embeddable":true,"href":"https:\/\/optimate.si\/hr\/wp-json\/wp\/v2\/product_cat?post=31935"},{"taxonomy":"product_tag","embeddable":true,"href":"https:\/\/optimate.si\/hr\/wp-json\/wp\/v2\/product_tag?post=31935"}],"curies":[{"name":"wp","href":"https:\/\/api.w.org\/{rel}","templated":true}]}}