{"id":32681,"date":"2026-05-09T13:02:44","date_gmt":"2026-05-09T11:02:44","guid":{"rendered":"https:\/\/optimate.si\/?post_type=product&#038;p=32681"},"modified":"2026-05-10T11:45:35","modified_gmt":"2026-05-10T09:45:35","slug":"twisted-loop-drying-towel","status":"publish","type":"product","link":"https:\/\/optimate.si\/hr\/product\/twisted-loop-drying-towel\/","title":{"rendered":"Twisted-loop drying towel"},"content":{"rendered":"<p>\u010ce pustite, da se avto po pranju posu\u0161i sam, se na laku pojavijo vodni made\u017ei. Posu\u0161ena voda namre\u010d na povr\u0161ini pusti drobne mineralne ostanke. Ti made\u017ei lahko povzro\u010dijo, da je avto videti ponovno umazan, \u010deprav ste ga pravkar oprali. S\u010dasoma jih je te\u017eko in drago odstraniti, pogosto je potrebno celo poliranje. Zato je veliko la\u017eje made\u017ee prepre\u010diti kot jih kasneje odstranjevati.<\/p>\n<h3>Enostavna uporaba na velikih povr\u0161inah<\/h3>\n<p>Zaradi svoje<strong>\u00a0velikosti<\/strong>\u00a0je krpa idealna za su\u0161enje celotnega vozila. Na vodoravnih povr\u0161inah jo preprosto povlecite za vogale, brez pritiska, na navpi\u010dnih povr\u0161inah pa jo ne\u017eno podprite, da vpije preostalo vlago.<\/p>\n<p><img loading=\"lazy\" decoding=\"async\" class=\"aligncenter wp-image-32714\" src=\"https:\/\/optimate.si\/wp-content\/uploads\/2026\/05\/6050867334290804293-1-978x1024.jpg\" alt=\"\" width=\"313\" height=\"327\" srcset=\"https:\/\/optimate.si\/wp-content\/uploads\/2026\/05\/6050867334290804293-1-978x1024.jpg 978w, https:\/\/optimate.si\/wp-content\/uploads\/2026\/05\/6050867334290804293-1-287x300.jpg 287w, https:\/\/optimate.si\/wp-content\/uploads\/2026\/05\/6050867334290804293-1-768x804.jpg 768w, https:\/\/optimate.si\/wp-content\/uploads\/2026\/05\/6050867334290804293-1-11x12.jpg 11w, https:\/\/optimate.si\/wp-content\/uploads\/2026\/05\/6050867334290804293-1-416x435.jpg 416w, https:\/\/optimate.si\/wp-content\/uploads\/2026\/05\/6050867334290804293-1.jpg 1004w\" sizes=\"auto, (max-width: 313px) 100vw, 313px\" \/><\/p>\n<hr \/>\n<p>\u2022 Izjemna vpojnost 1300 g\/m2<br \/>\n\u2022 Deluje tudi, ko je brisa\u010da popolnoma prepojena<br \/>\n\u2022 Ne pu\u0161\u010da prog ali vodnih made\u017eev<br \/>\n\u2022 Ultra-mehka mikrovlakna \u0161\u010ditijo lak<br \/>\n\u2022 Velika povr\u0161ina 90cm:60cm<br \/>\n\u2022 Enostavna in prijetna za uporabo<\/p>\n<p><img loading=\"lazy\" decoding=\"async\" class=\"aligncenter wp-image-32713\" src=\"https:\/\/optimate.si\/wp-content\/uploads\/2026\/05\/6050867334290804294-715x1024.jpg\" alt=\"\" width=\"284\" height=\"407\" srcset=\"https:\/\/optimate.si\/wp-content\/uploads\/2026\/05\/6050867334290804294-715x1024.jpg 715w, https:\/\/optimate.si\/wp-content\/uploads\/2026\/05\/6050867334290804294-209x300.jpg 209w, https:\/\/optimate.si\/wp-content\/uploads\/2026\/05\/6050867334290804294-768x1100.jpg 768w, https:\/\/optimate.si\/wp-content\/uploads\/2026\/05\/6050867334290804294-1073x1536.jpg 1073w, https:\/\/optimate.si\/wp-content\/uploads\/2026\/05\/6050867334290804294-8x12.jpg 8w, https:\/\/optimate.si\/wp-content\/uploads\/2026\/05\/6050867334290804294-416x596.jpg 416w, https:\/\/optimate.si\/wp-content\/uploads\/2026\/05\/6050867334290804294.jpg 1178w\" sizes=\"auto, (max-width: 284px) 100vw, 284px\" \/><\/p>","protected":false},"excerpt":{"rendered":"<p>Nikoli ne pusti da se avto su\u0161i sam na soncu \u2014 vsaka kapljica pusti made\u017e ki ga potem ne spravi\u0161 dol brez ponovnega pranja.<\/p>","protected":false},"featured_media":32682,"comment_status":"open","ping_status":"closed","template":"","meta":{"_uag_custom_page_level_css":""},"product_brand":[],"product_cat":[20],"product_tag":[],"class_list":{"0":"post-32681","1":"product","2":"type-product","3":"status-publish","4":"has-post-thumbnail","6":"product_cat-040-krpe","8":"first","9":"instock","10":"sale","11":"taxable","12":"shipping-taxable","13":"purchasable","14":"product-type-simple"},"uagb_featured_image_src":{"full":["https:\/\/optimate.si\/wp-content\/uploads\/2026\/05\/BlacklineCarCareDryingPack1-PackCarbon.webp",1200,1800,false],"thumbnail":["https:\/\/optimate.si\/wp-content\/uploads\/2026\/05\/BlacklineCarCareDryingPack1-PackCarbon-150x150.webp",150,150,true],"medium":["https:\/\/optimate.si\/wp-content\/uploads\/2026\/05\/BlacklineCarCareDryingPack1-PackCarbon-200x300.webp",200,300,true],"medium_large":["https:\/\/optimate.si\/wp-content\/uploads\/2026\/05\/BlacklineCarCareDryingPack1-PackCarbon-768x1152.webp",768,1152,true],"large":["https:\/\/optimate.si\/wp-content\/uploads\/2026\/05\/BlacklineCarCareDryingPack1-PackCarbon-683x1024.webp",683,1024,true],"1536x1536":["https:\/\/optimate.si\/wp-content\/uploads\/2026\/05\/BlacklineCarCareDryingPack1-PackCarbon-1024x1536.webp",1024,1536,true],"2048x2048":["https:\/\/optimate.si\/wp-content\/uploads\/2026\/05\/BlacklineCarCareDryingPack1-PackCarbon.webp",1200,1800,false],"trp-custom-language-flag":["https:\/\/optimate.si\/wp-content\/uploads\/2026\/05\/BlacklineCarCareDryingPack1-PackCarbon-8x12.webp",8,12,true],"woocommerce_thumbnail":["https:\/\/optimate.si\/wp-content\/uploads\/2026\/05\/BlacklineCarCareDryingPack1-PackCarbon-324x389.webp",324,389,true],"woocommerce_single":["https:\/\/optimate.si\/wp-content\/uploads\/2026\/05\/BlacklineCarCareDryingPack1-PackCarbon-416x624.webp",416,624,true],"woocommerce_gallery_thumbnail":["https:\/\/optimate.si\/wp-content\/uploads\/2026\/05\/BlacklineCarCareDryingPack1-PackCarbon-100x100.webp",100,100,true]},"uagb_author_info":{"display_name":"sergey","author_link":"https:\/\/optimate.si\/hr\/author\/"},"uagb_comment_info":1,"uagb_excerpt":"Nikoli ne pusti da se avto su\u0161i sam na soncu \u2014 vsaka kapljica pusti made\u017e ki ga potem ne spravi\u0161 dol brez ponovnega pranja.","_links":{"self":[{"href":"https:\/\/optimate.si\/hr\/wp-json\/wp\/v2\/product\/32681","targetHints":{"allow":["GET"]}}],"collection":[{"href":"https:\/\/optimate.si\/hr\/wp-json\/wp\/v2\/product"}],"about":[{"href":"https:\/\/optimate.si\/hr\/wp-json\/wp\/v2\/types\/product"}],"replies":[{"embeddable":true,"href":"https:\/\/optimate.si\/hr\/wp-json\/wp\/v2\/comments?post=32681"}],"wp:featuredmedia":[{"embeddable":true,"href":"https:\/\/optimate.si\/hr\/wp-json\/wp\/v2\/media\/32682"}],"wp:attachment":[{"href":"https:\/\/optimate.si\/hr\/wp-json\/wp\/v2\/media?parent=32681"}],"wp:term":[{"taxonomy":"product_brand","embeddable":true,"href":"https:\/\/optimate.si\/hr\/wp-json\/wp\/v2\/product_brand?post=32681"},{"taxonomy":"product_cat","embeddable":true,"href":"https:\/\/optimate.si\/hr\/wp-json\/wp\/v2\/product_cat?post=32681"},{"taxonomy":"product_tag","embeddable":true,"href":"https:\/\/optimate.si\/hr\/wp-json\/wp\/v2\/product_tag?post=32681"}],"curies":[{"name":"wp","href":"https:\/\/api.w.org\/{rel}","templated":true}]}}