{"id":32799,"date":"2026-05-09T22:30:58","date_gmt":"2026-05-09T20:30:58","guid":{"rendered":"https:\/\/optimate.si\/product\/odstranjevalec-ostankov-insektov-750ml\/"},"modified":"2026-05-10T17:30:57","modified_gmt":"2026-05-10T15:30:57","slug":"odstranjevalec-ostankov-insektov-750ml","status":"publish","type":"product","link":"https:\/\/optimate.si\/hr\/product\/odstranjevalec-ostankov-insektov-750ml\/","title":{"rendered":"Odstranjevalec ostankov insektov 750ml"},"content":{"rendered":"<p>ZOLLEX Odstranjevalec ostankov insektov je sredstvo za brezkontaktno odstranjevanje ostankov insektov, pti\u010djih iztrebkov, cvetnega prahu z vseh povr\u0161in osebnih in tovornih vozil. Sredstvo ima visoko \u010distilno sposobnost, pri \u010demer ne po\u0161koduje laka in drugih delov karoserije.<br \/>Uporaba: Priporo\u010dljivo ga je uporabiti tudi pred pranjem vozila. Po nanosu, \u010dez 1 do 2 minuti temeljito sperite z vodo in pobri\u0161ite s suho in \u010disto krpo.<br \/>Na voljo v 750ml pakiranju.<\/p>\n<p><\/p>\n<p><a target=\"_blank\" rel=\"noopener noreferrer nofollow\" href=\"https:\/\/my.chemius.net\/p\/3wuSQd\/en\/pd\/cs\">MSDS<\/a><\/p>\n<p>\u0160ifra izdelka: 03385<\/p>","protected":false},"excerpt":{"rendered":"<p>ZOLLEX Odstranjevalec ostankov insektov je sredstvo za brezkontaktno odstranjevanje ostankov insektov, pti\u010djih iztrebkov, cvetnega prahu z vseh povr\u0161in osebnih in tovornih vozil<\/p>","protected":false},"featured_media":32805,"comment_status":"open","ping_status":"closed","template":"","meta":{"_uag_custom_page_level_css":""},"product_brand":[],"product_cat":[22],"product_tag":[],"class_list":{"0":"post-32799","1":"product","2":"type-product","3":"status-publish","4":"has-post-thumbnail","6":"product_cat-01-trigger-spreji","8":"first","9":"instock","10":"taxable","11":"shipping-taxable","12":"purchasable","13":"product-type-simple"},"uagb_featured_image_src":{"full":["https:\/\/optimate.si\/wp-content\/uploads\/2026\/05\/9e52eb4d-2-scaled.png",2048,2560,false],"thumbnail":["https:\/\/optimate.si\/wp-content\/uploads\/2026\/05\/9e52eb4d-2-150x150.png",150,150,true],"medium":["https:\/\/optimate.si\/wp-content\/uploads\/2026\/05\/9e52eb4d-2-240x300.png",240,300,true],"medium_large":["https:\/\/optimate.si\/wp-content\/uploads\/2026\/05\/9e52eb4d-2-768x960.png",768,960,true],"large":["https:\/\/optimate.si\/wp-content\/uploads\/2026\/05\/9e52eb4d-2-819x1024.png",819,1024,true],"1536x1536":["https:\/\/optimate.si\/wp-content\/uploads\/2026\/05\/9e52eb4d-2-1229x1536.png",1229,1536,true],"2048x2048":["https:\/\/optimate.si\/wp-content\/uploads\/2026\/05\/9e52eb4d-2-1638x2048.png",1638,2048,true],"trp-custom-language-flag":["https:\/\/optimate.si\/wp-content\/uploads\/2026\/05\/9e52eb4d-2-10x12.png",10,12,true],"woocommerce_thumbnail":["https:\/\/optimate.si\/wp-content\/uploads\/2026\/05\/9e52eb4d-2-324x389.png",324,389,true],"woocommerce_single":["https:\/\/optimate.si\/wp-content\/uploads\/2026\/05\/9e52eb4d-2-416x520.png",416,520,true],"woocommerce_gallery_thumbnail":["https:\/\/optimate.si\/wp-content\/uploads\/2026\/05\/9e52eb4d-2-100x100.png",100,100,true]},"uagb_author_info":{"display_name":"sergey","author_link":"https:\/\/optimate.si\/hr\/author\/"},"uagb_comment_info":0,"uagb_excerpt":"ZOLLEX Odstranjevalec ostankov insektov je sredstvo za brezkontaktno odstranjevanje ostankov insektov, pti\u010djih iztrebkov, cvetnega prahu z vseh povr\u0161in osebnih in tovornih vozil","_links":{"self":[{"href":"https:\/\/optimate.si\/hr\/wp-json\/wp\/v2\/product\/32799","targetHints":{"allow":["GET"]}}],"collection":[{"href":"https:\/\/optimate.si\/hr\/wp-json\/wp\/v2\/product"}],"about":[{"href":"https:\/\/optimate.si\/hr\/wp-json\/wp\/v2\/types\/product"}],"replies":[{"embeddable":true,"href":"https:\/\/optimate.si\/hr\/wp-json\/wp\/v2\/comments?post=32799"}],"wp:featuredmedia":[{"embeddable":true,"href":"https:\/\/optimate.si\/hr\/wp-json\/wp\/v2\/media\/32805"}],"wp:attachment":[{"href":"https:\/\/optimate.si\/hr\/wp-json\/wp\/v2\/media?parent=32799"}],"wp:term":[{"taxonomy":"product_brand","embeddable":true,"href":"https:\/\/optimate.si\/hr\/wp-json\/wp\/v2\/product_brand?post=32799"},{"taxonomy":"product_cat","embeddable":true,"href":"https:\/\/optimate.si\/hr\/wp-json\/wp\/v2\/product_cat?post=32799"},{"taxonomy":"product_tag","embeddable":true,"href":"https:\/\/optimate.si\/hr\/wp-json\/wp\/v2\/product_tag?post=32799"}],"curies":[{"name":"wp","href":"https:\/\/api.w.org\/{rel}","templated":true}]}}