{"id":348,"date":"2025-12-07T23:45:51","date_gmt":"2025-12-07T22:45:51","guid":{"rendered":"https:\/\/optimate.si\/product\/zollex-rokavica-za-pranje-z-mrezico-velika\/"},"modified":"2026-04-06T10:22:23","modified_gmt":"2026-04-06T08:22:23","slug":"071-zollex-rokavica-za-pranje-z-mrezico-velika","status":"publish","type":"product","link":"https:\/\/optimate.si\/hr\/product\/071-zollex-rokavica-za-pranje-z-mrezico-velika\/","title":{"rendered":"WashMitt Rokavica za pranje z mre\u017eico"},"content":{"rendered":"<h3>Varno in u\u010dinkovito pranje brez prask<\/h3>\n<p>Gobica ujame umazanijo globoko v vlakna, kar zmanj\u0161a tveganje za praske in omogo\u010da ne\u017eno \u010di\u0161\u010denje vseh povr\u0161in. Material zadr\u017ei ve\u010d \u0161ampona, kar izbolj\u0161a drsenje po povr\u0161ini in pove\u010da u\u010dinkovitost pranja.<\/p>\n<p>Primerno za <strong>lak, steklo, plastiko, krom in plati\u0161\u010da<\/strong>.<\/p>\n<hr \/>\n<h3>Klju\u010dne lastnosti<\/h3>\n<p>\u2022 Ne\u017eno \u010di\u0161\u010denje brez prask<br \/>\n\u2022 Visoka vpojnost in zadr\u017eevanje pene<br \/>\n\u2022 U\u010dinkovito zajame umazanijo v vlakna<br \/>\n\u2022 Enostavno izpiranje brez ostankov<br \/>\n\u2022 Oblika za bolj\u0161i oprijem<br \/>\n\u2022 Primerno za vse zunanje povr\u0161ine vozila<\/p>\n<p>\u0160ifra izdelka: 02592<\/p>","protected":false},"excerpt":{"rendered":"<p>WaashMitt rokavica za pranje avtomobila zagotavlja varno \u010di\u0161\u010denje brez prask, zadr\u017euje umazanijo v vlaknih, izbolj\u0161a penjenje in \u0161\u010diti lak vozila.<\/p>","protected":false},"featured_media":29650,"comment_status":"open","ping_status":"closed","template":"","meta":{"_uag_custom_page_level_css":""},"product_brand":[],"product_cat":[20],"product_tag":[],"class_list":{"0":"post-348","1":"product","2":"type-product","3":"status-publish","4":"has-post-thumbnail","6":"product_cat-040-krpe","8":"first","9":"outofstock","10":"taxable","11":"shipping-taxable","12":"purchasable","13":"product-type-simple"},"uagb_featured_image_src":{"full":["https:\/\/optimate.si\/wp-content\/uploads\/2026\/04\/a623b5e1.jpg",1024,1024,false],"thumbnail":["https:\/\/optimate.si\/wp-content\/uploads\/2026\/04\/a623b5e1-150x150.jpg",150,150,true],"medium":["https:\/\/optimate.si\/wp-content\/uploads\/2026\/04\/a623b5e1-300x300.jpg",300,300,true],"medium_large":["https:\/\/optimate.si\/wp-content\/uploads\/2026\/04\/a623b5e1-768x768.jpg",768,768,true],"large":["https:\/\/optimate.si\/wp-content\/uploads\/2026\/04\/a623b5e1.jpg",980,980,false],"1536x1536":["https:\/\/optimate.si\/wp-content\/uploads\/2026\/04\/a623b5e1.jpg",1024,1024,false],"2048x2048":["https:\/\/optimate.si\/wp-content\/uploads\/2026\/04\/a623b5e1.jpg",1024,1024,false],"trp-custom-language-flag":["https:\/\/optimate.si\/wp-content\/uploads\/2026\/04\/a623b5e1.jpg",12,12,false],"woocommerce_thumbnail":["https:\/\/optimate.si\/wp-content\/uploads\/2026\/04\/a623b5e1-324x389.jpg",324,389,true],"woocommerce_single":["https:\/\/optimate.si\/wp-content\/uploads\/2026\/04\/a623b5e1-416x416.jpg",416,416,true],"woocommerce_gallery_thumbnail":["https:\/\/optimate.si\/wp-content\/uploads\/2026\/04\/a623b5e1-100x100.jpg",100,100,true]},"uagb_author_info":{"display_name":"sergey","author_link":"https:\/\/optimate.si\/hr\/author\/"},"uagb_comment_info":1,"uagb_excerpt":"WaashMitt rokavica za pranje avtomobila zagotavlja varno \u010di\u0161\u010denje brez prask, zadr\u017euje umazanijo v vlaknih, izbolj\u0161a penjenje in \u0161\u010diti lak vozila.","_links":{"self":[{"href":"https:\/\/optimate.si\/hr\/wp-json\/wp\/v2\/product\/348","targetHints":{"allow":["GET"]}}],"collection":[{"href":"https:\/\/optimate.si\/hr\/wp-json\/wp\/v2\/product"}],"about":[{"href":"https:\/\/optimate.si\/hr\/wp-json\/wp\/v2\/types\/product"}],"replies":[{"embeddable":true,"href":"https:\/\/optimate.si\/hr\/wp-json\/wp\/v2\/comments?post=348"}],"wp:featuredmedia":[{"embeddable":true,"href":"https:\/\/optimate.si\/hr\/wp-json\/wp\/v2\/media\/29650"}],"wp:attachment":[{"href":"https:\/\/optimate.si\/hr\/wp-json\/wp\/v2\/media?parent=348"}],"wp:term":[{"taxonomy":"product_brand","embeddable":true,"href":"https:\/\/optimate.si\/hr\/wp-json\/wp\/v2\/product_brand?post=348"},{"taxonomy":"product_cat","embeddable":true,"href":"https:\/\/optimate.si\/hr\/wp-json\/wp\/v2\/product_cat?post=348"},{"taxonomy":"product_tag","embeddable":true,"href":"https:\/\/optimate.si\/hr\/wp-json\/wp\/v2\/product_tag?post=348"}],"curies":[{"name":"wp","href":"https:\/\/api.w.org\/{rel}","templated":true}]}}