{"id":360,"date":"2025-12-07T23:45:57","date_gmt":"2025-12-07T22:45:57","guid":{"rendered":"https:\/\/optimate.si\/product\/zollex-krpa-vpojna-5060-cm\/"},"modified":"2026-05-10T19:48:50","modified_gmt":"2026-05-10T17:48:50","slug":"010zollex-krpa-vpojna-5060-cm","status":"publish","type":"product","link":"https:\/\/optimate.si\/hr\/product\/010zollex-krpa-vpojna-5060-cm\/","title":{"rendered":"Extra Absorbent"},"content":{"rendered":"<p><iframe loading=\"lazy\" title=\"Absorbent Extra | Zollex Pro\" width=\"980\" height=\"551\" src=\"https:\/\/www.youtube.com\/embed\/XFJVMn0qpms?feature=oembed\" frameborder=\"0\" allow=\"accelerometer; autoplay; clipboard-write; encrypted-media; gyroscope; picture-in-picture; web-share\" referrerpolicy=\"strict-origin-when-cross-origin\" allowfullscreen><\/iframe><\/p>\n<p>\u010ce pustite, da se avto po pranju posu\u0161i sam, se na laku pojavijo vodni made\u017ei. Posu\u0161ena voda namre\u010d na povr\u0161ini pusti drobne mineralne ostanke. Ti made\u017ei lahko povzro\u010dijo, da je avto videti ponovno umazan, \u010deprav ste ga pravkar oprali. S\u010dasoma jih je te\u017eko in drago odstraniti, pogosto je potrebno celo poliranje. Zato je veliko la\u017eje made\u017ee prepre\u010diti kot jih kasneje odstranjevati.<\/p>\n<h3>Enostavna uporaba na velikih povr\u0161inah<\/h3>\n<p>Zaradi svoje<strong> velikosti<\/strong> je krpa idealna za su\u0161enje celotnega vozila. Na vodoravnih povr\u0161inah jo preprosto povlecite za vogale, brez pritiska, na navpi\u010dnih povr\u0161inah pa jo ne\u017eno podprite, da vpije preostalo vlago.<\/p>\n<hr \/>\n<p>\u2022 Izjemna vpojnost 1200 g\/m2<br \/>\n\u2022 Deluje tudi, ko je brisa\u010da popolnoma prepojena<br \/>\n\u2022 Ne pu\u0161\u010da prog ali vodnih made\u017eev<br \/>\n\u2022 Ultra-mehka mikrovlakna \u0161\u010ditijo lak<br \/>\n\u2022 Velika povr\u0161ina 60cm:50cm<br \/>\n\u2022 Enostavna in prijetna za uporabo<\/p>\n<p>&nbsp;<\/p>\n<p>\u0160ifra izdelka: 02594<\/p>","protected":false},"excerpt":{"rendered":"<p>Nikoli ne pusti da se avto su\u0161i sam na soncu \u2014 vsaka kapljica pusti made\u017e ki ga potem ne spravi\u0161 dol brez ponovnega pranja.<\/p>","protected":false},"featured_media":30140,"comment_status":"open","ping_status":"closed","template":"","meta":{"_uag_custom_page_level_css":""},"product_brand":[],"product_cat":[20],"product_tag":[],"class_list":{"0":"post-360","1":"product","2":"type-product","3":"status-publish","4":"has-post-thumbnail","6":"product_cat-040-krpe","8":"first","9":"instock","10":"sale","11":"taxable","12":"shipping-taxable","13":"purchasable","14":"product-type-simple"},"uagb_featured_image_src":{"full":["https:\/\/optimate.si\/wp-content\/uploads\/2026\/04\/7c088eda-5.png",510,638,false],"thumbnail":["https:\/\/optimate.si\/wp-content\/uploads\/2026\/04\/7c088eda-5-150x150.png",150,150,true],"medium":["https:\/\/optimate.si\/wp-content\/uploads\/2026\/04\/7c088eda-5-240x300.png",240,300,true],"medium_large":["https:\/\/optimate.si\/wp-content\/uploads\/2026\/04\/7c088eda-5.png",510,638,false],"large":["https:\/\/optimate.si\/wp-content\/uploads\/2026\/04\/7c088eda-5.png",510,638,false],"1536x1536":["https:\/\/optimate.si\/wp-content\/uploads\/2026\/04\/7c088eda-5.png",510,638,false],"2048x2048":["https:\/\/optimate.si\/wp-content\/uploads\/2026\/04\/7c088eda-5.png",510,638,false],"trp-custom-language-flag":["https:\/\/optimate.si\/wp-content\/uploads\/2026\/04\/7c088eda-5.png",10,12,false],"woocommerce_thumbnail":["https:\/\/optimate.si\/wp-content\/uploads\/2026\/04\/7c088eda-5-324x389.png",324,389,true],"woocommerce_single":["https:\/\/optimate.si\/wp-content\/uploads\/2026\/04\/7c088eda-5-416x520.png",416,520,true],"woocommerce_gallery_thumbnail":["https:\/\/optimate.si\/wp-content\/uploads\/2026\/04\/7c088eda-5-100x100.png",100,100,true]},"uagb_author_info":{"display_name":"sergey","author_link":"https:\/\/optimate.si\/hr\/author\/"},"uagb_comment_info":3,"uagb_excerpt":"Nikoli ne pusti da se avto su\u0161i sam na soncu \u2014 vsaka kapljica pusti made\u017e ki ga potem ne spravi\u0161 dol brez ponovnega pranja.","_links":{"self":[{"href":"https:\/\/optimate.si\/hr\/wp-json\/wp\/v2\/product\/360","targetHints":{"allow":["GET"]}}],"collection":[{"href":"https:\/\/optimate.si\/hr\/wp-json\/wp\/v2\/product"}],"about":[{"href":"https:\/\/optimate.si\/hr\/wp-json\/wp\/v2\/types\/product"}],"replies":[{"embeddable":true,"href":"https:\/\/optimate.si\/hr\/wp-json\/wp\/v2\/comments?post=360"}],"wp:featuredmedia":[{"embeddable":true,"href":"https:\/\/optimate.si\/hr\/wp-json\/wp\/v2\/media\/30140"}],"wp:attachment":[{"href":"https:\/\/optimate.si\/hr\/wp-json\/wp\/v2\/media?parent=360"}],"wp:term":[{"taxonomy":"product_brand","embeddable":true,"href":"https:\/\/optimate.si\/hr\/wp-json\/wp\/v2\/product_brand?post=360"},{"taxonomy":"product_cat","embeddable":true,"href":"https:\/\/optimate.si\/hr\/wp-json\/wp\/v2\/product_cat?post=360"},{"taxonomy":"product_tag","embeddable":true,"href":"https:\/\/optimate.si\/hr\/wp-json\/wp\/v2\/product_tag?post=360"}],"curies":[{"name":"wp","href":"https:\/\/api.w.org\/{rel}","templated":true}]}}