{"id":362,"date":"2025-12-07T23:45:58","date_gmt":"2025-12-07T22:45:58","guid":{"rendered":"https:\/\/optimate.si\/product\/zollex-dodatek-tesnilec-hladilnega-sistema-325ml\/"},"modified":"2026-05-09T16:40:57","modified_gmt":"2026-05-09T14:40:57","slug":"035zollex-dodatek-tesnilec-hladilnega-sistema-325ml","status":"publish","type":"product","link":"https:\/\/optimate.si\/hr\/product\/035zollex-dodatek-tesnilec-hladilnega-sistema-325ml\/","title":{"rendered":"Dodatek tesnilec hladilnega sistema 325ml"},"content":{"rendered":"<p>ZOLLEX tesnilec hladilnega sistema hitro pomaga zaustaviti pu\u0161\u010danja. Varno za uporabo za vse dele hladilnega sistema, pri bakrenih ter aluminijastih hladilnikih.<br \/>Uporaba:<br \/>odstranite pokrov hladilnika. Za\u017eenite motor in pustite v prostem teku 10 min. Dobro pretresite in vlijte dodatek v hladilnik, medtem ko je motor v prostem teku. Ena plastenka zadostuje za 20 L hladilne teko\u010dine. Hladilno teko\u010dino dolijte do max. indikatorja. Zategnite pokrov radiatorja in pustite motor delovati, dokler se pu\u0161\u010danje ne kon\u010da.<br \/>Na voljo v 325ml pakiranju.<\/p>\n<p>\u0160t. v kartonu 24<\/p>\n<p><\/p>\n<p><a target=\"_blank\" rel=\"noopener noreferrer nofollow\" href=\"https:\/\/zolleks.si\/uploads\/zollex\/public\/document\/260-msds_radiator_stop_leak_slo_sl.pdf\">MSDS<\/a><\/p>\n<p>\u0160ifra izdelka: 02617<\/p>","protected":false},"excerpt":{"rendered":"<p>ZOLLEX tesnilec hladilnega sistema hitro pomaga zaustaviti pu\u0161\u010danja<\/p>","protected":false},"featured_media":32726,"comment_status":"open","ping_status":"closed","template":"","meta":{"_uag_custom_page_level_css":""},"product_brand":[],"product_cat":[45],"product_tag":[],"class_list":{"0":"post-362","1":"product","2":"type-product","3":"status-publish","4":"has-post-thumbnail","6":"product_cat-04-aditivi","8":"first","9":"instock","10":"taxable","11":"shipping-taxable","12":"purchasable","13":"product-type-simple"},"uagb_featured_image_src":{"full":["https:\/\/optimate.si\/wp-content\/uploads\/2026\/05\/182b22e7.jpg",1024,1024,false],"thumbnail":["https:\/\/optimate.si\/wp-content\/uploads\/2026\/05\/182b22e7-150x150.jpg",150,150,true],"medium":["https:\/\/optimate.si\/wp-content\/uploads\/2026\/05\/182b22e7-300x300.jpg",300,300,true],"medium_large":["https:\/\/optimate.si\/wp-content\/uploads\/2026\/05\/182b22e7-768x768.jpg",768,768,true],"large":["https:\/\/optimate.si\/wp-content\/uploads\/2026\/05\/182b22e7.jpg",980,980,false],"1536x1536":["https:\/\/optimate.si\/wp-content\/uploads\/2026\/05\/182b22e7.jpg",1024,1024,false],"2048x2048":["https:\/\/optimate.si\/wp-content\/uploads\/2026\/05\/182b22e7.jpg",1024,1024,false],"trp-custom-language-flag":["https:\/\/optimate.si\/wp-content\/uploads\/2026\/05\/182b22e7-12x12.jpg",12,12,true],"woocommerce_thumbnail":["https:\/\/optimate.si\/wp-content\/uploads\/2026\/05\/182b22e7-324x389.jpg",324,389,true],"woocommerce_single":["https:\/\/optimate.si\/wp-content\/uploads\/2026\/05\/182b22e7-416x416.jpg",416,416,true],"woocommerce_gallery_thumbnail":["https:\/\/optimate.si\/wp-content\/uploads\/2026\/05\/182b22e7-100x100.jpg",100,100,true]},"uagb_author_info":{"display_name":"sergey","author_link":"https:\/\/optimate.si\/hr\/author\/"},"uagb_comment_info":0,"uagb_excerpt":"ZOLLEX tesnilec hladilnega sistema hitro pomaga zaustaviti pu\u0161\u010danja","_links":{"self":[{"href":"https:\/\/optimate.si\/hr\/wp-json\/wp\/v2\/product\/362","targetHints":{"allow":["GET"]}}],"collection":[{"href":"https:\/\/optimate.si\/hr\/wp-json\/wp\/v2\/product"}],"about":[{"href":"https:\/\/optimate.si\/hr\/wp-json\/wp\/v2\/types\/product"}],"replies":[{"embeddable":true,"href":"https:\/\/optimate.si\/hr\/wp-json\/wp\/v2\/comments?post=362"}],"wp:featuredmedia":[{"embeddable":true,"href":"https:\/\/optimate.si\/hr\/wp-json\/wp\/v2\/media\/32726"}],"wp:attachment":[{"href":"https:\/\/optimate.si\/hr\/wp-json\/wp\/v2\/media?parent=362"}],"wp:term":[{"taxonomy":"product_brand","embeddable":true,"href":"https:\/\/optimate.si\/hr\/wp-json\/wp\/v2\/product_brand?post=362"},{"taxonomy":"product_cat","embeddable":true,"href":"https:\/\/optimate.si\/hr\/wp-json\/wp\/v2\/product_cat?post=362"},{"taxonomy":"product_tag","embeddable":true,"href":"https:\/\/optimate.si\/hr\/wp-json\/wp\/v2\/product_tag?post=362"}],"curies":[{"name":"wp","href":"https:\/\/api.w.org\/{rel}","templated":true}]}}