{"id":366,"date":"2025-12-07T23:46:00","date_gmt":"2025-12-07T22:46:00","guid":{"rendered":"https:\/\/optimate.si\/product\/zollex-dodatek-cistilec-hladilnega-sistema-325ml\/"},"modified":"2026-03-14T22:11:04","modified_gmt":"2026-03-14T21:11:04","slug":"030zollex-dodatek-cistilec-hladilnega-sistema-325ml","status":"publish","type":"product","link":"https:\/\/optimate.si\/hr\/product\/030zollex-dodatek-cistilec-hladilnega-sistema-325ml\/","title":{"rendered":"Dodatek \u010distilec hladilnega sistema 325ml"},"content":{"rendered":"<p>ZOLLEX \u010cistilec hladilnega sistema obnavlja njegovo u\u010dinkovitost tako, da odstranjuje rjo, obloge apnenca, mast in usedline. Prav tako pomaga prepre\u010devati pregrevanje motorja in je varen za uporabo v vseh aluminijastih in kovinskih ohi\u0161jih. Ne \u0161koduje kovinskim delom motorja in hladilnega sistema, cevem ali tesnilom.<br \/>Uporaba: pri hladnem motorju izpraznite hladilni sistem. Hladilni sistem nato napolnite z vodo ter zaprite ekspanzijsko posodo. Znova za\u017eenite motor in pustite delovati pribli\u017eno 5 minut. Previdno odprite ekspanzijsko posodo (v posodi se je zaradi segrevanja ustvaril pritisk, zato je potrebno odpreti po\u010dasi, da ne pride do po\u0161kodb) in dolijete RADIATOR FLUSH. Znova za\u017eenite motor in pustite delovati 7 do 10 minut. Ugasnite motor in pustite, da se ohladi ( vsaj 3min). Ponovno izpraznite hladilni sistem in ga dobro izperite z vodo. Hladilni sistem napolnite z ustrezno hladilno teko\u010dino (po navodilih proizvajalca). Ena embala\u017ea zadostuje za do 10l hladilnega sistema.<br \/>Na voljo v 325ml pakiranju.<\/p>\n<p><\/p>\n<p><a target=\"_blank\" rel=\"noopener noreferrer nofollow\" href=\"https:\/\/my.chemius.net\/p\/SBnjyf\/en\/pd\/en\">MSDS<\/a><\/p>\n<p><\/p>\n<p>\u0160ifra izdelka: 02620<\/p>","protected":false},"excerpt":{"rendered":"<p>ZOLLEX \u010cistilec hladilnega sistema obnavlja njegovo u\u010dinkovitost tako, da odstranjuje rjo, obloge apnenca, mast in usedline<\/p>","protected":false},"featured_media":26316,"comment_status":"open","ping_status":"closed","template":"","meta":{"_uag_custom_page_level_css":""},"product_brand":[],"product_cat":[45],"product_tag":[],"class_list":{"0":"post-366","1":"product","2":"type-product","3":"status-publish","4":"has-post-thumbnail","6":"product_cat-04-aditivi","8":"first","9":"instock","10":"taxable","11":"shipping-taxable","12":"purchasable","13":"product-type-simple"},"uagb_featured_image_src":{"full":["https:\/\/optimate.si\/wp-content\/uploads\/2026\/03\/f0ccb94d.jpg",1024,1024,false],"thumbnail":["https:\/\/optimate.si\/wp-content\/uploads\/2026\/03\/f0ccb94d-150x150.jpg",150,150,true],"medium":["https:\/\/optimate.si\/wp-content\/uploads\/2026\/03\/f0ccb94d-300x300.jpg",300,300,true],"medium_large":["https:\/\/optimate.si\/wp-content\/uploads\/2026\/03\/f0ccb94d-768x768.jpg",768,768,true],"large":["https:\/\/optimate.si\/wp-content\/uploads\/2026\/03\/f0ccb94d.jpg",980,980,false],"1536x1536":["https:\/\/optimate.si\/wp-content\/uploads\/2026\/03\/f0ccb94d.jpg",1024,1024,false],"2048x2048":["https:\/\/optimate.si\/wp-content\/uploads\/2026\/03\/f0ccb94d.jpg",1024,1024,false],"trp-custom-language-flag":["https:\/\/optimate.si\/wp-content\/uploads\/2026\/03\/f0ccb94d.jpg",12,12,false],"woocommerce_thumbnail":["https:\/\/optimate.si\/wp-content\/uploads\/2026\/03\/f0ccb94d-324x389.jpg",324,389,true],"woocommerce_single":["https:\/\/optimate.si\/wp-content\/uploads\/2026\/03\/f0ccb94d-416x416.jpg",416,416,true],"woocommerce_gallery_thumbnail":["https:\/\/optimate.si\/wp-content\/uploads\/2026\/03\/f0ccb94d-100x100.jpg",100,100,true]},"uagb_author_info":{"display_name":"sergey","author_link":"https:\/\/optimate.si\/hr\/author\/"},"uagb_comment_info":0,"uagb_excerpt":"ZOLLEX \u010cistilec hladilnega sistema obnavlja njegovo u\u010dinkovitost tako, da odstranjuje rjo, obloge apnenca, mast in usedline","_links":{"self":[{"href":"https:\/\/optimate.si\/hr\/wp-json\/wp\/v2\/product\/366","targetHints":{"allow":["GET"]}}],"collection":[{"href":"https:\/\/optimate.si\/hr\/wp-json\/wp\/v2\/product"}],"about":[{"href":"https:\/\/optimate.si\/hr\/wp-json\/wp\/v2\/types\/product"}],"replies":[{"embeddable":true,"href":"https:\/\/optimate.si\/hr\/wp-json\/wp\/v2\/comments?post=366"}],"wp:featuredmedia":[{"embeddable":true,"href":"https:\/\/optimate.si\/hr\/wp-json\/wp\/v2\/media\/26316"}],"wp:attachment":[{"href":"https:\/\/optimate.si\/hr\/wp-json\/wp\/v2\/media?parent=366"}],"wp:term":[{"taxonomy":"product_brand","embeddable":true,"href":"https:\/\/optimate.si\/hr\/wp-json\/wp\/v2\/product_brand?post=366"},{"taxonomy":"product_cat","embeddable":true,"href":"https:\/\/optimate.si\/hr\/wp-json\/wp\/v2\/product_cat?post=366"},{"taxonomy":"product_tag","embeddable":true,"href":"https:\/\/optimate.si\/hr\/wp-json\/wp\/v2\/product_tag?post=366"}],"curies":[{"name":"wp","href":"https:\/\/api.w.org\/{rel}","templated":true}]}}