{"id":368,"date":"2025-12-07T23:46:01","date_gmt":"2025-12-07T22:46:01","guid":{"rendered":"https:\/\/optimate.si\/product\/zollex-dodatek-tesnilec-oljnega-sistema-v-motorju-325ml\/"},"modified":"2026-04-20T14:41:30","modified_gmt":"2026-04-20T12:41:30","slug":"025zollex-dodatek-tesnilec-oljnega-sistema-v-motorju-325ml","status":"publish","type":"product","link":"https:\/\/optimate.si\/hr\/product\/025zollex-dodatek-tesnilec-oljnega-sistema-v-motorju-325ml\/","title":{"rendered":"Dodatek tesnilec oljnega sistema v motorju 325ml"},"content":{"rendered":"<p>ZOLLEX Tesnilec oljnega sistema<br \/>prepre\u010duje pu\u0161\u010danje olja iz motorja. Z dodatkom lahko obnovimo elasti\u010dnost tesnil. Primerno za dizelske in bencinske motorje. Proizvod nima \u0161kodljivih u\u010dinkov na lambda sondo ter katalizator.<br \/>Uporaba:<br \/>dodajte motornemu olju, koli\u010dina zadostuje za 3 do 6 L. \u010ce pu\u0161\u010danje ne preneha po enem tednu, je potrebno popravilo motorja.<br \/>Na voljo v 325ml pakiranju.<\/p>\n<p>\u0160t. v kartonu 24<\/p>\n<p><\/p>\n<p><a target=\"_blank\" rel=\"noopener noreferrer nofollow\" href=\"https:\/\/my.chemius.net\/p\/I8Fgws\/en\/pd\/lv\">MSDS<\/a><\/p>\n<p>\u0160ifra izdelka: 02652<\/p>","protected":false},"excerpt":{"rendered":"<p>ZOLLEX Tesnilec oljnega sistemaprepre\u010duje pu\u0161\u010danje olja iz motorja<\/p>","protected":false},"featured_media":31231,"comment_status":"open","ping_status":"closed","template":"","meta":{"_uag_custom_page_level_css":""},"product_brand":[],"product_cat":[45],"product_tag":[],"class_list":{"0":"post-368","1":"product","2":"type-product","3":"status-publish","4":"has-post-thumbnail","6":"product_cat-04-aditivi","8":"first","9":"instock","10":"taxable","11":"shipping-taxable","12":"purchasable","13":"product-type-simple"},"uagb_featured_image_src":{"full":["https:\/\/optimate.si\/wp-content\/uploads\/2026\/04\/71432aa7-3.jpg",1024,1024,false],"thumbnail":["https:\/\/optimate.si\/wp-content\/uploads\/2026\/04\/71432aa7-3-150x150.jpg",150,150,true],"medium":["https:\/\/optimate.si\/wp-content\/uploads\/2026\/04\/71432aa7-3-300x300.jpg",300,300,true],"medium_large":["https:\/\/optimate.si\/wp-content\/uploads\/2026\/04\/71432aa7-3-768x768.jpg",768,768,true],"large":["https:\/\/optimate.si\/wp-content\/uploads\/2026\/04\/71432aa7-3.jpg",980,980,false],"1536x1536":["https:\/\/optimate.si\/wp-content\/uploads\/2026\/04\/71432aa7-3.jpg",1024,1024,false],"2048x2048":["https:\/\/optimate.si\/wp-content\/uploads\/2026\/04\/71432aa7-3.jpg",1024,1024,false],"trp-custom-language-flag":["https:\/\/optimate.si\/wp-content\/uploads\/2026\/04\/71432aa7-3.jpg",12,12,false],"woocommerce_thumbnail":["https:\/\/optimate.si\/wp-content\/uploads\/2026\/04\/71432aa7-3-324x389.jpg",324,389,true],"woocommerce_single":["https:\/\/optimate.si\/wp-content\/uploads\/2026\/04\/71432aa7-3-416x416.jpg",416,416,true],"woocommerce_gallery_thumbnail":["https:\/\/optimate.si\/wp-content\/uploads\/2026\/04\/71432aa7-3-100x100.jpg",100,100,true]},"uagb_author_info":{"display_name":"sergey","author_link":"https:\/\/optimate.si\/hr\/author\/"},"uagb_comment_info":0,"uagb_excerpt":"ZOLLEX Tesnilec oljnega sistemaprepre\u010duje pu\u0161\u010danje olja iz motorja","_links":{"self":[{"href":"https:\/\/optimate.si\/hr\/wp-json\/wp\/v2\/product\/368","targetHints":{"allow":["GET"]}}],"collection":[{"href":"https:\/\/optimate.si\/hr\/wp-json\/wp\/v2\/product"}],"about":[{"href":"https:\/\/optimate.si\/hr\/wp-json\/wp\/v2\/types\/product"}],"replies":[{"embeddable":true,"href":"https:\/\/optimate.si\/hr\/wp-json\/wp\/v2\/comments?post=368"}],"wp:featuredmedia":[{"embeddable":true,"href":"https:\/\/optimate.si\/hr\/wp-json\/wp\/v2\/media\/31231"}],"wp:attachment":[{"href":"https:\/\/optimate.si\/hr\/wp-json\/wp\/v2\/media?parent=368"}],"wp:term":[{"taxonomy":"product_brand","embeddable":true,"href":"https:\/\/optimate.si\/hr\/wp-json\/wp\/v2\/product_brand?post=368"},{"taxonomy":"product_cat","embeddable":true,"href":"https:\/\/optimate.si\/hr\/wp-json\/wp\/v2\/product_cat?post=368"},{"taxonomy":"product_tag","embeddable":true,"href":"https:\/\/optimate.si\/hr\/wp-json\/wp\/v2\/product_tag?post=368"}],"curies":[{"name":"wp","href":"https:\/\/api.w.org\/{rel}","templated":true}]}}