{"id":370,"date":"2025-12-07T23:46:02","date_gmt":"2025-12-07T22:46:02","guid":{"rendered":"https:\/\/optimate.si\/product\/zollex-cistilec-injektorjev-bencin-250ml\/"},"modified":"2026-04-13T16:31:15","modified_gmt":"2026-04-13T14:31:15","slug":"010zollex-cistilec-injektorjev-bencin-250ml","status":"publish","type":"product","link":"https:\/\/optimate.si\/hr\/product\/010zollex-cistilec-injektorjev-bencin-250ml\/","title":{"rendered":"PetrolJet \u010cistilec injektorjev"},"content":{"rendered":"<p><strong>Temeljito o\u010distite svoj injektor s DieselJet \u2013 brez kakr\u0161nega koli razstavljanja! Znebite se stra\u0161ljive lu\u010dke &#8220;servis motorja&#8221;, zmanj\u0161ajte emisije in obnovite izgubljeno mo\u010d z le enim tretmajem, dodanim v va\u0161 rezervoar za gorivo.<\/strong><\/p>\n<ul>\n<li>\n<p>Izbolj\u0161a delovanje bencinskega motorja in u\u010dinkovitost goriva<\/p>\n<\/li>\n<li>\n<p>U\u010dinkovito \u010di\u0161\u010denje brez razstavljanja<\/p>\n<\/li>\n<li>\n<p>Preprosto nalijte v rezervoar za gorivo in vozite, medtem ko deluje<\/p>\n<\/li>\n<li>\n<p>Pomaga odpraviti lu\u010dko &#8220;preverite motor&#8221;, ki jo povzro\u010da zama\u0161itev<\/p>\n<\/li>\n<li>\n<p>Zmanj\u0161uje \u0161kodljive emisije in neprijeten vonj izpu\u0161nih plinov<\/p>\n<\/li>\n<\/ul>\n<p><strong>Uporaba: Dodajte neposredno v rezervoar za gorivo pred to\u010denjem<\/strong><\/p>\n<p><strong>Odmerjanje: Ena steklenica (250 ml) za 50\u201360 litrov goriva<\/strong><\/p>\n<p><strong>Priporo\u010dena uporaba: Vsakih 5.000 km ali ob te\u017eavah z injektorji<\/strong><\/p>\n<p><a target=\"_blank\" rel=\"noopener noreferrer nofollow\" href=\"https:\/\/my.chemius.net\/p\/5sn4Em\/en\/pd\/en\">MSDS<\/a><\/p>\n<p><\/p>\n<p>\u0160ifra izdelka: 02653<\/p>","protected":false},"excerpt":{"rendered":"<p>Obnovite u\u010dinkovitost in zmogljivost svojega motorja z 1 preprostim trikom<\/p>","protected":false},"featured_media":30443,"comment_status":"open","ping_status":"closed","template":"","meta":{"_uag_custom_page_level_css":""},"product_brand":[],"product_cat":[45],"product_tag":[],"class_list":{"0":"post-370","1":"product","2":"type-product","3":"status-publish","4":"has-post-thumbnail","6":"product_cat-04-aditivi","8":"first","9":"outofstock","10":"taxable","11":"shipping-taxable","12":"purchasable","13":"product-type-simple"},"uagb_featured_image_src":{"full":["https:\/\/optimate.si\/wp-content\/uploads\/2026\/04\/9def1fe9-3.jpg",416,416,false],"thumbnail":["https:\/\/optimate.si\/wp-content\/uploads\/2026\/04\/9def1fe9-3-150x150.jpg",150,150,true],"medium":["https:\/\/optimate.si\/wp-content\/uploads\/2026\/04\/9def1fe9-3-300x300.jpg",300,300,true],"medium_large":["https:\/\/optimate.si\/wp-content\/uploads\/2026\/04\/9def1fe9-3.jpg",416,416,false],"large":["https:\/\/optimate.si\/wp-content\/uploads\/2026\/04\/9def1fe9-3.jpg",416,416,false],"1536x1536":["https:\/\/optimate.si\/wp-content\/uploads\/2026\/04\/9def1fe9-3.jpg",416,416,false],"2048x2048":["https:\/\/optimate.si\/wp-content\/uploads\/2026\/04\/9def1fe9-3.jpg",416,416,false],"trp-custom-language-flag":["https:\/\/optimate.si\/wp-content\/uploads\/2026\/04\/9def1fe9-3.jpg",12,12,false],"woocommerce_thumbnail":["https:\/\/optimate.si\/wp-content\/uploads\/2026\/04\/9def1fe9-3-324x389.jpg",324,389,true],"woocommerce_single":["https:\/\/optimate.si\/wp-content\/uploads\/2026\/04\/9def1fe9-3.jpg",416,416,false],"woocommerce_gallery_thumbnail":["https:\/\/optimate.si\/wp-content\/uploads\/2026\/04\/9def1fe9-3-100x100.jpg",100,100,true]},"uagb_author_info":{"display_name":"sergey","author_link":"https:\/\/optimate.si\/hr\/author\/"},"uagb_comment_info":1,"uagb_excerpt":"Obnovite u\u010dinkovitost in zmogljivost svojega motorja z 1 preprostim trikom","_links":{"self":[{"href":"https:\/\/optimate.si\/hr\/wp-json\/wp\/v2\/product\/370","targetHints":{"allow":["GET"]}}],"collection":[{"href":"https:\/\/optimate.si\/hr\/wp-json\/wp\/v2\/product"}],"about":[{"href":"https:\/\/optimate.si\/hr\/wp-json\/wp\/v2\/types\/product"}],"replies":[{"embeddable":true,"href":"https:\/\/optimate.si\/hr\/wp-json\/wp\/v2\/comments?post=370"}],"wp:featuredmedia":[{"embeddable":true,"href":"https:\/\/optimate.si\/hr\/wp-json\/wp\/v2\/media\/30443"}],"wp:attachment":[{"href":"https:\/\/optimate.si\/hr\/wp-json\/wp\/v2\/media?parent=370"}],"wp:term":[{"taxonomy":"product_brand","embeddable":true,"href":"https:\/\/optimate.si\/hr\/wp-json\/wp\/v2\/product_brand?post=370"},{"taxonomy":"product_cat","embeddable":true,"href":"https:\/\/optimate.si\/hr\/wp-json\/wp\/v2\/product_cat?post=370"},{"taxonomy":"product_tag","embeddable":true,"href":"https:\/\/optimate.si\/hr\/wp-json\/wp\/v2\/product_tag?post=370"}],"curies":[{"name":"wp","href":"https:\/\/api.w.org\/{rel}","templated":true}]}}