{"id":387,"date":"2025-12-07T23:46:10","date_gmt":"2025-12-07T22:46:10","guid":{"rendered":"https:\/\/optimate.si\/product\/zollex-lepilo-za-vijake-modro-10g-bfu-5\/"},"modified":"2026-05-09T11:21:08","modified_gmt":"2026-05-09T09:21:08","slug":"010zollex-lepilo-za-vijake-modro-10g-bfu-5","status":"publish","type":"product","link":"https:\/\/optimate.si\/hr\/product\/010zollex-lepilo-za-vijake-modro-10g-bfu-5\/","title":{"rendered":"Lepilo za vijake (MODRO) 10g BFU-5"},"content":{"rendered":"<p><a target=\"_blank\" rel=\"noopener noreferrer nofollow\" href=\"https:\/\/my.chemius.net\/p\/MZyxEK\/en\/pd\/cs\">MSDS<\/a>ZOLLEX lepilo za vijake je primerno za uporabo na maticah, sornikih, le\u017eajih, menjalnikih in cevnih spojih, ki jih je pri servisu ali popravilu treba razstaviti. Prodre v najtanj\u0161e dele navojev in tako prepre\u010duje rjavenje kovin. Odporno je na udarce in vibracije, do katerih prihaja pri vozilih, orodjih in strojih ter njihovih delih. Odporno je tudi na kemikalije, olja itd.<br \/>Na voljo v 10g pakiranju<\/p>\n<p>\u0160t. v kartonu 12<\/p>\n<p><\/p>\n<p><a target=\"_blank\" rel=\"noopener noreferrer nofollow\" href=\"https:\/\/zolleks.si\/uploads\/zollex\/public\/document\/219-vlthreadlocker_clp_en.pdf\">MSDS<\/a><\/p>\n<p>\u0160ifra izdelka: 02659<\/p>","protected":false},"excerpt":{"rendered":"<p>MSDSZOLLEX lepilo za vijake je primerno za uporabo na maticah, sornikih, le\u017eajih, menjalnikih in cevnih spojih, ki jih je pri servisu ali popravilu treba razstaviti<\/p>","protected":false},"featured_media":32695,"comment_status":"open","ping_status":"closed","template":"","meta":{"_uag_custom_page_level_css":""},"product_brand":[],"product_cat":[43],"product_tag":[],"class_list":{"0":"post-387","1":"product","2":"type-product","3":"status-publish","4":"has-post-thumbnail","6":"product_cat-lepila","8":"first","9":"instock","10":"taxable","11":"shipping-taxable","12":"purchasable","13":"product-type-simple"},"uagb_featured_image_src":{"full":["https:\/\/optimate.si\/wp-content\/uploads\/2026\/05\/be1d590f-2.jpg",1024,1024,false],"thumbnail":["https:\/\/optimate.si\/wp-content\/uploads\/2026\/05\/be1d590f-2-150x150.jpg",150,150,true],"medium":["https:\/\/optimate.si\/wp-content\/uploads\/2026\/05\/be1d590f-2-300x300.jpg",300,300,true],"medium_large":["https:\/\/optimate.si\/wp-content\/uploads\/2026\/05\/be1d590f-2-768x768.jpg",768,768,true],"large":["https:\/\/optimate.si\/wp-content\/uploads\/2026\/05\/be1d590f-2.jpg",980,980,false],"1536x1536":["https:\/\/optimate.si\/wp-content\/uploads\/2026\/05\/be1d590f-2.jpg",1024,1024,false],"2048x2048":["https:\/\/optimate.si\/wp-content\/uploads\/2026\/05\/be1d590f-2.jpg",1024,1024,false],"trp-custom-language-flag":["https:\/\/optimate.si\/wp-content\/uploads\/2026\/05\/be1d590f-2-12x12.jpg",12,12,true],"woocommerce_thumbnail":["https:\/\/optimate.si\/wp-content\/uploads\/2026\/05\/be1d590f-2-324x389.jpg",324,389,true],"woocommerce_single":["https:\/\/optimate.si\/wp-content\/uploads\/2026\/05\/be1d590f-2-416x416.jpg",416,416,true],"woocommerce_gallery_thumbnail":["https:\/\/optimate.si\/wp-content\/uploads\/2026\/05\/be1d590f-2-100x100.jpg",100,100,true]},"uagb_author_info":{"display_name":"sergey","author_link":"https:\/\/optimate.si\/hr\/author\/"},"uagb_comment_info":0,"uagb_excerpt":"MSDSZOLLEX lepilo za vijake je primerno za uporabo na maticah, sornikih, le\u017eajih, menjalnikih in cevnih spojih, ki jih je pri servisu ali popravilu treba razstaviti","_links":{"self":[{"href":"https:\/\/optimate.si\/hr\/wp-json\/wp\/v2\/product\/387","targetHints":{"allow":["GET"]}}],"collection":[{"href":"https:\/\/optimate.si\/hr\/wp-json\/wp\/v2\/product"}],"about":[{"href":"https:\/\/optimate.si\/hr\/wp-json\/wp\/v2\/types\/product"}],"replies":[{"embeddable":true,"href":"https:\/\/optimate.si\/hr\/wp-json\/wp\/v2\/comments?post=387"}],"wp:featuredmedia":[{"embeddable":true,"href":"https:\/\/optimate.si\/hr\/wp-json\/wp\/v2\/media\/32695"}],"wp:attachment":[{"href":"https:\/\/optimate.si\/hr\/wp-json\/wp\/v2\/media?parent=387"}],"wp:term":[{"taxonomy":"product_brand","embeddable":true,"href":"https:\/\/optimate.si\/hr\/wp-json\/wp\/v2\/product_brand?post=387"},{"taxonomy":"product_cat","embeddable":true,"href":"https:\/\/optimate.si\/hr\/wp-json\/wp\/v2\/product_cat?post=387"},{"taxonomy":"product_tag","embeddable":true,"href":"https:\/\/optimate.si\/hr\/wp-json\/wp\/v2\/product_tag?post=387"}],"curies":[{"name":"wp","href":"https:\/\/api.w.org\/{rel}","templated":true}]}}