{"id":467,"date":"2025-12-07T23:47:18","date_gmt":"2025-12-07T22:47:18","guid":{"rendered":"https:\/\/optimate.si\/product\/zollex-zarnice-za-armaturno-plosco-kit\/"},"modified":"2026-03-27T22:40:53","modified_gmt":"2026-03-27T21:40:53","slug":"zollex-zarnice-za-armaturno-plosco-kit","status":"publish","type":"product","link":"https:\/\/optimate.si\/hr\/product\/zollex-zarnice-za-armaturno-plosco-kit\/","title":{"rendered":"\u017darnice za armaturno plo\u0161\u010do (KIT)"},"content":{"rendered":"<p>\u017darnice ZOLLEX so izjemno kakovostne, imajo izredno svetilnost in \u017eivljensko dobo ter ustrezajo vsem evropskim standardom (ECE \u0161t.37).<\/p>\n<p>\u0160ifra izdelka: 02756<\/p>","protected":false},"excerpt":{"rendered":"<p>\u017darnice ZOLLEX so izjemno kakovostne, imajo izredno svetilnost in \u017eivljensko dobo ter ustrezajo vsem evropskim standardom (ECE \u0161t<\/p>","protected":false},"featured_media":28479,"comment_status":"open","ping_status":"closed","template":"","meta":{"_uag_custom_page_level_css":""},"product_brand":[],"product_cat":[44],"product_tag":[],"class_list":{"0":"post-467","1":"product","2":"type-product","3":"status-publish","4":"has-post-thumbnail","6":"product_cat-signalne","8":"first","9":"instock","10":"taxable","11":"shipping-taxable","12":"purchasable","13":"product-type-simple"},"uagb_featured_image_src":{"full":["https:\/\/optimate.si\/wp-content\/uploads\/2026\/03\/732cf075.jpg",1024,1023,false],"thumbnail":["https:\/\/optimate.si\/wp-content\/uploads\/2026\/03\/732cf075-150x150.jpg",150,150,true],"medium":["https:\/\/optimate.si\/wp-content\/uploads\/2026\/03\/732cf075-300x300.jpg",300,300,true],"medium_large":["https:\/\/optimate.si\/wp-content\/uploads\/2026\/03\/732cf075-768x767.jpg",768,767,true],"large":["https:\/\/optimate.si\/wp-content\/uploads\/2026\/03\/732cf075.jpg",980,979,false],"1536x1536":["https:\/\/optimate.si\/wp-content\/uploads\/2026\/03\/732cf075.jpg",1024,1023,false],"2048x2048":["https:\/\/optimate.si\/wp-content\/uploads\/2026\/03\/732cf075.jpg",1024,1023,false],"trp-custom-language-flag":["https:\/\/optimate.si\/wp-content\/uploads\/2026\/03\/732cf075.jpg",12,12,false],"woocommerce_thumbnail":["https:\/\/optimate.si\/wp-content\/uploads\/2026\/03\/732cf075-324x389.jpg",324,389,true],"woocommerce_single":["https:\/\/optimate.si\/wp-content\/uploads\/2026\/03\/732cf075-416x416.jpg",416,416,true],"woocommerce_gallery_thumbnail":["https:\/\/optimate.si\/wp-content\/uploads\/2026\/03\/732cf075-100x100.jpg",100,100,true]},"uagb_author_info":{"display_name":"sergey","author_link":"https:\/\/optimate.si\/hr\/author\/"},"uagb_comment_info":0,"uagb_excerpt":"\u017darnice ZOLLEX so izjemno kakovostne, imajo izredno svetilnost in \u017eivljensko dobo ter ustrezajo vsem evropskim standardom (ECE \u0161t","_links":{"self":[{"href":"https:\/\/optimate.si\/hr\/wp-json\/wp\/v2\/product\/467","targetHints":{"allow":["GET"]}}],"collection":[{"href":"https:\/\/optimate.si\/hr\/wp-json\/wp\/v2\/product"}],"about":[{"href":"https:\/\/optimate.si\/hr\/wp-json\/wp\/v2\/types\/product"}],"replies":[{"embeddable":true,"href":"https:\/\/optimate.si\/hr\/wp-json\/wp\/v2\/comments?post=467"}],"wp:featuredmedia":[{"embeddable":true,"href":"https:\/\/optimate.si\/hr\/wp-json\/wp\/v2\/media\/28479"}],"wp:attachment":[{"href":"https:\/\/optimate.si\/hr\/wp-json\/wp\/v2\/media?parent=467"}],"wp:term":[{"taxonomy":"product_brand","embeddable":true,"href":"https:\/\/optimate.si\/hr\/wp-json\/wp\/v2\/product_brand?post=467"},{"taxonomy":"product_cat","embeddable":true,"href":"https:\/\/optimate.si\/hr\/wp-json\/wp\/v2\/product_cat?post=467"},{"taxonomy":"product_tag","embeddable":true,"href":"https:\/\/optimate.si\/hr\/wp-json\/wp\/v2\/product_tag?post=467"}],"curies":[{"name":"wp","href":"https:\/\/api.w.org\/{rel}","templated":true}]}}