{"id":473,"date":"2025-12-07T23:47:23","date_gmt":"2025-12-07T22:47:23","guid":{"rendered":"https:\/\/optimate.si\/product\/zollex-zarnica-h4-12v-60-55w-pure-vision-blue-61824-1-kos\/"},"modified":"2026-04-23T17:40:58","modified_gmt":"2026-04-23T15:40:58","slug":"zollex-zarnica-h4-12v-60-55w-pure-vision-blue-61824-1-kos","status":"publish","type":"product","link":"https:\/\/optimate.si\/hr\/product\/zollex-zarnica-h4-12v-60-55w-pure-vision-blue-61824-1-kos\/","title":{"rendered":"\u017darnica-H4 12V 60\/55W Pure Vision (blue) 61824 (1 kos)"},"content":{"rendered":"<p>\u017darnica Pure vision ustvari belo svetlobo, ki \u0161e dodatno pove\u010da vidljivost.<br \/>\u017darnice ZOLLEX so izjemno kakovostne, imajo izredno svetilnost in \u017eivljensko dobo ter ustrezajo vsem evropskim standardom (ECE \u0161t.37).<br \/>\u017darnica Pure vision ustvari belo svetlobo, ki \u0161e dodatno pove\u010da vidljivost.<br \/>\u0160t. v \u0161katli 10<\/p>\n<p>\u0160ifra izdelka: 02766<\/p>","protected":false},"excerpt":{"rendered":"<p>\u017darnica Pure vision ustvari belo svetlobo, ki \u0161e dodatno pove\u010da vidljivost<\/p>","protected":false},"featured_media":31568,"comment_status":"open","ping_status":"closed","template":"","meta":{"_uag_custom_page_level_css":""},"product_brand":[],"product_cat":[32],"product_tag":[],"class_list":{"0":"post-473","1":"product","2":"type-product","3":"status-publish","4":"has-post-thumbnail","6":"product_cat-halogenske-zarnice","8":"first","9":"instock","10":"taxable","11":"shipping-taxable","12":"purchasable","13":"product-type-simple"},"uagb_featured_image_src":{"full":["https:\/\/optimate.si\/wp-content\/uploads\/2026\/04\/e2a508c9-1.jpg",1024,1024,false],"thumbnail":["https:\/\/optimate.si\/wp-content\/uploads\/2026\/04\/e2a508c9-1-150x150.jpg",150,150,true],"medium":["https:\/\/optimate.si\/wp-content\/uploads\/2026\/04\/e2a508c9-1-300x300.jpg",300,300,true],"medium_large":["https:\/\/optimate.si\/wp-content\/uploads\/2026\/04\/e2a508c9-1-768x768.jpg",768,768,true],"large":["https:\/\/optimate.si\/wp-content\/uploads\/2026\/04\/e2a508c9-1.jpg",980,980,false],"1536x1536":["https:\/\/optimate.si\/wp-content\/uploads\/2026\/04\/e2a508c9-1.jpg",1024,1024,false],"2048x2048":["https:\/\/optimate.si\/wp-content\/uploads\/2026\/04\/e2a508c9-1.jpg",1024,1024,false],"trp-custom-language-flag":["https:\/\/optimate.si\/wp-content\/uploads\/2026\/04\/e2a508c9-1.jpg",12,12,false],"woocommerce_thumbnail":["https:\/\/optimate.si\/wp-content\/uploads\/2026\/04\/e2a508c9-1-324x389.jpg",324,389,true],"woocommerce_single":["https:\/\/optimate.si\/wp-content\/uploads\/2026\/04\/e2a508c9-1-416x416.jpg",416,416,true],"woocommerce_gallery_thumbnail":["https:\/\/optimate.si\/wp-content\/uploads\/2026\/04\/e2a508c9-1-100x100.jpg",100,100,true]},"uagb_author_info":{"display_name":"sergey","author_link":"https:\/\/optimate.si\/hr\/author\/"},"uagb_comment_info":0,"uagb_excerpt":"\u017darnica Pure vision ustvari belo svetlobo, ki \u0161e dodatno pove\u010da vidljivost","_links":{"self":[{"href":"https:\/\/optimate.si\/hr\/wp-json\/wp\/v2\/product\/473","targetHints":{"allow":["GET"]}}],"collection":[{"href":"https:\/\/optimate.si\/hr\/wp-json\/wp\/v2\/product"}],"about":[{"href":"https:\/\/optimate.si\/hr\/wp-json\/wp\/v2\/types\/product"}],"replies":[{"embeddable":true,"href":"https:\/\/optimate.si\/hr\/wp-json\/wp\/v2\/comments?post=473"}],"wp:featuredmedia":[{"embeddable":true,"href":"https:\/\/optimate.si\/hr\/wp-json\/wp\/v2\/media\/31568"}],"wp:attachment":[{"href":"https:\/\/optimate.si\/hr\/wp-json\/wp\/v2\/media?parent=473"}],"wp:term":[{"taxonomy":"product_brand","embeddable":true,"href":"https:\/\/optimate.si\/hr\/wp-json\/wp\/v2\/product_brand?post=473"},{"taxonomy":"product_cat","embeddable":true,"href":"https:\/\/optimate.si\/hr\/wp-json\/wp\/v2\/product_cat?post=473"},{"taxonomy":"product_tag","embeddable":true,"href":"https:\/\/optimate.si\/hr\/wp-json\/wp\/v2\/product_tag?post=473"}],"curies":[{"name":"wp","href":"https:\/\/api.w.org\/{rel}","templated":true}]}}