{"id":479,"date":"2025-12-07T23:47:27","date_gmt":"2025-12-07T22:47:27","guid":{"rendered":"https:\/\/optimate.si\/product\/zollex-zarnica-h112v-55w-pure-vision-blue-60024-1-kos\/"},"modified":"2026-05-07T11:01:06","modified_gmt":"2026-05-07T09:01:06","slug":"zollex-zarnica-h112v-55w-pure-vision-blue-60024-1-kos","status":"publish","type":"product","link":"https:\/\/optimate.si\/hr\/product\/zollex-zarnica-h112v-55w-pure-vision-blue-60024-1-kos\/","title":{"rendered":"\u017darnica &#8211; H112V 55W Pure Vision (blue) 60024 (1 kos)"},"content":{"rendered":"<p>Zollex <strong>halogenske \u017earnice za avtomobilske \u017earomete<\/strong> so zasnovane tako, da izpolnjujejo ali presegajo <strong>OEM standarde<\/strong> glede svetilnosti, prileganja in zanesljivosti. Zagotavljajo <strong>mo\u010dno in enakomerno osvetlitev ceste<\/strong> ter dolgo \u017eivljenjsko dobo, zato so odli\u010dna izbira tako za <strong>zamenjavo pregorele \u017earnice<\/strong> kot tudi za <strong>nadgradnjo avtomobilskih \u017earometov<\/strong>.<\/p>\n<p>Primerne so za \u0161irok spekter <strong>osebnih in gospodarskih vozil<\/strong> ter za uporabo v razli\u010dnih vremenskih pogojih.<\/p>\n<p><strong>Tehni\u010dne specifikacije:<\/strong><\/p>\n<p>Napetost:<br \/>12V in 24V<\/p>\n<p>Mo\u010d:<br \/>35W do 75\/70W (odvisno od tipa \u017earnice)<\/p>\n<p>Tipi podno\u017eij:<br \/>H1, H3, H4, H7, H8, H9, H11, HB3 (9005), HB4 (9006)<\/p>\n<p>Barve svetlobe:<\/p>\n<p>Standard \u2013 nevtralna svetloba za uravnote\u017eeno vidljivost<br \/>Pure Vision \/ Pure Crystal \u2013 mo\u010dna bela svetloba za do <strong>+50 % bolj\u0161o vidljivost<\/strong><br \/>All Weather \u2013 rumenkasta svetloba za bolj\u0161o vidljivost v <strong>megli, de\u017eju in snegu<\/strong><\/p>\n<p><strong>Lastnosti:<\/strong><\/p>\n<p>ECE homologacija za uporabo na cestah<br \/>Kremenovo UV za\u0161\u010ditno steklo \u2013 \u0161\u010diti reflektor in le\u010do \u017earometa<br \/>Natan\u010dno poravnana nitka za pravilen <strong>svetlobni snop<\/strong><br \/>Primerno za <strong>reflektorske in projektorske \u017earomete<\/strong><br \/>Odporno na vibracije, temperaturne spremembe in vlago<br \/>Dolga \u017eivljenjska doba za manj menjav in ni\u017eje stro\u0161ke vzdr\u017eevanja<\/p>\n<p>Zollex halogenske \u017earnice so odli\u010dna izbira za voznike, ki \u017eelijo <strong>zanesljivo avtomobilsko razsvetljavo<\/strong>, bolj\u0161o vidljivost pono\u010di in ve\u010djo varnost na cesti. Idealne so tako za <strong>zamenjavo \u017earnice<\/strong> kot tudi za <strong>nadgradnjo svetilnosti \u017earometov<\/strong>.<\/p>\n<p>\u0160ifra izdelka: 02768<\/p>","protected":false},"excerpt":{"rendered":"<p>\u017darnice ZOLLEX so izjemno kakovostne, imajo izredno svetilnost in \u017eivljensko dobo ter ustrezajo vsem evropskim standardom (ECE \u0161t<\/p>","protected":false},"featured_media":32557,"comment_status":"open","ping_status":"closed","template":"","meta":{"_uag_custom_page_level_css":""},"product_brand":[],"product_cat":[32],"product_tag":[],"class_list":{"0":"post-479","1":"product","2":"type-product","3":"status-publish","4":"has-post-thumbnail","6":"product_cat-halogenske-zarnice","8":"first","9":"instock","10":"taxable","11":"shipping-taxable","12":"purchasable","13":"product-type-simple"},"uagb_featured_image_src":{"full":["https:\/\/optimate.si\/wp-content\/uploads\/2026\/05\/cfb5020d-1.png",1229,1536,false],"thumbnail":["https:\/\/optimate.si\/wp-content\/uploads\/2026\/05\/cfb5020d-1-150x150.png",150,150,true],"medium":["https:\/\/optimate.si\/wp-content\/uploads\/2026\/05\/cfb5020d-1-240x300.png",240,300,true],"medium_large":["https:\/\/optimate.si\/wp-content\/uploads\/2026\/05\/cfb5020d-1-768x960.png",768,960,true],"large":["https:\/\/optimate.si\/wp-content\/uploads\/2026\/05\/cfb5020d-1-819x1024.png",819,1024,true],"1536x1536":["https:\/\/optimate.si\/wp-content\/uploads\/2026\/05\/cfb5020d-1.png",1229,1536,false],"2048x2048":["https:\/\/optimate.si\/wp-content\/uploads\/2026\/05\/cfb5020d-1.png",1229,1536,false],"trp-custom-language-flag":["https:\/\/optimate.si\/wp-content\/uploads\/2026\/05\/cfb5020d-1-10x12.png",10,12,true],"woocommerce_thumbnail":["https:\/\/optimate.si\/wp-content\/uploads\/2026\/05\/cfb5020d-1-324x389.png",324,389,true],"woocommerce_single":["https:\/\/optimate.si\/wp-content\/uploads\/2026\/05\/cfb5020d-1-416x520.png",416,520,true],"woocommerce_gallery_thumbnail":["https:\/\/optimate.si\/wp-content\/uploads\/2026\/05\/cfb5020d-1-100x100.png",100,100,true]},"uagb_author_info":{"display_name":"sergey","author_link":"https:\/\/optimate.si\/hr\/author\/"},"uagb_comment_info":0,"uagb_excerpt":"\u017darnice ZOLLEX so izjemno kakovostne, imajo izredno svetilnost in \u017eivljensko dobo ter ustrezajo vsem evropskim standardom (ECE \u0161t","_links":{"self":[{"href":"https:\/\/optimate.si\/hr\/wp-json\/wp\/v2\/product\/479","targetHints":{"allow":["GET"]}}],"collection":[{"href":"https:\/\/optimate.si\/hr\/wp-json\/wp\/v2\/product"}],"about":[{"href":"https:\/\/optimate.si\/hr\/wp-json\/wp\/v2\/types\/product"}],"replies":[{"embeddable":true,"href":"https:\/\/optimate.si\/hr\/wp-json\/wp\/v2\/comments?post=479"}],"wp:featuredmedia":[{"embeddable":true,"href":"https:\/\/optimate.si\/hr\/wp-json\/wp\/v2\/media\/32557"}],"wp:attachment":[{"href":"https:\/\/optimate.si\/hr\/wp-json\/wp\/v2\/media?parent=479"}],"wp:term":[{"taxonomy":"product_brand","embeddable":true,"href":"https:\/\/optimate.si\/hr\/wp-json\/wp\/v2\/product_brand?post=479"},{"taxonomy":"product_cat","embeddable":true,"href":"https:\/\/optimate.si\/hr\/wp-json\/wp\/v2\/product_cat?post=479"},{"taxonomy":"product_tag","embeddable":true,"href":"https:\/\/optimate.si\/hr\/wp-json\/wp\/v2\/product_tag?post=479"}],"curies":[{"name":"wp","href":"https:\/\/api.w.org\/{rel}","templated":true}]}}