{"id":509,"date":"2025-12-07T23:47:55","date_gmt":"2025-12-07T22:47:55","guid":{"rendered":"https:\/\/optimate.si\/product\/deco-blik-barva-v-razprsilu-ral-1012-lemon-yellow-400ml\/"},"modified":"2026-03-29T23:19:05","modified_gmt":"2026-03-29T21:19:05","slug":"deco-blik-barva-v-razprsilu-ral-1012-lemon-yellow-400ml","status":"publish","type":"product","link":"https:\/\/optimate.si\/hr\/product\/deco-blik-barva-v-razprsilu-ral-1012-lemon-yellow-400ml\/","title":{"rendered":"DECO BLIK Barva v spreju RAL 1012 Lemon yellow 400ml"},"content":{"rendered":"<p>DECO BLIK Univerzalna, hitro su\u0161e\u010da se barva za uporabo na notranjih in zunanjih povr\u0161inah. Popolnoma prekriva kovinske, lesene, steklene in plasti\u010dne povr\u0161ine. DECOBLIK lahko izbirate po RAL lestvici.<\/p>\n<p>Na voljo v 400ml pakiranju.<\/p>\n<p>\u0160t. v kartonu 12<\/p>\n<p><\/p>\n<p><a target=\"_blank\" rel=\"noopener noreferrer nofollow\" href=\"https:\/\/my.chemius.net\/p\/H95PXC\/en\/pd\/cs\">MSDS<\/a><\/p>\n<p>\u0160ifra izdelka: 02793<\/p>","protected":false},"excerpt":{"rendered":"<p>DECO BLIK Univerzalna, hitro su\u0161e\u010da se barva za uporabo na notranjih in zunanjih povr\u0161inah<\/p>","protected":false},"featured_media":27707,"comment_status":"open","ping_status":"closed","template":"","meta":{"_uag_custom_page_level_css":""},"product_brand":[],"product_cat":[33],"product_tag":[],"class_list":{"0":"post-509","1":"product","2":"type-product","3":"status-publish","4":"has-post-thumbnail","6":"product_cat-01-ral-barve","8":"first","9":"instock","10":"taxable","11":"shipping-taxable","12":"purchasable","13":"product-type-simple"},"uagb_featured_image_src":{"full":["https:\/\/optimate.si\/wp-content\/uploads\/2026\/03\/df095205-145.png",1024,1024,false],"thumbnail":["https:\/\/optimate.si\/wp-content\/uploads\/2026\/03\/df095205-145-150x150.png",150,150,true],"medium":["https:\/\/optimate.si\/wp-content\/uploads\/2026\/03\/df095205-145-300x300.png",300,300,true],"medium_large":["https:\/\/optimate.si\/wp-content\/uploads\/2026\/03\/df095205-145-768x768.png",768,768,true],"large":["https:\/\/optimate.si\/wp-content\/uploads\/2026\/03\/df095205-145.png",980,980,false],"1536x1536":["https:\/\/optimate.si\/wp-content\/uploads\/2026\/03\/df095205-145.png",1024,1024,false],"2048x2048":["https:\/\/optimate.si\/wp-content\/uploads\/2026\/03\/df095205-145.png",1024,1024,false],"trp-custom-language-flag":["https:\/\/optimate.si\/wp-content\/uploads\/2026\/03\/df095205-145.png",12,12,false],"woocommerce_thumbnail":["https:\/\/optimate.si\/wp-content\/uploads\/2026\/03\/df095205-145-324x389.png",324,389,true],"woocommerce_single":["https:\/\/optimate.si\/wp-content\/uploads\/2026\/03\/df095205-145-416x416.png",416,416,true],"woocommerce_gallery_thumbnail":["https:\/\/optimate.si\/wp-content\/uploads\/2026\/03\/df095205-145-100x100.png",100,100,true]},"uagb_author_info":{"display_name":"sergey","author_link":"https:\/\/optimate.si\/hr\/author\/"},"uagb_comment_info":1,"uagb_excerpt":"DECO BLIK Univerzalna, hitro su\u0161e\u010da se barva za uporabo na notranjih in zunanjih povr\u0161inah","_links":{"self":[{"href":"https:\/\/optimate.si\/hr\/wp-json\/wp\/v2\/product\/509","targetHints":{"allow":["GET"]}}],"collection":[{"href":"https:\/\/optimate.si\/hr\/wp-json\/wp\/v2\/product"}],"about":[{"href":"https:\/\/optimate.si\/hr\/wp-json\/wp\/v2\/types\/product"}],"replies":[{"embeddable":true,"href":"https:\/\/optimate.si\/hr\/wp-json\/wp\/v2\/comments?post=509"}],"wp:featuredmedia":[{"embeddable":true,"href":"https:\/\/optimate.si\/hr\/wp-json\/wp\/v2\/media\/27707"}],"wp:attachment":[{"href":"https:\/\/optimate.si\/hr\/wp-json\/wp\/v2\/media?parent=509"}],"wp:term":[{"taxonomy":"product_brand","embeddable":true,"href":"https:\/\/optimate.si\/hr\/wp-json\/wp\/v2\/product_brand?post=509"},{"taxonomy":"product_cat","embeddable":true,"href":"https:\/\/optimate.si\/hr\/wp-json\/wp\/v2\/product_cat?post=509"},{"taxonomy":"product_tag","embeddable":true,"href":"https:\/\/optimate.si\/hr\/wp-json\/wp\/v2\/product_tag?post=509"}],"curies":[{"name":"wp","href":"https:\/\/api.w.org\/{rel}","templated":true}]}}