{"id":529,"date":"2025-12-07T23:48:26","date_gmt":"2025-12-07T22:48:26","guid":{"rendered":"https:\/\/optimate.si\/product\/deco-blik-barva-v-razprsilu-ral-1026-luminous-yellow-400ml\/"},"modified":"2026-05-05T10:21:23","modified_gmt":"2026-05-05T08:21:23","slug":"deco-blik-barva-v-razprsilu-ral-1026-luminous-yellow-400ml","status":"publish","type":"product","link":"https:\/\/optimate.si\/hr\/product\/deco-blik-barva-v-razprsilu-ral-1026-luminous-yellow-400ml\/","title":{"rendered":"DECO BLIK Barva v spreju RAL 1026 Luminous yellow 400ml"},"content":{"rendered":"<p>DECO BLIK Univerzalna, hitro su\u0161e\u010da se barva za uporabo na notranjih in zunanjih povr\u0161inah. Popolnoma prekriva kovinske, lesene, steklene in plasti\u010dne povr\u0161ine. DECOBLIK lahko izbirate po RAL lestvici.<\/p>\n<p>Na voljo v 400ml pakiranju.<\/p>\n<p>\u0160t. v kartonu 12<\/p>\n<p><\/p>\n<p><a target=\"_blank\" rel=\"noopener noreferrer nofollow\" href=\"https:\/\/my.chemius.net\/p\/H95PXC\/en\/pd\/cs\">MSDS<\/a><\/p>\n<p>\u0160ifra izdelka: 02798<\/p>","protected":false},"excerpt":{"rendered":"<p>DECO BLIK Univerzalna, hitro su\u0161e\u010da se barva za uporabo na notranjih in zunanjih povr\u0161inah<\/p>","protected":false},"featured_media":32057,"comment_status":"open","ping_status":"closed","template":"","meta":{"_uag_custom_page_level_css":""},"product_brand":[],"product_cat":[33],"product_tag":[],"class_list":{"0":"post-529","1":"product","2":"type-product","3":"status-publish","4":"has-post-thumbnail","6":"product_cat-01-ral-barve","8":"first","9":"instock","10":"taxable","11":"shipping-taxable","12":"purchasable","13":"product-type-simple"},"uagb_featured_image_src":{"full":["https:\/\/optimate.si\/wp-content\/uploads\/2026\/05\/df095205-2.png",1024,1024,false],"thumbnail":["https:\/\/optimate.si\/wp-content\/uploads\/2026\/05\/df095205-2-150x150.png",150,150,true],"medium":["https:\/\/optimate.si\/wp-content\/uploads\/2026\/05\/df095205-2-300x300.png",300,300,true],"medium_large":["https:\/\/optimate.si\/wp-content\/uploads\/2026\/05\/df095205-2-768x768.png",768,768,true],"large":["https:\/\/optimate.si\/wp-content\/uploads\/2026\/05\/df095205-2.png",980,980,false],"1536x1536":["https:\/\/optimate.si\/wp-content\/uploads\/2026\/05\/df095205-2.png",1024,1024,false],"2048x2048":["https:\/\/optimate.si\/wp-content\/uploads\/2026\/05\/df095205-2.png",1024,1024,false],"trp-custom-language-flag":["https:\/\/optimate.si\/wp-content\/uploads\/2026\/05\/df095205-2-12x12.png",12,12,true],"woocommerce_thumbnail":["https:\/\/optimate.si\/wp-content\/uploads\/2026\/05\/df095205-2-324x389.png",324,389,true],"woocommerce_single":["https:\/\/optimate.si\/wp-content\/uploads\/2026\/05\/df095205-2-416x416.png",416,416,true],"woocommerce_gallery_thumbnail":["https:\/\/optimate.si\/wp-content\/uploads\/2026\/05\/df095205-2-100x100.png",100,100,true]},"uagb_author_info":{"display_name":"sergey","author_link":"https:\/\/optimate.si\/hr\/author\/"},"uagb_comment_info":2,"uagb_excerpt":"DECO BLIK Univerzalna, hitro su\u0161e\u010da se barva za uporabo na notranjih in zunanjih povr\u0161inah","_links":{"self":[{"href":"https:\/\/optimate.si\/hr\/wp-json\/wp\/v2\/product\/529","targetHints":{"allow":["GET"]}}],"collection":[{"href":"https:\/\/optimate.si\/hr\/wp-json\/wp\/v2\/product"}],"about":[{"href":"https:\/\/optimate.si\/hr\/wp-json\/wp\/v2\/types\/product"}],"replies":[{"embeddable":true,"href":"https:\/\/optimate.si\/hr\/wp-json\/wp\/v2\/comments?post=529"}],"wp:featuredmedia":[{"embeddable":true,"href":"https:\/\/optimate.si\/hr\/wp-json\/wp\/v2\/media\/32057"}],"wp:attachment":[{"href":"https:\/\/optimate.si\/hr\/wp-json\/wp\/v2\/media?parent=529"}],"wp:term":[{"taxonomy":"product_brand","embeddable":true,"href":"https:\/\/optimate.si\/hr\/wp-json\/wp\/v2\/product_brand?post=529"},{"taxonomy":"product_cat","embeddable":true,"href":"https:\/\/optimate.si\/hr\/wp-json\/wp\/v2\/product_cat?post=529"},{"taxonomy":"product_tag","embeddable":true,"href":"https:\/\/optimate.si\/hr\/wp-json\/wp\/v2\/product_tag?post=529"}],"curies":[{"name":"wp","href":"https:\/\/api.w.org\/{rel}","templated":true}]}}