{"id":70,"date":"2025-12-07T23:42:49","date_gmt":"2025-12-07T22:42:49","guid":{"rendered":"https:\/\/optimate.si\/product\/zollex-univerzalen-filter-goriva-fi-7mm-z-310\/"},"modified":"2026-05-06T15:10:50","modified_gmt":"2026-05-06T13:10:50","slug":"zollex-univerzalen-filter-goriva-fi-7mm-z-310","status":"publish","type":"product","link":"https:\/\/optimate.si\/hr\/product\/zollex-univerzalen-filter-goriva-fi-7mm-z-310\/","title":{"rendered":"Univerzalen filter goriva (fi 7mm) Z-310"},"content":{"rendered":"<p>Filtrirni elementi v ZOLLEX filtrih za gorivo v najve\u010dji mo\u017eni meri o\u010distijo gorivo pri vbrizgu. Filtri za \u010di\u0161\u010denje goriva so izdelani iz me\u0161anice vlaken celuloze in poliestra z duroplasti\u010dno obdelavo, ki pove\u010duje odpornost na kemi\u010dno agresivne sestavine goriva. Filtrirne materiale odlikuje ve\u010dslojna struktura iz kompozitnih materialov, ki v primerjavi z obi\u010dajnimi filtrirnimi materiali za kar 100 % izbolj\u0161ajo sposobnost uni\u010devanja \u0161kodljivih delcev. Novost trgovske znamke ZOLLEX predstavlja filter za grobo \u010di\u0161\u010denje z magnetom. Posebnost navedenega izdelka se skriva v magnetu, ki zadr\u017ei kovinske delce v gorivu.<br \/>Na voljo v razli\u010dnih premerih.<br \/>Pakirano 100pcs<\/p>\n<p><\/p>\n<p>\u0160ifra izdelka: 00101<\/p>","protected":false},"excerpt":{"rendered":"<p>Filtrirni elementi v ZOLLEX filtrih za gorivo v najve\u010dji mo\u017eni meri o\u010distijo gorivo pri vbrizgu<\/p>","protected":false},"featured_media":32475,"comment_status":"open","ping_status":"closed","template":"","meta":{"_uag_custom_page_level_css":""},"product_brand":[],"product_cat":[46],"product_tag":[],"class_list":{"0":"post-70","1":"product","2":"type-product","3":"status-publish","4":"has-post-thumbnail","6":"product_cat-filtri","8":"first","9":"instock","10":"taxable","11":"shipping-taxable","12":"purchasable","13":"product-type-simple"},"uagb_featured_image_src":{"full":["https:\/\/optimate.si\/wp-content\/uploads\/2026\/05\/5d860881.jpg",1024,1024,false],"thumbnail":["https:\/\/optimate.si\/wp-content\/uploads\/2026\/05\/5d860881-150x150.jpg",150,150,true],"medium":["https:\/\/optimate.si\/wp-content\/uploads\/2026\/05\/5d860881-300x300.jpg",300,300,true],"medium_large":["https:\/\/optimate.si\/wp-content\/uploads\/2026\/05\/5d860881-768x768.jpg",768,768,true],"large":["https:\/\/optimate.si\/wp-content\/uploads\/2026\/05\/5d860881.jpg",980,980,false],"1536x1536":["https:\/\/optimate.si\/wp-content\/uploads\/2026\/05\/5d860881.jpg",1024,1024,false],"2048x2048":["https:\/\/optimate.si\/wp-content\/uploads\/2026\/05\/5d860881.jpg",1024,1024,false],"trp-custom-language-flag":["https:\/\/optimate.si\/wp-content\/uploads\/2026\/05\/5d860881-12x12.jpg",12,12,true],"woocommerce_thumbnail":["https:\/\/optimate.si\/wp-content\/uploads\/2026\/05\/5d860881-324x389.jpg",324,389,true],"woocommerce_single":["https:\/\/optimate.si\/wp-content\/uploads\/2026\/05\/5d860881-416x416.jpg",416,416,true],"woocommerce_gallery_thumbnail":["https:\/\/optimate.si\/wp-content\/uploads\/2026\/05\/5d860881-100x100.jpg",100,100,true]},"uagb_author_info":{"display_name":"sergey","author_link":"https:\/\/optimate.si\/hr\/author\/"},"uagb_comment_info":0,"uagb_excerpt":"Filtrirni elementi v ZOLLEX filtrih za gorivo v najve\u010dji mo\u017eni meri o\u010distijo gorivo pri vbrizgu","_links":{"self":[{"href":"https:\/\/optimate.si\/hr\/wp-json\/wp\/v2\/product\/70","targetHints":{"allow":["GET"]}}],"collection":[{"href":"https:\/\/optimate.si\/hr\/wp-json\/wp\/v2\/product"}],"about":[{"href":"https:\/\/optimate.si\/hr\/wp-json\/wp\/v2\/types\/product"}],"replies":[{"embeddable":true,"href":"https:\/\/optimate.si\/hr\/wp-json\/wp\/v2\/comments?post=70"}],"wp:featuredmedia":[{"embeddable":true,"href":"https:\/\/optimate.si\/hr\/wp-json\/wp\/v2\/media\/32475"}],"wp:attachment":[{"href":"https:\/\/optimate.si\/hr\/wp-json\/wp\/v2\/media?parent=70"}],"wp:term":[{"taxonomy":"product_brand","embeddable":true,"href":"https:\/\/optimate.si\/hr\/wp-json\/wp\/v2\/product_brand?post=70"},{"taxonomy":"product_cat","embeddable":true,"href":"https:\/\/optimate.si\/hr\/wp-json\/wp\/v2\/product_cat?post=70"},{"taxonomy":"product_tag","embeddable":true,"href":"https:\/\/optimate.si\/hr\/wp-json\/wp\/v2\/product_tag?post=70"}],"curies":[{"name":"wp","href":"https:\/\/api.w.org\/{rel}","templated":true}]}}