{"id":735,"date":"2025-12-07T23:53:53","date_gmt":"2025-12-07T22:53:53","guid":{"rendered":"https:\/\/optimate.si\/product\/deco-blik-barva-v-razprsilu-bright-gold-400ml\/"},"modified":"2026-05-05T10:21:37","modified_gmt":"2026-05-05T08:21:37","slug":"045deco-blik-barva-v-razprsilu-bright-gold-400ml","status":"publish","type":"product","link":"https:\/\/optimate.si\/hr\/product\/045deco-blik-barva-v-razprsilu-bright-gold-400ml\/","title":{"rendered":"DECO BLIK Barva v razpr\u0161ilu Bright Gold 400ml"},"content":{"rendered":"<p>DECO BLIK Univerzalna, hitro su\u0161e\u010da se barva za uporabo na notranjih in zunanjih povr\u0161inah. Popolnoma prekriva kovinske, lesene, steklene in plasti\u010dne povr\u0161ine. DECOBLIK lahko izbirate po RAL lestvici.<\/p>\n<p>Na voljo v 400ml pakiranju.<\/p>\n<p>\u0160t, v kartonu<\/p>\n<p><\/p>\n<p><a target=\"_blank\" rel=\"noopener noreferrer nofollow\" href=\"https:\/\/my.chemius.net\/v2\/ch\/products\/overview\/75706\/sds\/view\">MSDS<\/a><\/p>\n<p>\u0160ifra izdelka: 02934<\/p>","protected":false},"excerpt":{"rendered":"<p>DECO BLIK Univerzalna, hitro su\u0161e\u010da se barva za uporabo na notranjih in zunanjih povr\u0161inah<\/p>","protected":false},"featured_media":32069,"comment_status":"open","ping_status":"closed","template":"","meta":{"_uag_custom_page_level_css":""},"product_brand":[],"product_cat":[39],"product_tag":[],"class_list":{"0":"post-735","1":"product","2":"type-product","3":"status-publish","4":"has-post-thumbnail","6":"product_cat-posebne-barve","8":"first","9":"instock","10":"taxable","11":"shipping-taxable","12":"purchasable","13":"product-type-simple"},"uagb_featured_image_src":{"full":["https:\/\/optimate.si\/wp-content\/uploads\/2026\/05\/2e93b2fc.jpg",1024,1024,false],"thumbnail":["https:\/\/optimate.si\/wp-content\/uploads\/2026\/05\/2e93b2fc-150x150.jpg",150,150,true],"medium":["https:\/\/optimate.si\/wp-content\/uploads\/2026\/05\/2e93b2fc-300x300.jpg",300,300,true],"medium_large":["https:\/\/optimate.si\/wp-content\/uploads\/2026\/05\/2e93b2fc-768x768.jpg",768,768,true],"large":["https:\/\/optimate.si\/wp-content\/uploads\/2026\/05\/2e93b2fc.jpg",980,980,false],"1536x1536":["https:\/\/optimate.si\/wp-content\/uploads\/2026\/05\/2e93b2fc.jpg",1024,1024,false],"2048x2048":["https:\/\/optimate.si\/wp-content\/uploads\/2026\/05\/2e93b2fc.jpg",1024,1024,false],"trp-custom-language-flag":["https:\/\/optimate.si\/wp-content\/uploads\/2026\/05\/2e93b2fc-12x12.jpg",12,12,true],"woocommerce_thumbnail":["https:\/\/optimate.si\/wp-content\/uploads\/2026\/05\/2e93b2fc-324x389.jpg",324,389,true],"woocommerce_single":["https:\/\/optimate.si\/wp-content\/uploads\/2026\/05\/2e93b2fc-416x416.jpg",416,416,true],"woocommerce_gallery_thumbnail":["https:\/\/optimate.si\/wp-content\/uploads\/2026\/05\/2e93b2fc-100x100.jpg",100,100,true]},"uagb_author_info":{"display_name":"sergey","author_link":"https:\/\/optimate.si\/hr\/author\/"},"uagb_comment_info":0,"uagb_excerpt":"DECO BLIK Univerzalna, hitro su\u0161e\u010da se barva za uporabo na notranjih in zunanjih povr\u0161inah","_links":{"self":[{"href":"https:\/\/optimate.si\/hr\/wp-json\/wp\/v2\/product\/735","targetHints":{"allow":["GET"]}}],"collection":[{"href":"https:\/\/optimate.si\/hr\/wp-json\/wp\/v2\/product"}],"about":[{"href":"https:\/\/optimate.si\/hr\/wp-json\/wp\/v2\/types\/product"}],"replies":[{"embeddable":true,"href":"https:\/\/optimate.si\/hr\/wp-json\/wp\/v2\/comments?post=735"}],"wp:featuredmedia":[{"embeddable":true,"href":"https:\/\/optimate.si\/hr\/wp-json\/wp\/v2\/media\/32069"}],"wp:attachment":[{"href":"https:\/\/optimate.si\/hr\/wp-json\/wp\/v2\/media?parent=735"}],"wp:term":[{"taxonomy":"product_brand","embeddable":true,"href":"https:\/\/optimate.si\/hr\/wp-json\/wp\/v2\/product_brand?post=735"},{"taxonomy":"product_cat","embeddable":true,"href":"https:\/\/optimate.si\/hr\/wp-json\/wp\/v2\/product_cat?post=735"},{"taxonomy":"product_tag","embeddable":true,"href":"https:\/\/optimate.si\/hr\/wp-json\/wp\/v2\/product_tag?post=735"}],"curies":[{"name":"wp","href":"https:\/\/api.w.org\/{rel}","templated":true}]}}