{"id":737,"date":"2025-12-07T23:53:54","date_gmt":"2025-12-07T22:53:54","guid":{"rendered":"https:\/\/optimate.si\/product\/zollex-vzigalna-svecka-zl-04\/"},"modified":"2026-03-31T00:20:49","modified_gmt":"2026-03-30T22:20:49","slug":"zollex-vzigalna-svecka-zl-04","status":"publish","type":"product","link":"https:\/\/optimate.si\/hr\/product\/zollex-vzigalna-svecka-zl-04\/","title":{"rendered":"V\u017eigalna sve\u010dka ZL-04"},"content":{"rendered":"<h3>Stabilen v\u017eig in dolga \u017eivljenjska doba<\/h3>\n<p>Zollex <strong>v\u017eigalne sve\u010dke<\/strong> so zasnovane za <strong>2T in 4T bencinske motorje<\/strong>, zanesljivo delujejo v razli\u010dnih pogojih in ustrezajo OEM standardom.<\/p>\n<p>Bakreno jedro omogo\u010da u\u010dinkovito odvajanje toplote in stabilno iskro, medtem ko kerami\u010dni izolator zagotavlja odpornost na visoke temperature in obrabo.<\/p>\n<p>Primerne za <strong>avtomobile, motorje, skuterje in vrtno opremo<\/strong>.<\/p>\n<hr>\n<h3>Klju\u010dne lastnosti<\/h3>\n<p>\u2022 Bakreno jedro za bolj\u0161i prenos toplote<br \/>\u2022 Zanesljiv hladen in topel zagon<br \/>\u2022 Dolga \u017eivljenjska doba<br \/>\u2022 Odpornost proti sajam in koroziji<br \/>\u2022 Primerno za razli\u010dne tipe motorjev<\/p>\n<hr>\n<h3>Uporaba<\/h3>\n<p>Primerno za <strong>2T in 4T bencinske motorje<\/strong> v vozilih in manj\u0161i motorni opremi.<\/p>\n<p><\/p>\n<p>\u0160ifra izdelka: 02941<\/p>","protected":false},"excerpt":{"rendered":"<p>Zanesljive v\u017eigalne sve\u010dke za 2T\/4T motorje. Bakreno jedro, dolga \u017eivljenjska doba, hiter v\u017eig. Na voljo za avtomobile, motorna kolesa, skuterje, vrtno in motorno opremo. Kakovost, ki ustreza OEM standardom.<\/p>","protected":false},"featured_media":29384,"comment_status":"open","ping_status":"closed","template":"","meta":{"_uag_custom_page_level_css":""},"product_brand":[],"product_cat":[53],"product_tag":[],"class_list":{"0":"post-737","1":"product","2":"type-product","3":"status-publish","4":"has-post-thumbnail","6":"product_cat-svece","8":"first","9":"outofstock","10":"taxable","11":"shipping-taxable","12":"purchasable","13":"product-type-simple"},"uagb_featured_image_src":{"full":["https:\/\/optimate.si\/wp-content\/uploads\/2026\/03\/29ba4903-2.jpg",1024,1024,false],"thumbnail":["https:\/\/optimate.si\/wp-content\/uploads\/2026\/03\/29ba4903-2-150x150.jpg",150,150,true],"medium":["https:\/\/optimate.si\/wp-content\/uploads\/2026\/03\/29ba4903-2-300x300.jpg",300,300,true],"medium_large":["https:\/\/optimate.si\/wp-content\/uploads\/2026\/03\/29ba4903-2-768x768.jpg",768,768,true],"large":["https:\/\/optimate.si\/wp-content\/uploads\/2026\/03\/29ba4903-2.jpg",980,980,false],"1536x1536":["https:\/\/optimate.si\/wp-content\/uploads\/2026\/03\/29ba4903-2.jpg",1024,1024,false],"2048x2048":["https:\/\/optimate.si\/wp-content\/uploads\/2026\/03\/29ba4903-2.jpg",1024,1024,false],"trp-custom-language-flag":["https:\/\/optimate.si\/wp-content\/uploads\/2026\/03\/29ba4903-2.jpg",12,12,false],"woocommerce_thumbnail":["https:\/\/optimate.si\/wp-content\/uploads\/2026\/03\/29ba4903-2-324x389.jpg",324,389,true],"woocommerce_single":["https:\/\/optimate.si\/wp-content\/uploads\/2026\/03\/29ba4903-2-416x416.jpg",416,416,true],"woocommerce_gallery_thumbnail":["https:\/\/optimate.si\/wp-content\/uploads\/2026\/03\/29ba4903-2-100x100.jpg",100,100,true]},"uagb_author_info":{"display_name":"sergey","author_link":"https:\/\/optimate.si\/hr\/author\/"},"uagb_comment_info":0,"uagb_excerpt":"Zanesljive v\u017eigalne sve\u010dke za 2T\/4T motorje. Bakreno jedro, dolga \u017eivljenjska doba, hiter v\u017eig. Na voljo za avtomobile, motorna kolesa, skuterje, vrtno in motorno opremo. Kakovost, ki ustreza OEM standardom.","_links":{"self":[{"href":"https:\/\/optimate.si\/hr\/wp-json\/wp\/v2\/product\/737","targetHints":{"allow":["GET"]}}],"collection":[{"href":"https:\/\/optimate.si\/hr\/wp-json\/wp\/v2\/product"}],"about":[{"href":"https:\/\/optimate.si\/hr\/wp-json\/wp\/v2\/types\/product"}],"replies":[{"embeddable":true,"href":"https:\/\/optimate.si\/hr\/wp-json\/wp\/v2\/comments?post=737"}],"wp:featuredmedia":[{"embeddable":true,"href":"https:\/\/optimate.si\/hr\/wp-json\/wp\/v2\/media\/29384"}],"wp:attachment":[{"href":"https:\/\/optimate.si\/hr\/wp-json\/wp\/v2\/media?parent=737"}],"wp:term":[{"taxonomy":"product_brand","embeddable":true,"href":"https:\/\/optimate.si\/hr\/wp-json\/wp\/v2\/product_brand?post=737"},{"taxonomy":"product_cat","embeddable":true,"href":"https:\/\/optimate.si\/hr\/wp-json\/wp\/v2\/product_cat?post=737"},{"taxonomy":"product_tag","embeddable":true,"href":"https:\/\/optimate.si\/hr\/wp-json\/wp\/v2\/product_tag?post=737"}],"curies":[{"name":"wp","href":"https:\/\/api.w.org\/{rel}","templated":true}]}}