{"id":770,"date":"2025-12-07T23:54:21","date_gmt":"2025-12-07T22:54:21","guid":{"rendered":"https:\/\/optimate.si\/product\/zollex-cistilna-aktivna-pena-vecnamenska-200ml\/"},"modified":"2026-04-20T13:52:50","modified_gmt":"2026-04-20T11:52:50","slug":"030zollex-cistilna-aktivna-pena-vecnamenska-200ml","status":"publish","type":"product","link":"https:\/\/optimate.si\/hr\/product\/030zollex-cistilna-aktivna-pena-vecnamenska-200ml\/","title":{"rendered":"\u010cistilna aktivna pena  200 ml"},"content":{"rendered":"<h3>Globinsko \u010di\u0161\u010denje notranjih povr\u0161in<\/h3>\n<p><strong>Universal Foam Cleaner<\/strong> je <strong>penasto \u010distilo za notranjost avtomobila<\/strong>. Aktivna pena prodre v vlakna materiala, raztopi umazanijo ter omogo\u010da enostavno odstranjevanje brez mo\u010dnega drgnjenja.<\/p>\n<p>Po uporabi povr\u0161ina ostane \u010dista, brez lepljivih ostankov in z <strong>nevtralnim sve\u017eim vonjem<\/strong>.<\/p>\n<hr>\n<h3>Uporaba<\/h3>\n<ol>\n<li>\n<p>Pred uporabo <strong>dobro pretresite plo\u010devinko<\/strong>.<\/p>\n<\/li>\n<li>\n<p><strong>Enakomerno razpr\u0161ite<\/strong> po povr\u0161ini z razdalje <strong>15\u201320 cm<\/strong>.<\/p>\n<\/li>\n<li>\n<p>Pustite, da <strong>pena deluje 20\u201330 sekund<\/strong>.<\/p>\n<\/li>\n<li>\n<p>Povr\u0161ino <strong>temeljito obri\u0161ite s \u010disto krpo<\/strong>.<\/p>\n<\/li>\n<li>\n<p>Postopek po potrebi ponovite na mo\u010dno umazanih mestih.<\/p>\n<\/li>\n<\/ol>\n<p><a target=\"_blank\" rel=\"noopener noreferrer nofollow\" href=\"https:\/\/my.chemius.net\/p\/BNiyWR\/en\/pd\/cs\">MSDS<\/a><\/p>\n<p>\u0160ifra izdelka: 03056<\/p>","protected":false},"excerpt":{"rendered":"<p>Univerzalno penasto \u010distilo za notranjost vozila, ki u\u010dinkovito odstranjuje made\u017ee, ma\u0161\u010dobo in umazanijo.<\/p>","protected":false},"featured_media":31090,"comment_status":"open","ping_status":"closed","template":"","meta":{"_uag_custom_page_level_css":""},"product_brand":[],"product_cat":[65],"product_tag":[],"class_list":{"0":"post-770","1":"product","2":"type-product","3":"status-publish","4":"has-post-thumbnail","6":"product_cat-02-vzdrzevalni-spreji","8":"first","9":"instock","10":"taxable","11":"shipping-taxable","12":"purchasable","13":"product-type-simple"},"uagb_featured_image_src":{"full":["https:\/\/optimate.si\/wp-content\/uploads\/2026\/04\/0c669c74-3.jpg",1024,1024,false],"thumbnail":["https:\/\/optimate.si\/wp-content\/uploads\/2026\/04\/0c669c74-3-150x150.jpg",150,150,true],"medium":["https:\/\/optimate.si\/wp-content\/uploads\/2026\/04\/0c669c74-3-300x300.jpg",300,300,true],"medium_large":["https:\/\/optimate.si\/wp-content\/uploads\/2026\/04\/0c669c74-3-768x768.jpg",768,768,true],"large":["https:\/\/optimate.si\/wp-content\/uploads\/2026\/04\/0c669c74-3.jpg",980,980,false],"1536x1536":["https:\/\/optimate.si\/wp-content\/uploads\/2026\/04\/0c669c74-3.jpg",1024,1024,false],"2048x2048":["https:\/\/optimate.si\/wp-content\/uploads\/2026\/04\/0c669c74-3.jpg",1024,1024,false],"trp-custom-language-flag":["https:\/\/optimate.si\/wp-content\/uploads\/2026\/04\/0c669c74-3.jpg",12,12,false],"woocommerce_thumbnail":["https:\/\/optimate.si\/wp-content\/uploads\/2026\/04\/0c669c74-3-324x389.jpg",324,389,true],"woocommerce_single":["https:\/\/optimate.si\/wp-content\/uploads\/2026\/04\/0c669c74-3-416x416.jpg",416,416,true],"woocommerce_gallery_thumbnail":["https:\/\/optimate.si\/wp-content\/uploads\/2026\/04\/0c669c74-3-100x100.jpg",100,100,true]},"uagb_author_info":{"display_name":"sergey","author_link":"https:\/\/optimate.si\/hr\/author\/"},"uagb_comment_info":1,"uagb_excerpt":"Univerzalno penasto \u010distilo za notranjost vozila, ki u\u010dinkovito odstranjuje made\u017ee, ma\u0161\u010dobo in umazanijo.","_links":{"self":[{"href":"https:\/\/optimate.si\/hr\/wp-json\/wp\/v2\/product\/770","targetHints":{"allow":["GET"]}}],"collection":[{"href":"https:\/\/optimate.si\/hr\/wp-json\/wp\/v2\/product"}],"about":[{"href":"https:\/\/optimate.si\/hr\/wp-json\/wp\/v2\/types\/product"}],"replies":[{"embeddable":true,"href":"https:\/\/optimate.si\/hr\/wp-json\/wp\/v2\/comments?post=770"}],"wp:featuredmedia":[{"embeddable":true,"href":"https:\/\/optimate.si\/hr\/wp-json\/wp\/v2\/media\/31090"}],"wp:attachment":[{"href":"https:\/\/optimate.si\/hr\/wp-json\/wp\/v2\/media?parent=770"}],"wp:term":[{"taxonomy":"product_brand","embeddable":true,"href":"https:\/\/optimate.si\/hr\/wp-json\/wp\/v2\/product_brand?post=770"},{"taxonomy":"product_cat","embeddable":true,"href":"https:\/\/optimate.si\/hr\/wp-json\/wp\/v2\/product_cat?post=770"},{"taxonomy":"product_tag","embeddable":true,"href":"https:\/\/optimate.si\/hr\/wp-json\/wp\/v2\/product_tag?post=770"}],"curies":[{"name":"wp","href":"https:\/\/api.w.org\/{rel}","templated":true}]}}