{"id":8115,"date":"2026-01-23T20:40:56","date_gmt":"2026-01-23T19:40:56","guid":{"rendered":"https:\/\/optimate.si\/product\/deco-blik-visokotemperaturna-600-c-rumena-400ml\/"},"modified":"2026-04-20T13:53:59","modified_gmt":"2026-04-20T11:53:59","slug":"015deco-blik-visokotemperaturna-600-c-rumena-400ml","status":"publish","type":"product","link":"https:\/\/optimate.si\/hr\/product\/015deco-blik-visokotemperaturna-600-c-rumena-400ml\/","title":{"rendered":"DECO BLIK Visokotemperaturna 600\u00b0 C  RUMENA 400ml"},"content":{"rendered":"<p>DECO BLIK Visokotemperaturna barva se uporablja za barvanje notranjih in zunanjih kovinskih, plasti\u010dnih in lesenih povr\u0161in. Po su\u0161enju lahko zdr\u017ei temperature do 600\u00b0C, zato je primerna za radiatorje, cevi, kotle, plinske \u0161tedilnike, izpu\u0161ne cevi, pe\u010di in \u017eare. Barva je odporna na olje, rjo, soli in vodo.<\/p>\n<p>MSDS<\/p>\n<p>\u0160ifra izdelka: 04087<\/p>","protected":false},"excerpt":{"rendered":"<p>DECO BLIK Visokotemperaturna barva se uporablja za barvanje notranjih in zunanjih kovinskih, plasti\u010dnih in lesenih povr\u0161in.<\/p>","protected":false},"featured_media":31187,"comment_status":"open","ping_status":"closed","template":"","meta":{"_uag_custom_page_level_css":""},"product_brand":[],"product_cat":[39],"product_tag":[],"class_list":{"0":"post-8115","1":"product","2":"type-product","3":"status-publish","4":"has-post-thumbnail","6":"product_cat-posebne-barve","8":"first","9":"instock","10":"taxable","11":"shipping-taxable","12":"purchasable","13":"product-type-simple"},"uagb_featured_image_src":{"full":["https:\/\/optimate.si\/wp-content\/uploads\/2026\/04\/5bbe4dda-2.jpg",1500,1500,false],"thumbnail":["https:\/\/optimate.si\/wp-content\/uploads\/2026\/04\/5bbe4dda-2-150x150.jpg",150,150,true],"medium":["https:\/\/optimate.si\/wp-content\/uploads\/2026\/04\/5bbe4dda-2-300x300.jpg",300,300,true],"medium_large":["https:\/\/optimate.si\/wp-content\/uploads\/2026\/04\/5bbe4dda-2-768x768.jpg",768,768,true],"large":["https:\/\/optimate.si\/wp-content\/uploads\/2026\/04\/5bbe4dda-2-1024x1024.jpg",980,980,true],"1536x1536":["https:\/\/optimate.si\/wp-content\/uploads\/2026\/04\/5bbe4dda-2.jpg",1500,1500,false],"2048x2048":["https:\/\/optimate.si\/wp-content\/uploads\/2026\/04\/5bbe4dda-2.jpg",1500,1500,false],"trp-custom-language-flag":["https:\/\/optimate.si\/wp-content\/uploads\/2026\/04\/5bbe4dda-2.jpg",12,12,false],"woocommerce_thumbnail":["https:\/\/optimate.si\/wp-content\/uploads\/2026\/04\/5bbe4dda-2-324x389.jpg",324,389,true],"woocommerce_single":["https:\/\/optimate.si\/wp-content\/uploads\/2026\/04\/5bbe4dda-2-416x416.jpg",416,416,true],"woocommerce_gallery_thumbnail":["https:\/\/optimate.si\/wp-content\/uploads\/2026\/04\/5bbe4dda-2-100x100.jpg",100,100,true]},"uagb_author_info":{"display_name":"sergey","author_link":"https:\/\/optimate.si\/hr\/author\/"},"uagb_comment_info":0,"uagb_excerpt":"DECO BLIK Visokotemperaturna barva se uporablja za barvanje notranjih in zunanjih kovinskih, plasti\u010dnih in lesenih povr\u0161in.","_links":{"self":[{"href":"https:\/\/optimate.si\/hr\/wp-json\/wp\/v2\/product\/8115","targetHints":{"allow":["GET"]}}],"collection":[{"href":"https:\/\/optimate.si\/hr\/wp-json\/wp\/v2\/product"}],"about":[{"href":"https:\/\/optimate.si\/hr\/wp-json\/wp\/v2\/types\/product"}],"replies":[{"embeddable":true,"href":"https:\/\/optimate.si\/hr\/wp-json\/wp\/v2\/comments?post=8115"}],"wp:featuredmedia":[{"embeddable":true,"href":"https:\/\/optimate.si\/hr\/wp-json\/wp\/v2\/media\/31187"}],"wp:attachment":[{"href":"https:\/\/optimate.si\/hr\/wp-json\/wp\/v2\/media?parent=8115"}],"wp:term":[{"taxonomy":"product_brand","embeddable":true,"href":"https:\/\/optimate.si\/hr\/wp-json\/wp\/v2\/product_brand?post=8115"},{"taxonomy":"product_cat","embeddable":true,"href":"https:\/\/optimate.si\/hr\/wp-json\/wp\/v2\/product_cat?post=8115"},{"taxonomy":"product_tag","embeddable":true,"href":"https:\/\/optimate.si\/hr\/wp-json\/wp\/v2\/product_tag?post=8115"}],"curies":[{"name":"wp","href":"https:\/\/api.w.org\/{rel}","templated":true}]}}