{"id":8117,"date":"2026-01-23T20:40:58","date_gmt":"2026-01-23T19:40:58","guid":{"rendered":"https:\/\/optimate.si\/product\/zollex-crni-polir-za-pnevmatike-650-ml\/"},"modified":"2026-05-10T18:00:11","modified_gmt":"2026-05-10T16:00:11","slug":"015zollex-crni-polir-za-pnevmatike-650-ml","status":"publish","type":"product","link":"https:\/\/optimate.si\/hr\/product\/015zollex-crni-polir-za-pnevmatike-650-ml\/","title":{"rendered":"Extreme Black Tire"},"content":{"rendered":"<p><iframe loading=\"lazy\" title=\"Extreme Black Tire Polish\" width=\"980\" height=\"551\" src=\"https:\/\/www.youtube.com\/embed\/d9jqTu4MIvA?feature=oembed\" frameborder=\"0\" allow=\"accelerometer; autoplay; clipboard-write; encrypted-media; gyroscope; picture-in-picture; web-share\" referrerpolicy=\"strict-origin-when-cross-origin\" allowfullscreen><\/iframe> <\/p>\n<h3>ExtremeBlack v eni minuti obnovi globoko \u010drno barvo<\/h3>\n<p>Pnevmatike ki posivijo niso samo grde. Guma se po\u010dasi razpoka, trdi in stara. Sonce in umazanija naredita ve\u010d \u0161kode kot tiso\u010di kilometrov. Obnovi globoko \u010drno barvo v sekundi in hkrati za\u0161\u010diti gumo pred vsem kar jo uni\u010duje.<\/p>\n<hr>\n<h3><strong>Klju\u010dne lastnosti in prednosti:<\/strong><\/h3>\n<ul>\n<li>\n<p><strong>Izjemno \u010drna barva<\/strong> 650ml<\/p>\n<\/li>\n<li>\n<p>Podalj\u0161uje \u017eivljenjsko dobo pnevmatik<\/p>\n<\/li>\n<li>\n<p><strong>Vodoodporna za\u0161\u010dita<\/strong><\/p>\n<\/li>\n<li>\n<p><strong>UV-za\u0161\u010dita<\/strong> prepre\u010dujejo razpoke in spremembe barve gume<\/p>\n<\/li>\n<li>\n<p><strong>Brisanje ni potrebno<\/strong> \u2013 preprosto po\u0161kropite in pustite, da se posu\u0161i<\/p>\n<\/li>\n<li>\n<p>Primerno za vse<strong> vrste pnevmatik<\/strong><\/p>\n<\/li>\n<\/ul>\n<hr>\n<h3><strong>Uporaba:<\/strong><\/h3>\n<ul>\n<li>\n<p>Pnevmatike temeljito o\u010distite in posu\u0161ite.<\/p>\n<\/li>\n<li>\n<p>Pred uporabo plo\u010devinko dobro pretresite.<\/p>\n<\/li>\n<li>\n<p>Enakomerno po\u0161kropite iz razdalje 15\u201320 cm.<\/p>\n<\/li>\n<li>\n<p>Pustite, da se posu\u0161i 5\u201310 minut. Ne nana\u0161ajte na zavorne dele.<\/p>\n<\/li>\n<\/ul>\n<p><a target=\"_blank\" rel=\"noopener noreferrer nofollow\" href=\"https:\/\/my.chemius.net\/p\/kI5v48\/en\/pd\/x2\">MSDS<\/a><\/p>\n<p>\u0160ifra izdelka: 04088<\/p>","protected":false},"excerpt":{"rendered":"<p>Pnevmatike starajo hitreje kot si misli\u0161. Sonce in cestna umazanija posivijo in razpokajo gumo \u017ee po par sezonah.<\/p>","protected":false},"featured_media":32787,"comment_status":"open","ping_status":"closed","template":"","meta":{"_uag_custom_page_level_css":""},"product_brand":[],"product_cat":[65],"product_tag":[],"class_list":{"0":"post-8117","1":"product","2":"type-product","3":"status-publish","4":"has-post-thumbnail","6":"product_cat-02-vzdrzevalni-spreji","8":"first","9":"instock","10":"taxable","11":"shipping-taxable","12":"purchasable","13":"product-type-simple"},"uagb_featured_image_src":{"full":["https:\/\/optimate.si\/wp-content\/uploads\/2026\/05\/db1ec237-3.jpg",1024,1024,false],"thumbnail":["https:\/\/optimate.si\/wp-content\/uploads\/2026\/05\/db1ec237-3-150x150.jpg",150,150,true],"medium":["https:\/\/optimate.si\/wp-content\/uploads\/2026\/05\/db1ec237-3-300x300.jpg",300,300,true],"medium_large":["https:\/\/optimate.si\/wp-content\/uploads\/2026\/05\/db1ec237-3-768x768.jpg",768,768,true],"large":["https:\/\/optimate.si\/wp-content\/uploads\/2026\/05\/db1ec237-3.jpg",980,980,false],"1536x1536":["https:\/\/optimate.si\/wp-content\/uploads\/2026\/05\/db1ec237-3.jpg",1024,1024,false],"2048x2048":["https:\/\/optimate.si\/wp-content\/uploads\/2026\/05\/db1ec237-3.jpg",1024,1024,false],"trp-custom-language-flag":["https:\/\/optimate.si\/wp-content\/uploads\/2026\/05\/db1ec237-3-12x12.jpg",12,12,true],"woocommerce_thumbnail":["https:\/\/optimate.si\/wp-content\/uploads\/2026\/05\/db1ec237-3-324x389.jpg",324,389,true],"woocommerce_single":["https:\/\/optimate.si\/wp-content\/uploads\/2026\/05\/db1ec237-3-416x416.jpg",416,416,true],"woocommerce_gallery_thumbnail":["https:\/\/optimate.si\/wp-content\/uploads\/2026\/05\/db1ec237-3-100x100.jpg",100,100,true]},"uagb_author_info":{"display_name":"sergey","author_link":"https:\/\/optimate.si\/hr\/author\/"},"uagb_comment_info":2,"uagb_excerpt":"Pnevmatike starajo hitreje kot si misli\u0161. Sonce in cestna umazanija posivijo in razpokajo gumo \u017ee po par sezonah.","_links":{"self":[{"href":"https:\/\/optimate.si\/hr\/wp-json\/wp\/v2\/product\/8117","targetHints":{"allow":["GET"]}}],"collection":[{"href":"https:\/\/optimate.si\/hr\/wp-json\/wp\/v2\/product"}],"about":[{"href":"https:\/\/optimate.si\/hr\/wp-json\/wp\/v2\/types\/product"}],"replies":[{"embeddable":true,"href":"https:\/\/optimate.si\/hr\/wp-json\/wp\/v2\/comments?post=8117"}],"wp:featuredmedia":[{"embeddable":true,"href":"https:\/\/optimate.si\/hr\/wp-json\/wp\/v2\/media\/32787"}],"wp:attachment":[{"href":"https:\/\/optimate.si\/hr\/wp-json\/wp\/v2\/media?parent=8117"}],"wp:term":[{"taxonomy":"product_brand","embeddable":true,"href":"https:\/\/optimate.si\/hr\/wp-json\/wp\/v2\/product_brand?post=8117"},{"taxonomy":"product_cat","embeddable":true,"href":"https:\/\/optimate.si\/hr\/wp-json\/wp\/v2\/product_cat?post=8117"},{"taxonomy":"product_tag","embeddable":true,"href":"https:\/\/optimate.si\/hr\/wp-json\/wp\/v2\/product_tag?post=8117"}],"curies":[{"name":"wp","href":"https:\/\/api.w.org\/{rel}","templated":true}]}}