{"id":812,"date":"2025-12-07T23:55:18","date_gmt":"2025-12-07T22:55:18","guid":{"rendered":"https:\/\/optimate.si\/product\/zollex-silikonska-tesnilna-masa-85g-prozorna-brez-vonja\/"},"modified":"2026-04-20T14:42:54","modified_gmt":"2026-04-20T12:42:54","slug":"zollex-silikonska-tesnilna-masa-85g-prozorna-brez-vonja","status":"publish","type":"product","link":"https:\/\/optimate.si\/hr\/product\/zollex-silikonska-tesnilna-masa-85g-prozorna-brez-vonja\/","title":{"rendered":"Silikonska tesnilna masa 85g (PROZORNA brez vonja)"},"content":{"rendered":"<p><iframe loading=\"lazy\" title=\"Gasket Maker. How to Seal Better\" width=\"980\" height=\"551\" src=\"https:\/\/www.youtube.com\/embed\/xEDqkESoZZg?feature=oembed\" frameborder=\"0\" allow=\"accelerometer; autoplay; clipboard-write; encrypted-media; gyroscope; picture-in-picture; web-share\" referrerpolicy=\"strict-origin-when-cross-origin\" allowfullscreen><\/iframe> <\/p>\n<p>ZOLLEX Prozorna silikonska tesnilna masase uporablja pri visokih temperaturah do 315 \u00b0C. Uporabna v vozilih z vgrajenimi senzorji kisika. V suhem stanju ostane \u010dvrsta, pro\u017ena in odporna na visoke temperature. Odporna je proti ve\u010dini motornih teko\u010din.<br \/>NAVODILA ZA UPORABO: Odstranite staro tesnilno maso in o\u010distite vse povr\u0161ine. Odstranite pokrov\u010dek, predrite notranji zama\u0161ek, privijte nastavek in ga odre\u017eite na \u017eeleno mero. Nanesite neprekinjen enakomeren 1,5\u20133-mm sloj po obodu ene povr\u0161ine. Po\u010dakajte 10 minut, da se tesnilna masa posu\u0161i. Sestavite dele. Tesnitev je popolna v 24 urah.<br \/>Na voljo v 85g pakiranju.<\/p>\n<p>\u0160t. v kartonu 12\/144<\/p>\n<p><\/p>\n<p><a target=\"_blank\" rel=\"noopener noreferrer nofollow\" href=\"https:\/\/zolleks.si\/uploads\/zollex\/public\/document\/221-vl_gasket_maker_en.pdf\">MSDS<\/a><\/p>\n<p>\u0160ifra izdelka: 03114<\/p>","protected":false},"excerpt":{"rendered":"<p>ZOLLEX Prozorna silikonska tesnilna masase uporablja pri visokih temperaturah do 315 \u00b0C<\/p>","protected":false},"featured_media":31286,"comment_status":"open","ping_status":"closed","template":"","meta":{"_uag_custom_page_level_css":""},"product_brand":[],"product_cat":[37],"product_tag":[],"class_list":{"0":"post-812","1":"product","2":"type-product","3":"status-publish","4":"has-post-thumbnail","6":"product_cat-silikoni","8":"first","9":"instock","10":"taxable","11":"shipping-taxable","12":"purchasable","13":"product-type-simple"},"uagb_featured_image_src":{"full":["https:\/\/optimate.si\/wp-content\/uploads\/2026\/04\/d47afe04.png",510,638,false],"thumbnail":["https:\/\/optimate.si\/wp-content\/uploads\/2026\/04\/d47afe04-150x150.png",150,150,true],"medium":["https:\/\/optimate.si\/wp-content\/uploads\/2026\/04\/d47afe04-240x300.png",240,300,true],"medium_large":["https:\/\/optimate.si\/wp-content\/uploads\/2026\/04\/d47afe04.png",510,638,false],"large":["https:\/\/optimate.si\/wp-content\/uploads\/2026\/04\/d47afe04.png",510,638,false],"1536x1536":["https:\/\/optimate.si\/wp-content\/uploads\/2026\/04\/d47afe04.png",510,638,false],"2048x2048":["https:\/\/optimate.si\/wp-content\/uploads\/2026\/04\/d47afe04.png",510,638,false],"trp-custom-language-flag":["https:\/\/optimate.si\/wp-content\/uploads\/2026\/04\/d47afe04.png",10,12,false],"woocommerce_thumbnail":["https:\/\/optimate.si\/wp-content\/uploads\/2026\/04\/d47afe04-324x389.png",324,389,true],"woocommerce_single":["https:\/\/optimate.si\/wp-content\/uploads\/2026\/04\/d47afe04-416x520.png",416,520,true],"woocommerce_gallery_thumbnail":["https:\/\/optimate.si\/wp-content\/uploads\/2026\/04\/d47afe04-100x100.png",100,100,true]},"uagb_author_info":{"display_name":"sergey","author_link":"https:\/\/optimate.si\/hr\/author\/"},"uagb_comment_info":0,"uagb_excerpt":"ZOLLEX Prozorna silikonska tesnilna masase uporablja pri visokih temperaturah do 315 \u00b0C","_links":{"self":[{"href":"https:\/\/optimate.si\/hr\/wp-json\/wp\/v2\/product\/812","targetHints":{"allow":["GET"]}}],"collection":[{"href":"https:\/\/optimate.si\/hr\/wp-json\/wp\/v2\/product"}],"about":[{"href":"https:\/\/optimate.si\/hr\/wp-json\/wp\/v2\/types\/product"}],"replies":[{"embeddable":true,"href":"https:\/\/optimate.si\/hr\/wp-json\/wp\/v2\/comments?post=812"}],"wp:featuredmedia":[{"embeddable":true,"href":"https:\/\/optimate.si\/hr\/wp-json\/wp\/v2\/media\/31286"}],"wp:attachment":[{"href":"https:\/\/optimate.si\/hr\/wp-json\/wp\/v2\/media?parent=812"}],"wp:term":[{"taxonomy":"product_brand","embeddable":true,"href":"https:\/\/optimate.si\/hr\/wp-json\/wp\/v2\/product_brand?post=812"},{"taxonomy":"product_cat","embeddable":true,"href":"https:\/\/optimate.si\/hr\/wp-json\/wp\/v2\/product_cat?post=812"},{"taxonomy":"product_tag","embeddable":true,"href":"https:\/\/optimate.si\/hr\/wp-json\/wp\/v2\/product_tag?post=812"}],"curies":[{"name":"wp","href":"https:\/\/api.w.org\/{rel}","templated":true}]}}