{"id":818,"date":"2025-12-07T23:55:21","date_gmt":"2025-12-07T22:55:21","guid":{"rendered":"https:\/\/optimate.si\/product\/zollex-lepilo-za-vzvratno-ogledalo-06ml-04ml\/"},"modified":"2026-05-09T16:41:20","modified_gmt":"2026-05-09T14:41:20","slug":"045zollex-lepilo-za-vzvratno-ogledalo-06ml-04ml","status":"publish","type":"product","link":"https:\/\/optimate.si\/hr\/product\/045zollex-lepilo-za-vzvratno-ogledalo-06ml-04ml\/","title":{"rendered":"Lepilo za vzvratno ogledalo 0,6ml + 0,4ml"},"content":{"rendered":"<p>ZOLLEX Lepilo za vzvratno ogledalo odlil\u010dno lepi steklo in kovino.<br \/>Preprosta uporaba: Ozna\u010dite prvotni polo\u017eaj okvirja ogledala na vetrobranskem steklu. O\u010distite morebitno umazanijo s povr\u0161ine lepljenja, le-to razmastite in osu\u0161ite. Pri izdelku RM-281 (1,2g) snemite kartonsko za\u0161\u010dito s tube z osnovnim premazom ter jo prestavite na drug konec tube. Stisnite kartonsko za\u0161\u010dito, s \u010dimer boste razpo\u010dili steklen balon znotraj tube. Pustite, da teko\u010dina ste\u010de do konice tube. Pri izdelku RM-283 (0,9g) uporabite krpico AKTIVATOR in z njo pobri\u0161ite mesto nanosa lepila Nanesite osnovni premaz na notranjo stran vetrobranskega stekla na ozna\u010den predel. Po\u010dakajte 1\u20132 minuti, da se posu\u0161i. Nanesite eno kapljico lepila na podstavek ogledala. NE RAZMA\u017dITE. Potisnite okvir ogledala na steklo na ozna\u010deno mesto in ga mirno dr\u017eite v tem polo\u017eaju 1-2 minuti, da bi se lepilo posu\u0161ilo. Po\u010dakajte 10 minut in pritrdite ogledalo.<br \/>Na voljo v 0,6 ml+0,4 mlpakiranju.<\/p>\n<p>\u0160t. v kartonu 25<\/p>\n<p><\/p>\n<p><a target=\"_blank\" rel=\"noopener noreferrer nofollow\" href=\"https:\/\/my.chemius.net\/p\/k7UFsx\/en\/pd\/cs\">MSDS<\/a><\/p>\n<p>\u0160ifra izdelka: 03136<\/p>","protected":false},"excerpt":{"rendered":"<p>ZOLLEX Lepilo za vzvratno ogledalo odlil\u010dno lepi steklo in kovino<\/p>","protected":false},"featured_media":32739,"comment_status":"open","ping_status":"closed","template":"","meta":{"_uag_custom_page_level_css":""},"product_brand":[],"product_cat":[43],"product_tag":[],"class_list":{"0":"post-818","1":"product","2":"type-product","3":"status-publish","4":"has-post-thumbnail","6":"product_cat-lepila","8":"first","9":"instock","10":"taxable","11":"shipping-taxable","12":"purchasable","13":"product-type-simple"},"uagb_featured_image_src":{"full":["https:\/\/optimate.si\/wp-content\/uploads\/2026\/05\/ad289e04.jpg",1024,1024,false],"thumbnail":["https:\/\/optimate.si\/wp-content\/uploads\/2026\/05\/ad289e04-150x150.jpg",150,150,true],"medium":["https:\/\/optimate.si\/wp-content\/uploads\/2026\/05\/ad289e04-300x300.jpg",300,300,true],"medium_large":["https:\/\/optimate.si\/wp-content\/uploads\/2026\/05\/ad289e04-768x768.jpg",768,768,true],"large":["https:\/\/optimate.si\/wp-content\/uploads\/2026\/05\/ad289e04.jpg",980,980,false],"1536x1536":["https:\/\/optimate.si\/wp-content\/uploads\/2026\/05\/ad289e04.jpg",1024,1024,false],"2048x2048":["https:\/\/optimate.si\/wp-content\/uploads\/2026\/05\/ad289e04.jpg",1024,1024,false],"trp-custom-language-flag":["https:\/\/optimate.si\/wp-content\/uploads\/2026\/05\/ad289e04-12x12.jpg",12,12,true],"woocommerce_thumbnail":["https:\/\/optimate.si\/wp-content\/uploads\/2026\/05\/ad289e04-324x389.jpg",324,389,true],"woocommerce_single":["https:\/\/optimate.si\/wp-content\/uploads\/2026\/05\/ad289e04-416x416.jpg",416,416,true],"woocommerce_gallery_thumbnail":["https:\/\/optimate.si\/wp-content\/uploads\/2026\/05\/ad289e04-100x100.jpg",100,100,true]},"uagb_author_info":{"display_name":"sergey","author_link":"https:\/\/optimate.si\/hr\/author\/"},"uagb_comment_info":0,"uagb_excerpt":"ZOLLEX Lepilo za vzvratno ogledalo odlil\u010dno lepi steklo in kovino","_links":{"self":[{"href":"https:\/\/optimate.si\/hr\/wp-json\/wp\/v2\/product\/818","targetHints":{"allow":["GET"]}}],"collection":[{"href":"https:\/\/optimate.si\/hr\/wp-json\/wp\/v2\/product"}],"about":[{"href":"https:\/\/optimate.si\/hr\/wp-json\/wp\/v2\/types\/product"}],"replies":[{"embeddable":true,"href":"https:\/\/optimate.si\/hr\/wp-json\/wp\/v2\/comments?post=818"}],"wp:featuredmedia":[{"embeddable":true,"href":"https:\/\/optimate.si\/hr\/wp-json\/wp\/v2\/media\/32739"}],"wp:attachment":[{"href":"https:\/\/optimate.si\/hr\/wp-json\/wp\/v2\/media?parent=818"}],"wp:term":[{"taxonomy":"product_brand","embeddable":true,"href":"https:\/\/optimate.si\/hr\/wp-json\/wp\/v2\/product_brand?post=818"},{"taxonomy":"product_cat","embeddable":true,"href":"https:\/\/optimate.si\/hr\/wp-json\/wp\/v2\/product_cat?post=818"},{"taxonomy":"product_tag","embeddable":true,"href":"https:\/\/optimate.si\/hr\/wp-json\/wp\/v2\/product_tag?post=818"}],"curies":[{"name":"wp","href":"https:\/\/api.w.org\/{rel}","templated":true}]}}