{"id":820,"date":"2025-12-07T23:55:22","date_gmt":"2025-12-07T22:55:22","guid":{"rendered":"https:\/\/optimate.si\/product\/zollex-tesnilo-za-izpusni-sistem-cement-siv-75g-brez-blisterja\/"},"modified":"2026-05-05T14:44:00","modified_gmt":"2026-05-05T12:44:00","slug":"zollex-tesnilo-za-izpusni-sistem-cement-siv-75g-brez-blisterja","status":"publish","type":"product","link":"https:\/\/optimate.si\/hr\/product\/zollex-tesnilo-za-izpusni-sistem-cement-siv-75g-brez-blisterja\/","title":{"rendered":"Tesnilo za izpu\u0161ni sistem\/cement (SIV) 75g (brez blisterja)"},"content":{"rendered":"<p>ZOLLEX Tesnilo za popravilo izpu\u0161nega sistema je uporabno za zakrpanje lukenj in razpok na izpu\u0161nem sistemu vozila ter tudi za kerami\u010dne dele, pe\u010di in kamine, saj prenese temperature do 1100 \u00b0C. Ustvari ognjevarni \u0161iv, ki odli\u010dno tesni spojne dele in razpoke. Preprost nanos, prilo\u017eena je tudi kovinska mre\u017eica (samo pri 142g). Brez vonja.<br \/>Na voljo v pakiranju po 75g.<\/p>\n<p>\u0160t. v kartonu 12<\/p>\n<p><\/p>\n<p><a target=\"_blank\" rel=\"noopener noreferrer nofollow\" href=\"https:\/\/my.chemius.net\/p\/m2wYdr\/en\/pd\/en\">MSDS<\/a><\/p>\n<p>\u0160ifra izdelka: 03137<\/p>","protected":false},"excerpt":{"rendered":"<p>ZOLLEX Tesnilo za popravilo izpu\u0161nega sistema je uporabno za zakrpanje lukenj in razpok na izpu\u0161nem sistemu vozila ter tudi za kerami\u010dne dele, pe\u010di in kamine, saj prenese temperature do 1100 \u00b0C<\/p>","protected":false},"featured_media":32254,"comment_status":"open","ping_status":"closed","template":"","meta":{"_uag_custom_page_level_css":""},"product_brand":[],"product_cat":[43],"product_tag":[],"class_list":{"0":"post-820","1":"product","2":"type-product","3":"status-publish","4":"has-post-thumbnail","6":"product_cat-lepila","8":"first","9":"instock","10":"taxable","11":"shipping-taxable","12":"purchasable","13":"product-type-simple"},"uagb_featured_image_src":{"full":["https:\/\/optimate.si\/wp-content\/uploads\/2026\/05\/c9e398e1.jpg",1024,1024,false],"thumbnail":["https:\/\/optimate.si\/wp-content\/uploads\/2026\/05\/c9e398e1-150x150.jpg",150,150,true],"medium":["https:\/\/optimate.si\/wp-content\/uploads\/2026\/05\/c9e398e1-300x300.jpg",300,300,true],"medium_large":["https:\/\/optimate.si\/wp-content\/uploads\/2026\/05\/c9e398e1-768x768.jpg",768,768,true],"large":["https:\/\/optimate.si\/wp-content\/uploads\/2026\/05\/c9e398e1.jpg",980,980,false],"1536x1536":["https:\/\/optimate.si\/wp-content\/uploads\/2026\/05\/c9e398e1.jpg",1024,1024,false],"2048x2048":["https:\/\/optimate.si\/wp-content\/uploads\/2026\/05\/c9e398e1.jpg",1024,1024,false],"trp-custom-language-flag":["https:\/\/optimate.si\/wp-content\/uploads\/2026\/05\/c9e398e1-12x12.jpg",12,12,true],"woocommerce_thumbnail":["https:\/\/optimate.si\/wp-content\/uploads\/2026\/05\/c9e398e1-324x389.jpg",324,389,true],"woocommerce_single":["https:\/\/optimate.si\/wp-content\/uploads\/2026\/05\/c9e398e1-416x416.jpg",416,416,true],"woocommerce_gallery_thumbnail":["https:\/\/optimate.si\/wp-content\/uploads\/2026\/05\/c9e398e1-100x100.jpg",100,100,true]},"uagb_author_info":{"display_name":"sergey","author_link":"https:\/\/optimate.si\/hr\/author\/"},"uagb_comment_info":0,"uagb_excerpt":"ZOLLEX Tesnilo za popravilo izpu\u0161nega sistema je uporabno za zakrpanje lukenj in razpok na izpu\u0161nem sistemu vozila ter tudi za kerami\u010dne dele, pe\u010di in kamine, saj prenese temperature do 1100 \u00b0C","_links":{"self":[{"href":"https:\/\/optimate.si\/hr\/wp-json\/wp\/v2\/product\/820","targetHints":{"allow":["GET"]}}],"collection":[{"href":"https:\/\/optimate.si\/hr\/wp-json\/wp\/v2\/product"}],"about":[{"href":"https:\/\/optimate.si\/hr\/wp-json\/wp\/v2\/types\/product"}],"replies":[{"embeddable":true,"href":"https:\/\/optimate.si\/hr\/wp-json\/wp\/v2\/comments?post=820"}],"wp:featuredmedia":[{"embeddable":true,"href":"https:\/\/optimate.si\/hr\/wp-json\/wp\/v2\/media\/32254"}],"wp:attachment":[{"href":"https:\/\/optimate.si\/hr\/wp-json\/wp\/v2\/media?parent=820"}],"wp:term":[{"taxonomy":"product_brand","embeddable":true,"href":"https:\/\/optimate.si\/hr\/wp-json\/wp\/v2\/product_brand?post=820"},{"taxonomy":"product_cat","embeddable":true,"href":"https:\/\/optimate.si\/hr\/wp-json\/wp\/v2\/product_cat?post=820"},{"taxonomy":"product_tag","embeddable":true,"href":"https:\/\/optimate.si\/hr\/wp-json\/wp\/v2\/product_tag?post=820"}],"curies":[{"name":"wp","href":"https:\/\/api.w.org\/{rel}","templated":true}]}}