{"id":858,"date":"2025-12-07T23:56:13","date_gmt":"2025-12-07T22:56:13","guid":{"rendered":"https:\/\/optimate.si\/product\/zollex-ttriger-cistilo-za-steklo-500ml\/"},"modified":"2026-05-06T12:12:12","modified_gmt":"2026-05-06T10:12:12","slug":"zollex-ttriger-cistilo-za-steklo-500ml","status":"publish","type":"product","link":"https:\/\/optimate.si\/hr\/product\/zollex-ttriger-cistilo-za-steklo-500ml\/","title":{"rendered":"Glass Cleaner"},"content":{"rendered":"<h3>\u010ci\u0161\u010denje notranjih in zunanjih steklenih povr\u0161in<\/h3>\n<p>ZOLLEX <strong>\u010distilo za steklo<\/strong> je namenjeno \u010di\u0161\u010denju notranjih in zunanjih steklenih povr\u0161in vozila. Formula u\u010dinkovito odstranjuje prah, prstne odtise, cestno umazanijo in druge ne\u010disto\u010de ter zagotavlja popolnoma \u010disto in jasno povr\u0161ino.<\/p>\n<p>Izdelek ima visoko mo\u010d \u010di\u0161\u010denja in po uporabi <strong>ne pu\u0161\u010da made\u017eev ali lis<\/strong>. Po \u010di\u0161\u010denju ustvari tudi rahlo vodoodporen u\u010dinek, ki pomaga zmanj\u0161ati zameglitev stekla in izbolj\u0161a vidljivost.<\/p>\n<p>Hitro izhlapevajo\u010da formula omogo\u010da enostavno \u010di\u0161\u010denje brez mastnega filma na steklu, zato povr\u0161ina ostane \u010dista in prozorna.<\/p>\n<hr>\n<h3>Klju\u010dne lastnosti<\/h3>\n<p>\u2022 Visoka mo\u010d \u010di\u0161\u010denja steklenih povr\u0161in<br \/>\u2022 Ne pu\u0161\u010da made\u017eev ali lis<br \/>\u2022 Hitro izhlapeva brez mastnega filma<br \/>\u2022 Pomaga zmanj\u0161ati zameglitev stekla<br \/>\u2022 Primerno za notranja in zunanja avtomobilska stekla<\/p>\n<hr>\n<h3>Uporaba<\/h3>\n<p>Nanesite \u010distilo <strong>neposredno na steklo<\/strong>.<br \/>Povr\u0161ino obri\u0161ite s <strong>\u010disto in suho krpo, papirnato brisa\u010do ali krpo iz mikrovlaken<\/strong>, dokler ni popolnoma \u010dista.<\/p>\n<p><a target=\"_blank\" rel=\"noopener noreferrer nofollow\" href=\"https:\/\/my.chemius.net\/p\/HFX5rS\/en\/pd\/cs\">MSDS<\/a><\/p>\n<p>\u0160ifra izdelka: 03197<\/p>","protected":false},"excerpt":{"rendered":"<p>\u010cistilo za avtomobilska stekla, ki u\u010dinkovito odstranjuje umazanijo, prstne odtise in cestne obloge ter pusti steklo popolnoma \u010disto brez lis. Hitro izhlapi, ne pu\u0161\u010da mastnih sledi in izbolj\u0161a vidljivost med vo\u017enjo.<\/p>","protected":false},"featured_media":32255,"comment_status":"open","ping_status":"closed","template":"","meta":{"_uag_custom_page_level_css":""},"product_brand":[],"product_cat":[22],"product_tag":[],"class_list":{"0":"post-858","1":"product","2":"type-product","3":"status-publish","4":"has-post-thumbnail","6":"product_cat-01-trigger-spreji","8":"first","9":"instock","10":"taxable","11":"shipping-taxable","12":"purchasable","13":"product-type-simple"},"uagb_featured_image_src":{"full":["https:\/\/optimate.si\/wp-content\/uploads\/2026\/05\/b6f855bf.jpg",1024,1024,false],"thumbnail":["https:\/\/optimate.si\/wp-content\/uploads\/2026\/05\/b6f855bf-150x150.jpg",150,150,true],"medium":["https:\/\/optimate.si\/wp-content\/uploads\/2026\/05\/b6f855bf-300x300.jpg",300,300,true],"medium_large":["https:\/\/optimate.si\/wp-content\/uploads\/2026\/05\/b6f855bf-768x768.jpg",768,768,true],"large":["https:\/\/optimate.si\/wp-content\/uploads\/2026\/05\/b6f855bf.jpg",980,980,false],"1536x1536":["https:\/\/optimate.si\/wp-content\/uploads\/2026\/05\/b6f855bf.jpg",1024,1024,false],"2048x2048":["https:\/\/optimate.si\/wp-content\/uploads\/2026\/05\/b6f855bf.jpg",1024,1024,false],"trp-custom-language-flag":["https:\/\/optimate.si\/wp-content\/uploads\/2026\/05\/b6f855bf-12x12.jpg",12,12,true],"woocommerce_thumbnail":["https:\/\/optimate.si\/wp-content\/uploads\/2026\/05\/b6f855bf-324x389.jpg",324,389,true],"woocommerce_single":["https:\/\/optimate.si\/wp-content\/uploads\/2026\/05\/b6f855bf-416x416.jpg",416,416,true],"woocommerce_gallery_thumbnail":["https:\/\/optimate.si\/wp-content\/uploads\/2026\/05\/b6f855bf-100x100.jpg",100,100,true]},"uagb_author_info":{"display_name":"sergey","author_link":"https:\/\/optimate.si\/hr\/author\/"},"uagb_comment_info":1,"uagb_excerpt":"\u010cistilo za avtomobilska stekla, ki u\u010dinkovito odstranjuje umazanijo, prstne odtise in cestne obloge ter pusti steklo popolnoma \u010disto brez lis. Hitro izhlapi, ne pu\u0161\u010da mastnih sledi in izbolj\u0161a vidljivost med vo\u017enjo.","_links":{"self":[{"href":"https:\/\/optimate.si\/hr\/wp-json\/wp\/v2\/product\/858","targetHints":{"allow":["GET"]}}],"collection":[{"href":"https:\/\/optimate.si\/hr\/wp-json\/wp\/v2\/product"}],"about":[{"href":"https:\/\/optimate.si\/hr\/wp-json\/wp\/v2\/types\/product"}],"replies":[{"embeddable":true,"href":"https:\/\/optimate.si\/hr\/wp-json\/wp\/v2\/comments?post=858"}],"wp:featuredmedia":[{"embeddable":true,"href":"https:\/\/optimate.si\/hr\/wp-json\/wp\/v2\/media\/32255"}],"wp:attachment":[{"href":"https:\/\/optimate.si\/hr\/wp-json\/wp\/v2\/media?parent=858"}],"wp:term":[{"taxonomy":"product_brand","embeddable":true,"href":"https:\/\/optimate.si\/hr\/wp-json\/wp\/v2\/product_brand?post=858"},{"taxonomy":"product_cat","embeddable":true,"href":"https:\/\/optimate.si\/hr\/wp-json\/wp\/v2\/product_cat?post=858"},{"taxonomy":"product_tag","embeddable":true,"href":"https:\/\/optimate.si\/hr\/wp-json\/wp\/v2\/product_tag?post=858"}],"curies":[{"name":"wp","href":"https:\/\/api.w.org\/{rel}","templated":true}]}}