{"id":870,"date":"2025-12-07T23:56:20","date_gmt":"2025-12-07T22:56:20","guid":{"rendered":"https:\/\/optimate.si\/product\/zollex-triger-cistilo-plastike-500ml\/"},"modified":"2026-05-09T11:21:13","modified_gmt":"2026-05-09T09:21:13","slug":"030zollex-triger-cistilo-plastike-500ml","status":"publish","type":"product","link":"https:\/\/optimate.si\/hr\/product\/030zollex-triger-cistilo-plastike-500ml\/","title":{"rendered":"Plastic Cleaner"},"content":{"rendered":"<h3>U\u010dinkovito \u010di\u0161\u010denje plasti\u010dnih povr\u0161in<\/h3>\n<p><strong>Plastic Cleaner<\/strong> odstranjuje prah, ma\u0161\u010dobe in drugo umazanijo.<\/p>\n<hr>\n<h3>Zakaj ga uporabljajo profesionalci<\/h3>\n<p>\u2022 Globinsko in varno \u010di\u0161\u010denje plastike<br \/>\u2022 Ne pu\u0161\u010da made\u017eev <br \/>\u2022 Zmanj\u0161a nabiranje prahu<br \/>\u2022 Odli\u010dna priprava povr\u0161ine pred nanosom Plastic Polish<\/p>\n<hr>\n<h3>Uporaba<\/h3>\n<ol>\n<li>\n<p><strong>Razpr\u0161ite neposredno na povr\u0161ino<\/strong><\/p>\n<\/li>\n<li>\n<p><strong>Obri\u0161ite z mikrofibro<\/strong><\/p>\n<\/li>\n<\/ol>\n<hr>\n<ul>\n<li>\n<p>Ne uporabljajte na <strong>steklu, zaslonih na dotik ali volanu<\/strong>.<\/p>\n<\/p>\n<\/li>\n<\/ul>\n<p><\/p>\n<p><a target=\"_blank\" rel=\"noopener noreferrer nofollow\" href=\"https:\/\/my.chemius.net\/p\/vTmF5U\/en\/pd\/cs\">MSDS<\/a><\/p>\n<p>\u0160ifra izdelka: 03215<\/p>","protected":false},"excerpt":{"rendered":"<p>U\u010dinkovito odstranjuje prah, umazanijo in mast s plasti\u010dnih povr\u0161in.<\/p>","protected":false},"featured_media":32703,"comment_status":"open","ping_status":"closed","template":"","meta":{"_uag_custom_page_level_css":""},"product_brand":[],"product_cat":[22],"product_tag":[],"class_list":{"0":"post-870","1":"product","2":"type-product","3":"status-publish","4":"has-post-thumbnail","6":"product_cat-01-trigger-spreji","8":"first","9":"instock","10":"taxable","11":"shipping-taxable","12":"purchasable","13":"product-type-simple"},"uagb_featured_image_src":{"full":["https:\/\/optimate.si\/wp-content\/uploads\/2026\/05\/e9ebe0aa.jpg",1000,1000,false],"thumbnail":["https:\/\/optimate.si\/wp-content\/uploads\/2026\/05\/e9ebe0aa-150x150.jpg",150,150,true],"medium":["https:\/\/optimate.si\/wp-content\/uploads\/2026\/05\/e9ebe0aa-300x300.jpg",300,300,true],"medium_large":["https:\/\/optimate.si\/wp-content\/uploads\/2026\/05\/e9ebe0aa-768x768.jpg",768,768,true],"large":["https:\/\/optimate.si\/wp-content\/uploads\/2026\/05\/e9ebe0aa.jpg",980,980,false],"1536x1536":["https:\/\/optimate.si\/wp-content\/uploads\/2026\/05\/e9ebe0aa.jpg",1000,1000,false],"2048x2048":["https:\/\/optimate.si\/wp-content\/uploads\/2026\/05\/e9ebe0aa.jpg",1000,1000,false],"trp-custom-language-flag":["https:\/\/optimate.si\/wp-content\/uploads\/2026\/05\/e9ebe0aa-12x12.jpg",12,12,true],"woocommerce_thumbnail":["https:\/\/optimate.si\/wp-content\/uploads\/2026\/05\/e9ebe0aa-324x389.jpg",324,389,true],"woocommerce_single":["https:\/\/optimate.si\/wp-content\/uploads\/2026\/05\/e9ebe0aa-416x416.jpg",416,416,true],"woocommerce_gallery_thumbnail":["https:\/\/optimate.si\/wp-content\/uploads\/2026\/05\/e9ebe0aa-100x100.jpg",100,100,true]},"uagb_author_info":{"display_name":"sergey","author_link":"https:\/\/optimate.si\/hr\/author\/"},"uagb_comment_info":1,"uagb_excerpt":"U\u010dinkovito odstranjuje prah, umazanijo in mast s plasti\u010dnih povr\u0161in.","_links":{"self":[{"href":"https:\/\/optimate.si\/hr\/wp-json\/wp\/v2\/product\/870","targetHints":{"allow":["GET"]}}],"collection":[{"href":"https:\/\/optimate.si\/hr\/wp-json\/wp\/v2\/product"}],"about":[{"href":"https:\/\/optimate.si\/hr\/wp-json\/wp\/v2\/types\/product"}],"replies":[{"embeddable":true,"href":"https:\/\/optimate.si\/hr\/wp-json\/wp\/v2\/comments?post=870"}],"wp:featuredmedia":[{"embeddable":true,"href":"https:\/\/optimate.si\/hr\/wp-json\/wp\/v2\/media\/32703"}],"wp:attachment":[{"href":"https:\/\/optimate.si\/hr\/wp-json\/wp\/v2\/media?parent=870"}],"wp:term":[{"taxonomy":"product_brand","embeddable":true,"href":"https:\/\/optimate.si\/hr\/wp-json\/wp\/v2\/product_brand?post=870"},{"taxonomy":"product_cat","embeddable":true,"href":"https:\/\/optimate.si\/hr\/wp-json\/wp\/v2\/product_cat?post=870"},{"taxonomy":"product_tag","embeddable":true,"href":"https:\/\/optimate.si\/hr\/wp-json\/wp\/v2\/product_tag?post=870"}],"curies":[{"name":"wp","href":"https:\/\/api.w.org\/{rel}","templated":true}]}}