{"id":872,"date":"2025-12-07T23:56:26","date_gmt":"2025-12-07T22:56:26","guid":{"rendered":"https:\/\/optimate.si\/product\/zollex-triger-cistilo-tekstila-500-ml\/"},"modified":"2026-05-09T16:41:22","modified_gmt":"2026-05-09T14:41:22","slug":"035zollex-triger-cistilo-tekstila-500-ml","status":"publish","type":"product","link":"https:\/\/optimate.si\/hr\/product\/035zollex-triger-cistilo-tekstila-500-ml\/","title":{"rendered":"TextileRefresh \u010cistilo za tekstil"},"content":{"rendered":"<h3>Obnovi sede\u017ee in druge tekstilne povr\u0161ine<\/h3>\n<p><strong>TextileRefresh<\/strong> prodre globoko v vlakna, razgradi made\u017ee in odstrani umazanijo. Po uporabi ne pu\u0161\u010da sledi in ne zahteva izpiranja, kar omogo\u010da hitro in enostavno \u010di\u0161\u010denje.<\/p>\n<hr>\n<h3>Uporaba<\/h3>\n<ol>\n<li>\n<p>Nanesite \u010distilo na povr\u0161ino<\/p>\n<\/li>\n<li>\n<p>\u010cistilo ne\u017eno vtrite<\/p>\n<\/li>\n<li>\n<p>Povr\u0161ino obri\u0161ite z <strong>vla\u017eno krpo<\/strong><\/p>\n<\/li>\n<\/ol>\n<p><\/p>\n<p><a target=\"_blank\" rel=\"noopener noreferrer nofollow\" href=\"https:\/\/my.chemius.net\/p\/A84C6c\/en\/pd\/cs\">MSDS<\/a><\/p>\n<p>\u0160ifra izdelka: 03217<\/p>","protected":false},"excerpt":{"rendered":"<p>TextileReborn odstrani made\u017ee ter vlaknom povrne prvotno barvo.<\/p>","protected":false},"featured_media":32740,"comment_status":"open","ping_status":"closed","template":"","meta":{"_uag_custom_page_level_css":""},"product_brand":[],"product_cat":[22],"product_tag":[],"class_list":{"0":"post-872","1":"product","2":"type-product","3":"status-publish","4":"has-post-thumbnail","6":"product_cat-01-trigger-spreji","8":"first","9":"instock","10":"taxable","11":"shipping-taxable","12":"purchasable","13":"product-type-simple"},"uagb_featured_image_src":{"full":["https:\/\/optimate.si\/wp-content\/uploads\/2026\/05\/cf10c1d5-4.jpg",1500,1500,false],"thumbnail":["https:\/\/optimate.si\/wp-content\/uploads\/2026\/05\/cf10c1d5-4-150x150.jpg",150,150,true],"medium":["https:\/\/optimate.si\/wp-content\/uploads\/2026\/05\/cf10c1d5-4-300x300.jpg",300,300,true],"medium_large":["https:\/\/optimate.si\/wp-content\/uploads\/2026\/05\/cf10c1d5-4-768x768.jpg",768,768,true],"large":["https:\/\/optimate.si\/wp-content\/uploads\/2026\/05\/cf10c1d5-4-1024x1024.jpg",980,980,true],"1536x1536":["https:\/\/optimate.si\/wp-content\/uploads\/2026\/05\/cf10c1d5-4.jpg",1500,1500,false],"2048x2048":["https:\/\/optimate.si\/wp-content\/uploads\/2026\/05\/cf10c1d5-4.jpg",1500,1500,false],"trp-custom-language-flag":["https:\/\/optimate.si\/wp-content\/uploads\/2026\/05\/cf10c1d5-4-12x12.jpg",12,12,true],"woocommerce_thumbnail":["https:\/\/optimate.si\/wp-content\/uploads\/2026\/05\/cf10c1d5-4-324x389.jpg",324,389,true],"woocommerce_single":["https:\/\/optimate.si\/wp-content\/uploads\/2026\/05\/cf10c1d5-4-416x416.jpg",416,416,true],"woocommerce_gallery_thumbnail":["https:\/\/optimate.si\/wp-content\/uploads\/2026\/05\/cf10c1d5-4-100x100.jpg",100,100,true]},"uagb_author_info":{"display_name":"sergey","author_link":"https:\/\/optimate.si\/hr\/author\/"},"uagb_comment_info":2,"uagb_excerpt":"TextileReborn odstrani made\u017ee ter vlaknom povrne prvotno barvo.","_links":{"self":[{"href":"https:\/\/optimate.si\/hr\/wp-json\/wp\/v2\/product\/872","targetHints":{"allow":["GET"]}}],"collection":[{"href":"https:\/\/optimate.si\/hr\/wp-json\/wp\/v2\/product"}],"about":[{"href":"https:\/\/optimate.si\/hr\/wp-json\/wp\/v2\/types\/product"}],"replies":[{"embeddable":true,"href":"https:\/\/optimate.si\/hr\/wp-json\/wp\/v2\/comments?post=872"}],"wp:featuredmedia":[{"embeddable":true,"href":"https:\/\/optimate.si\/hr\/wp-json\/wp\/v2\/media\/32740"}],"wp:attachment":[{"href":"https:\/\/optimate.si\/hr\/wp-json\/wp\/v2\/media?parent=872"}],"wp:term":[{"taxonomy":"product_brand","embeddable":true,"href":"https:\/\/optimate.si\/hr\/wp-json\/wp\/v2\/product_brand?post=872"},{"taxonomy":"product_cat","embeddable":true,"href":"https:\/\/optimate.si\/hr\/wp-json\/wp\/v2\/product_cat?post=872"},{"taxonomy":"product_tag","embeddable":true,"href":"https:\/\/optimate.si\/hr\/wp-json\/wp\/v2\/product_tag?post=872"}],"curies":[{"name":"wp","href":"https:\/\/api.w.org\/{rel}","templated":true}]}}