{"id":876,"date":"2025-12-07T23:56:29","date_gmt":"2025-12-07T22:56:29","guid":{"rendered":"https:\/\/optimate.si\/product\/zollex-triger-loscilo-za-pnevmatike-750ml\/"},"modified":"2026-05-08T11:10:50","modified_gmt":"2026-05-08T09:10:50","slug":"015zollex-triger-loscilo-za-pnevmatike-750ml","status":"publish","type":"product","link":"https:\/\/optimate.si\/hr\/product\/015zollex-triger-loscilo-za-pnevmatike-750ml\/","title":{"rendered":"Sijaj za pnevmatike 500 ml"},"content":{"rendered":"<h3>Obnova barve in za\u0161\u010dita pnevmatik<\/h3>\n<p><strong>Black Tire Polish<\/strong> je u\u010dinkovito sredstvo za <strong>nego in za\u0161\u010dito pnevmatik<\/strong>, zasnovano za obnovo zbledelih in sivih gumijastih povr\u0161in.<\/p>\n<p>Obnovi naravno \u010drno barvo pnevmatik in ustvari sijajen videz, hkrati pa \u0161\u010diti gumo pred UV-\u017earki, razpokami in staranjem. Povr\u0161ina ostane za\u0161\u010ditena in vizualno izbolj\u0161ana tudi po vo\u017enji in pranju.<\/p>\n<hr>\n<h3>Klju\u010dne lastnosti<\/h3>\n<p>\u2022 Obnovi globoko \u010drno barvo pnevmatik<br \/>\u2022 Ustvari sijajen videz<br \/>\u2022 \u0160\u010diti pred UV-\u017earki in staranjem<br \/>\u2022 Pomaga prepre\u010devati razpoke na gumi<\/p>\n<hr>\n<h3>Uporaba<\/h3>\n<ol>\n<li>\n<p>Pnevmatiko <strong>temeljito operite in posu\u0161ite<\/strong>.<\/p>\n<\/li>\n<li>\n<p>Enakomerno <strong>po\u0161kropite <\/strong>z razdalje <strong>10\u201315 cm<\/strong>.<\/p>\n<\/li>\n<li>\n<p>Po potrebi razporedite z <strong>gobico ali aplikatorjem<\/strong>.<\/p>\n<\/li>\n<li>\n<p>Pustite su\u0161iti <strong>5\u201310 minut pred vo\u017enjo<\/strong>.<\/p>\n<\/li>\n<li>\n<p>Za ve\u010dji sijaj lahko nanesete <strong>dodatni sloj<\/strong> po su\u0161enju.<\/p>\n<\/li>\n<\/ol>\n<p><\/p>\n<p><a target=\"_blank\" rel=\"noopener noreferrer nofollow\" href=\"https:\/\/my.chemius.net\/p\/DBkTdU\/en\/pd\/cs\">MSDS<\/a><\/p>\n<p>\u0160ifra izdelka: 03220<\/p>","protected":false},"excerpt":{"rendered":"<p>Obnovi globoko \u010drno barvo in doda sijajen videz. Za\u0161\u010diti gumo pred UV-\u017earki, razpokami in staranjem ter izbolj\u0161a izgled vozila.<\/p>","protected":false},"featured_media":32644,"comment_status":"open","ping_status":"closed","template":"","meta":{"_uag_custom_page_level_css":""},"product_brand":[],"product_cat":[22],"product_tag":[],"class_list":{"0":"post-876","1":"product","2":"type-product","3":"status-publish","4":"has-post-thumbnail","6":"product_cat-01-trigger-spreji","8":"first","9":"instock","10":"taxable","11":"shipping-taxable","12":"purchasable","13":"product-type-simple"},"uagb_featured_image_src":{"full":["https:\/\/optimate.si\/wp-content\/uploads\/2026\/05\/731bd48b-1.jpg",1500,1500,false],"thumbnail":["https:\/\/optimate.si\/wp-content\/uploads\/2026\/05\/731bd48b-1-150x150.jpg",150,150,true],"medium":["https:\/\/optimate.si\/wp-content\/uploads\/2026\/05\/731bd48b-1-300x300.jpg",300,300,true],"medium_large":["https:\/\/optimate.si\/wp-content\/uploads\/2026\/05\/731bd48b-1-768x768.jpg",768,768,true],"large":["https:\/\/optimate.si\/wp-content\/uploads\/2026\/05\/731bd48b-1-1024x1024.jpg",980,980,true],"1536x1536":["https:\/\/optimate.si\/wp-content\/uploads\/2026\/05\/731bd48b-1.jpg",1500,1500,false],"2048x2048":["https:\/\/optimate.si\/wp-content\/uploads\/2026\/05\/731bd48b-1.jpg",1500,1500,false],"trp-custom-language-flag":["https:\/\/optimate.si\/wp-content\/uploads\/2026\/05\/731bd48b-1-12x12.jpg",12,12,true],"woocommerce_thumbnail":["https:\/\/optimate.si\/wp-content\/uploads\/2026\/05\/731bd48b-1-324x389.jpg",324,389,true],"woocommerce_single":["https:\/\/optimate.si\/wp-content\/uploads\/2026\/05\/731bd48b-1-416x416.jpg",416,416,true],"woocommerce_gallery_thumbnail":["https:\/\/optimate.si\/wp-content\/uploads\/2026\/05\/731bd48b-1-100x100.jpg",100,100,true]},"uagb_author_info":{"display_name":"sergey","author_link":"https:\/\/optimate.si\/hr\/author\/"},"uagb_comment_info":1,"uagb_excerpt":"Obnovi globoko \u010drno barvo in doda sijajen videz. Za\u0161\u010diti gumo pred UV-\u017earki, razpokami in staranjem ter izbolj\u0161a izgled vozila.","_links":{"self":[{"href":"https:\/\/optimate.si\/hr\/wp-json\/wp\/v2\/product\/876","targetHints":{"allow":["GET"]}}],"collection":[{"href":"https:\/\/optimate.si\/hr\/wp-json\/wp\/v2\/product"}],"about":[{"href":"https:\/\/optimate.si\/hr\/wp-json\/wp\/v2\/types\/product"}],"replies":[{"embeddable":true,"href":"https:\/\/optimate.si\/hr\/wp-json\/wp\/v2\/comments?post=876"}],"wp:featuredmedia":[{"embeddable":true,"href":"https:\/\/optimate.si\/hr\/wp-json\/wp\/v2\/media\/32644"}],"wp:attachment":[{"href":"https:\/\/optimate.si\/hr\/wp-json\/wp\/v2\/media?parent=876"}],"wp:term":[{"taxonomy":"product_brand","embeddable":true,"href":"https:\/\/optimate.si\/hr\/wp-json\/wp\/v2\/product_brand?post=876"},{"taxonomy":"product_cat","embeddable":true,"href":"https:\/\/optimate.si\/hr\/wp-json\/wp\/v2\/product_cat?post=876"},{"taxonomy":"product_tag","embeddable":true,"href":"https:\/\/optimate.si\/hr\/wp-json\/wp\/v2\/product_tag?post=876"}],"curies":[{"name":"wp","href":"https:\/\/api.w.org\/{rel}","templated":true}]}}