{"id":878,"date":"2025-12-07T23:56:30","date_gmt":"2025-12-07T22:56:30","guid":{"rendered":"https:\/\/optimate.si\/product\/zollex-zascita-podvozja-crna-520ml\/"},"modified":"2026-05-05T14:44:09","modified_gmt":"2026-05-05T12:44:09","slug":"021zollex-zascita-podvozja-crna-520ml","status":"publish","type":"product","link":"https:\/\/optimate.si\/hr\/product\/021zollex-zascita-podvozja-crna-520ml\/","title":{"rendered":"UnderGuard Bitumen Za\u0161\u010dita podvozja"},"content":{"rendered":"<h3>Za\u0161\u010dita podvozja 520 ml<\/h3>\n<p><strong>UnderGuard<\/strong> je <strong>bitumenski za\u0161\u010ditni premaz za podvozje<\/strong>, zasnovan za za\u0161\u010dito kovinskih delov vozila pred korozijo, vlago, cestno soljo in udarci kamenja.<\/p>\n<p><strong>UnderGuard<\/strong> z bitumnom, za\u0161\u010ditnimi smolami in mineralnimi dodatki ustvari <strong>debelo, elasti\u010dno za\u0161\u010ditno plast<\/strong>, ki se mo\u010dno oprime podvozja. Ta <strong>antikorozijski premaz za podvozje<\/strong> u\u010dinkovito \u0161\u010diti kovinske povr\u0161ine ter pomaga podalj\u0161ati \u017eivljenjsko dobo vozila tudi v zahtevnih vremenskih razmerah.<\/p>\n<hr>\n<h3>Klju\u010dne lastnosti<\/h3>\n<p>\u2022 <strong>Debela za\u0161\u010ditna plast<\/strong> <br \/>\u2022 <strong>Zvo\u010dna izolacija<\/strong> \u2013 pomaga zmanj\u0161ati hrup in vibracije<br \/>\u2022 <strong>Visoka mehanska in kemi\u010dna odpornost<\/strong><br \/>\u2022 <strong>Dolgotrajna protikorozijska za\u0161\u010dita<\/strong><\/p>\n<hr>\n<h3>Uporaba<\/h3>\n<ol>\n<li>\n<p><strong>Povr\u0161ino temeljito o\u010distite in razmastite.<\/strong> Odstranite rjo, stare premaze in umazanijo.<\/p>\n<\/li>\n<li>\n<p><strong>Plo\u010devinko mo\u010dno pretresajte.<\/strong><\/p>\n<\/li>\n<li>\n<p><strong>Enakomerno razpr\u0161ite z razdalje 20 cm.<\/strong><\/p>\n<\/li>\n<li>\n<p>Za najbolj\u0161e rezultate nanesite <strong>ve\u010d tankih slojev<\/strong>, pri \u010demer naj se vsak sloj rahlo posu\u0161i pred nanosom naslednjega.<\/p>\n<\/li>\n<\/ol>\n<h3><\/h3>\n<ul>\n<li>\n<p>Ni primerno za nana\u0161anje na <strong>vro\u010de povr\u0161ine<\/strong>.<\/p>\n<\/li>\n<\/ul>\n<p><a target=\"_blank\" rel=\"noopener noreferrer nofollow\" href=\"https:\/\/my.chemius.net\/p\/gl5Nvz\/en\/pd\/cs\">MSDS<\/a><\/p>\n<p>\u0160ifra izdelka: 03284<\/p>","protected":false},"excerpt":{"rendered":"<p>Za\u0161\u010ditni premaz za podvozje vozila v spreju, ki ustvarja debelo elasti\u010dno plast proti rji, soli, vlagi in udarcem kamenja. UnderGuard zagotavlja dolgotrajno protikorozijsko za\u0161\u010dito podvozja in \u0161\u010diti vozilo v vseh vremenskih pogojih.<\/p>","protected":false},"featured_media":32263,"comment_status":"open","ping_status":"closed","template":"","meta":{"_uag_custom_page_level_css":""},"product_brand":[],"product_cat":[17],"product_tag":[],"class_list":{"0":"post-878","1":"product","2":"type-product","3":"status-publish","4":"has-post-thumbnail","6":"product_cat-03-tehnicna-kemija","8":"first","9":"instock","10":"taxable","11":"shipping-taxable","12":"purchasable","13":"product-type-simple"},"uagb_featured_image_src":{"full":["https:\/\/optimate.si\/wp-content\/uploads\/2026\/05\/ef8b3e64.jpg",1024,1024,false],"thumbnail":["https:\/\/optimate.si\/wp-content\/uploads\/2026\/05\/ef8b3e64-150x150.jpg",150,150,true],"medium":["https:\/\/optimate.si\/wp-content\/uploads\/2026\/05\/ef8b3e64-300x300.jpg",300,300,true],"medium_large":["https:\/\/optimate.si\/wp-content\/uploads\/2026\/05\/ef8b3e64-768x768.jpg",768,768,true],"large":["https:\/\/optimate.si\/wp-content\/uploads\/2026\/05\/ef8b3e64.jpg",980,980,false],"1536x1536":["https:\/\/optimate.si\/wp-content\/uploads\/2026\/05\/ef8b3e64.jpg",1024,1024,false],"2048x2048":["https:\/\/optimate.si\/wp-content\/uploads\/2026\/05\/ef8b3e64.jpg",1024,1024,false],"trp-custom-language-flag":["https:\/\/optimate.si\/wp-content\/uploads\/2026\/05\/ef8b3e64-12x12.jpg",12,12,true],"woocommerce_thumbnail":["https:\/\/optimate.si\/wp-content\/uploads\/2026\/05\/ef8b3e64-324x389.jpg",324,389,true],"woocommerce_single":["https:\/\/optimate.si\/wp-content\/uploads\/2026\/05\/ef8b3e64-416x416.jpg",416,416,true],"woocommerce_gallery_thumbnail":["https:\/\/optimate.si\/wp-content\/uploads\/2026\/05\/ef8b3e64-100x100.jpg",100,100,true]},"uagb_author_info":{"display_name":"sergey","author_link":"https:\/\/optimate.si\/hr\/author\/"},"uagb_comment_info":1,"uagb_excerpt":"Za\u0161\u010ditni premaz za podvozje vozila v spreju, ki ustvarja debelo elasti\u010dno plast proti rji, soli, vlagi in udarcem kamenja. UnderGuard zagotavlja dolgotrajno protikorozijsko za\u0161\u010dito podvozja in \u0161\u010diti vozilo v vseh vremenskih pogojih.","_links":{"self":[{"href":"https:\/\/optimate.si\/hr\/wp-json\/wp\/v2\/product\/878","targetHints":{"allow":["GET"]}}],"collection":[{"href":"https:\/\/optimate.si\/hr\/wp-json\/wp\/v2\/product"}],"about":[{"href":"https:\/\/optimate.si\/hr\/wp-json\/wp\/v2\/types\/product"}],"replies":[{"embeddable":true,"href":"https:\/\/optimate.si\/hr\/wp-json\/wp\/v2\/comments?post=878"}],"wp:featuredmedia":[{"embeddable":true,"href":"https:\/\/optimate.si\/hr\/wp-json\/wp\/v2\/media\/32263"}],"wp:attachment":[{"href":"https:\/\/optimate.si\/hr\/wp-json\/wp\/v2\/media?parent=878"}],"wp:term":[{"taxonomy":"product_brand","embeddable":true,"href":"https:\/\/optimate.si\/hr\/wp-json\/wp\/v2\/product_brand?post=878"},{"taxonomy":"product_cat","embeddable":true,"href":"https:\/\/optimate.si\/hr\/wp-json\/wp\/v2\/product_cat?post=878"},{"taxonomy":"product_tag","embeddable":true,"href":"https:\/\/optimate.si\/hr\/wp-json\/wp\/v2\/product_tag?post=878"}],"curies":[{"name":"wp","href":"https:\/\/api.w.org\/{rel}","templated":true}]}}