{"id":8970,"date":"2026-02-01T19:30:51","date_gmt":"2026-02-01T18:30:51","guid":{"rendered":"https:\/\/optimate.si\/product\/zollex-dvostranska-mikrovlaknena-krpa-rumeno-siva-3040-cm-600g-m2-17516\/"},"modified":"2026-05-08T15:10:59","modified_gmt":"2026-05-08T13:10:59","slug":"021zollex-dvostranska-mikrovlaknena-krpa-rumeno-siva-3040-cm-600g-m2-17516","status":"publish","type":"product","link":"https:\/\/optimate.si\/hr\/product\/021zollex-dvostranska-mikrovlaknena-krpa-rumeno-siva-3040-cm-600g-m2-17516\/","title":{"rendered":"Dvostranska krpa iz mikrovlaken"},"content":{"rendered":"<p>Zollex <strong>dvostranska mikrovlaknasta krpa (600 GSM) 30cm:40cm<\/strong><\/p>\n<p>Ultra mehka vlakna varno odstranijo umazanijo, prstne odtise in vlago brez prask ali sledi.<\/p>\n<hr>\n<h3>Klju\u010dne lastnosti<\/h3>\n<p>\u2022 Dvostranska zasnova <br \/>\u2022 600 GSM za visoko vpojnost<br \/>\u2022 Ultra mehka<br \/>\u2022 Brez pu\u0161\u010danja vlaken<\/p>\n<hr>\n<h3>Uporaba<\/h3>\n<ol>\n<li>\n<p>Uporabite suho ali rahlo vla\u017eno krpo.<\/p>\n<\/li>\n<li>\n<p>Ne\u017eno obri\u0161ite povr\u0161ino.<\/p>\n<\/li>\n<li>\n<p>Po potrebi uporabite drugo stran za su\u0161enje ali poliranje.<\/p>\n<\/li>\n<\/ol>\n<p>Primerno za <strong>notranjost (zasloni, plastika, usnje)<\/strong> in <strong>zunanjost (lak, steklo, krom)<\/strong>.<\/p>\n<p>\u0160ifra izdelka: 04097<\/p>","protected":false},"excerpt":{"rendered":"<p>Dvostranska mikrovlaknasta krpa za u\u010dinkovito \u010di\u0161\u010denje. <\/p>","protected":false},"featured_media":32676,"comment_status":"open","ping_status":"closed","template":"","meta":{"_uag_custom_page_level_css":""},"product_brand":[],"product_cat":[20],"product_tag":[],"class_list":{"0":"post-8970","1":"product","2":"type-product","3":"status-publish","4":"has-post-thumbnail","6":"product_cat-040-krpe","8":"first","9":"instock","10":"taxable","11":"shipping-taxable","12":"purchasable","13":"product-type-simple"},"uagb_featured_image_src":{"full":["https:\/\/optimate.si\/wp-content\/uploads\/2026\/05\/0b0ee562-2.jpg",1024,1024,false],"thumbnail":["https:\/\/optimate.si\/wp-content\/uploads\/2026\/05\/0b0ee562-2-150x150.jpg",150,150,true],"medium":["https:\/\/optimate.si\/wp-content\/uploads\/2026\/05\/0b0ee562-2-300x300.jpg",300,300,true],"medium_large":["https:\/\/optimate.si\/wp-content\/uploads\/2026\/05\/0b0ee562-2-768x768.jpg",768,768,true],"large":["https:\/\/optimate.si\/wp-content\/uploads\/2026\/05\/0b0ee562-2.jpg",980,980,false],"1536x1536":["https:\/\/optimate.si\/wp-content\/uploads\/2026\/05\/0b0ee562-2.jpg",1024,1024,false],"2048x2048":["https:\/\/optimate.si\/wp-content\/uploads\/2026\/05\/0b0ee562-2.jpg",1024,1024,false],"trp-custom-language-flag":["https:\/\/optimate.si\/wp-content\/uploads\/2026\/05\/0b0ee562-2-12x12.jpg",12,12,true],"woocommerce_thumbnail":["https:\/\/optimate.si\/wp-content\/uploads\/2026\/05\/0b0ee562-2-324x389.jpg",324,389,true],"woocommerce_single":["https:\/\/optimate.si\/wp-content\/uploads\/2026\/05\/0b0ee562-2-416x416.jpg",416,416,true],"woocommerce_gallery_thumbnail":["https:\/\/optimate.si\/wp-content\/uploads\/2026\/05\/0b0ee562-2-100x100.jpg",100,100,true]},"uagb_author_info":{"display_name":"sergey","author_link":"https:\/\/optimate.si\/hr\/author\/"},"uagb_comment_info":1,"uagb_excerpt":"Dvostranska mikrovlaknasta krpa za u\u010dinkovito \u010di\u0161\u010denje.","_links":{"self":[{"href":"https:\/\/optimate.si\/hr\/wp-json\/wp\/v2\/product\/8970","targetHints":{"allow":["GET"]}}],"collection":[{"href":"https:\/\/optimate.si\/hr\/wp-json\/wp\/v2\/product"}],"about":[{"href":"https:\/\/optimate.si\/hr\/wp-json\/wp\/v2\/types\/product"}],"replies":[{"embeddable":true,"href":"https:\/\/optimate.si\/hr\/wp-json\/wp\/v2\/comments?post=8970"}],"wp:featuredmedia":[{"embeddable":true,"href":"https:\/\/optimate.si\/hr\/wp-json\/wp\/v2\/media\/32676"}],"wp:attachment":[{"href":"https:\/\/optimate.si\/hr\/wp-json\/wp\/v2\/media?parent=8970"}],"wp:term":[{"taxonomy":"product_brand","embeddable":true,"href":"https:\/\/optimate.si\/hr\/wp-json\/wp\/v2\/product_brand?post=8970"},{"taxonomy":"product_cat","embeddable":true,"href":"https:\/\/optimate.si\/hr\/wp-json\/wp\/v2\/product_cat?post=8970"},{"taxonomy":"product_tag","embeddable":true,"href":"https:\/\/optimate.si\/hr\/wp-json\/wp\/v2\/product_tag?post=8970"}],"curies":[{"name":"wp","href":"https:\/\/api.w.org\/{rel}","templated":true}]}}