{"id":8975,"date":"2026-02-01T19:50:49","date_gmt":"2026-02-01T18:50:49","guid":{"rendered":"https:\/\/optimate.si\/product\/zollex-profesionalna-siva-mikrovlaknena-krpa-dvojna-4040-cm1200-g-m2\/"},"modified":"2026-05-06T21:42:37","modified_gmt":"2026-05-06T19:42:37","slug":"015zollex-profesionalna-siva-mikrovlaknena-krpa-dvojna-4040-cm1200-g-m2","status":"publish","type":"product","link":"https:\/\/optimate.si\/hr\/product\/015zollex-profesionalna-siva-mikrovlaknena-krpa-dvojna-4040-cm1200-g-m2\/","title":{"rendered":"TwistedDry Kompaktna su\u0161ilna krpa"},"content":{"rendered":"<p><iframe loading=\"lazy\" title=\"Absorbent Extra | Zollex Pro\" width=\"980\" height=\"551\" src=\"https:\/\/www.youtube.com\/embed\/XFJVMn0qpms?feature=oembed\" frameborder=\"0\" allow=\"accelerometer; autoplay; clipboard-write; encrypted-media; gyroscope; picture-in-picture; web-share\" referrerpolicy=\"strict-origin-when-cross-origin\" allowfullscreen><\/iframe> <\/p>\n<p><strong>Nikoli ne pustite, da se avto su\u0161i na soncu<\/strong><\/p>\n<p>\u010ce pustite, da se avto po pranju posu\u0161i sam, se na laku pojavijo vodni made\u017ei. Posu\u0161ena voda namre\u010d na povr\u0161ini pusti drobne mineralne ostanke. Ti made\u017ei lahko povzro\u010dijo, da je avto videti ponovno umazan, \u010deprav ste ga pravkar oprali. S\u010dasoma jih je te\u017eko in drago odstraniti, pogosto je potrebno celo poliranje. Zato je veliko la\u017eje made\u017ee prepre\u010diti kot jih kasneje odstranjevati.<\/p>\n<hr>\n<p>\u2022 Izjemna vpojnost 1200 g\/m2<br \/>\u2022 Deluje tudi, ko je brisa\u010da popolnoma prepojena<br \/>\u2022 Ne pu\u0161\u010da prog ali vodnih made\u017eev<br \/>\u2022 Ultra-mehka mikrovlakna \u0161\u010ditijo lak<br \/>\u2022 40cm:40cm povr\u0161ina<\/p>\n<\/p>\n<p>\u0160ifra izdelka: 04095<\/p>","protected":false},"excerpt":{"rendered":"<p>Izjemno vpojna Twisted Loop krpa za su\u0161enje avtomobila, hitro odstrani vodo brez prog in brez prask na laku.<\/p>","protected":false},"featured_media":32372,"comment_status":"open","ping_status":"closed","template":"","meta":{"_uag_custom_page_level_css":""},"product_brand":[],"product_cat":[20],"product_tag":[],"class_list":{"0":"post-8975","1":"product","2":"type-product","3":"status-publish","4":"has-post-thumbnail","6":"product_cat-040-krpe","8":"first","9":"instock","10":"taxable","11":"shipping-taxable","12":"purchasable","13":"product-type-simple"},"uagb_featured_image_src":{"full":["https:\/\/optimate.si\/wp-content\/uploads\/2026\/05\/7debf545.jpg",1024,1024,false],"thumbnail":["https:\/\/optimate.si\/wp-content\/uploads\/2026\/05\/7debf545-150x150.jpg",150,150,true],"medium":["https:\/\/optimate.si\/wp-content\/uploads\/2026\/05\/7debf545-300x300.jpg",300,300,true],"medium_large":["https:\/\/optimate.si\/wp-content\/uploads\/2026\/05\/7debf545-768x768.jpg",768,768,true],"large":["https:\/\/optimate.si\/wp-content\/uploads\/2026\/05\/7debf545.jpg",980,980,false],"1536x1536":["https:\/\/optimate.si\/wp-content\/uploads\/2026\/05\/7debf545.jpg",1024,1024,false],"2048x2048":["https:\/\/optimate.si\/wp-content\/uploads\/2026\/05\/7debf545.jpg",1024,1024,false],"trp-custom-language-flag":["https:\/\/optimate.si\/wp-content\/uploads\/2026\/05\/7debf545-12x12.jpg",12,12,true],"woocommerce_thumbnail":["https:\/\/optimate.si\/wp-content\/uploads\/2026\/05\/7debf545-324x389.jpg",324,389,true],"woocommerce_single":["https:\/\/optimate.si\/wp-content\/uploads\/2026\/05\/7debf545-416x416.jpg",416,416,true],"woocommerce_gallery_thumbnail":["https:\/\/optimate.si\/wp-content\/uploads\/2026\/05\/7debf545-100x100.jpg",100,100,true]},"uagb_author_info":{"display_name":"sergey","author_link":"https:\/\/optimate.si\/hr\/author\/"},"uagb_comment_info":1,"uagb_excerpt":"Izjemno vpojna Twisted Loop krpa za su\u0161enje avtomobila, hitro odstrani vodo brez prog in brez prask na laku.","_links":{"self":[{"href":"https:\/\/optimate.si\/hr\/wp-json\/wp\/v2\/product\/8975","targetHints":{"allow":["GET"]}}],"collection":[{"href":"https:\/\/optimate.si\/hr\/wp-json\/wp\/v2\/product"}],"about":[{"href":"https:\/\/optimate.si\/hr\/wp-json\/wp\/v2\/types\/product"}],"replies":[{"embeddable":true,"href":"https:\/\/optimate.si\/hr\/wp-json\/wp\/v2\/comments?post=8975"}],"wp:featuredmedia":[{"embeddable":true,"href":"https:\/\/optimate.si\/hr\/wp-json\/wp\/v2\/media\/32372"}],"wp:attachment":[{"href":"https:\/\/optimate.si\/hr\/wp-json\/wp\/v2\/media?parent=8975"}],"wp:term":[{"taxonomy":"product_brand","embeddable":true,"href":"https:\/\/optimate.si\/hr\/wp-json\/wp\/v2\/product_brand?post=8975"},{"taxonomy":"product_cat","embeddable":true,"href":"https:\/\/optimate.si\/hr\/wp-json\/wp\/v2\/product_cat?post=8975"},{"taxonomy":"product_tag","embeddable":true,"href":"https:\/\/optimate.si\/hr\/wp-json\/wp\/v2\/product_tag?post=8975"}],"curies":[{"name":"wp","href":"https:\/\/api.w.org\/{rel}","templated":true}]}}