{"id":911,"date":"2025-12-07T23:57:22","date_gmt":"2025-12-07T22:57:22","guid":{"rendered":"https:\/\/optimate.si\/product\/zollex-triger-nega-usnja-500ml\/"},"modified":"2026-05-08T14:31:00","modified_gmt":"2026-05-08T12:31:00","slug":"045zollex-triger-nega-usnja-500ml","status":"publish","type":"product","link":"https:\/\/optimate.si\/hr\/product\/045zollex-triger-nega-usnja-500ml\/","title":{"rendered":"Leather Conditioner"},"content":{"rendered":"<h3>Vla\u017eenje in za\u0161\u010dita usnja<\/h3>\n<p>Redna uporaba prepre\u010duje izsu\u0161evanje, pokanje in staranje usnja. Izdelek prav tako \u0161\u010diti povr\u0161ino pred <strong>UV-\u017earki<\/strong>, ki lahko povzro\u010dijo bledenje in po\u0161kodbe materiala.<\/p>\n<p>Primeren je za <strong>usnjene avtomobilske sede\u017ee, volane in druge usnjene povr\u0161ine v notranjosti vozila<\/strong>.<\/p>\n<hr>\n<h3>Klju\u010dne lastnosti<\/h3>\n<p>\u2022 Vla\u017ei in obnavlja<br \/>\u2022 Prepre\u010duje pokanje in izsu\u0161evanje<br \/>\u2022 \u0160\u010diti povr\u0161ino pred UV-sevanjem<\/p>\n<hr>\n<h3>Uporaba<\/h3>\n<ol>\n<li>\n<p>Pred uporabo <strong>o\u010distite usnje s \u010distilom Leather Cleaner<\/strong>.<\/p>\n<\/li>\n<li>\n<p>Nanesite izdelek na povr\u0161ino.<\/p>\n<\/li>\n<li>\n<p>Z <strong>mehko in \u010disto krpo<\/strong> enakomerno vtrite v usnje.<\/p>\n<\/li>\n<li>\n<p>Po\u010dakajte <strong>5\u201310 minut<\/strong>.<\/p>\n<\/li>\n<\/ol>\n<p>Priporo\u010dljivo je, da usnje prema\u017eete <strong>vsaj enkrat na mesec<\/strong>.<\/p>\n<p><a target=\"_blank\" rel=\"noopener noreferrer nofollow\" href=\"https:\/\/my.chemius.net\/p\/aJrUsl\/en\/pd\/en\">MSDS<\/a><\/p>\n<p>\u0160ifra izdelka: 03296<\/p>","protected":false},"excerpt":{"rendered":"<p>Obnavlja in \u0161\u010diti usnjene povr\u0161ine pred izsu\u0161itvijo ter staranjem. <\/p>","protected":false},"featured_media":32659,"comment_status":"open","ping_status":"closed","template":"","meta":{"_uag_custom_page_level_css":""},"product_brand":[],"product_cat":[22],"product_tag":[],"class_list":{"0":"post-911","1":"product","2":"type-product","3":"status-publish","4":"has-post-thumbnail","6":"product_cat-01-trigger-spreji","8":"first","9":"instock","10":"taxable","11":"shipping-taxable","12":"purchasable","13":"product-type-simple"},"uagb_featured_image_src":{"full":["https:\/\/optimate.si\/wp-content\/uploads\/2026\/05\/200de142-2.jpg",1024,1024,false],"thumbnail":["https:\/\/optimate.si\/wp-content\/uploads\/2026\/05\/200de142-2-150x150.jpg",150,150,true],"medium":["https:\/\/optimate.si\/wp-content\/uploads\/2026\/05\/200de142-2-300x300.jpg",300,300,true],"medium_large":["https:\/\/optimate.si\/wp-content\/uploads\/2026\/05\/200de142-2-768x768.jpg",768,768,true],"large":["https:\/\/optimate.si\/wp-content\/uploads\/2026\/05\/200de142-2.jpg",980,980,false],"1536x1536":["https:\/\/optimate.si\/wp-content\/uploads\/2026\/05\/200de142-2.jpg",1024,1024,false],"2048x2048":["https:\/\/optimate.si\/wp-content\/uploads\/2026\/05\/200de142-2.jpg",1024,1024,false],"trp-custom-language-flag":["https:\/\/optimate.si\/wp-content\/uploads\/2026\/05\/200de142-2-12x12.jpg",12,12,true],"woocommerce_thumbnail":["https:\/\/optimate.si\/wp-content\/uploads\/2026\/05\/200de142-2-324x389.jpg",324,389,true],"woocommerce_single":["https:\/\/optimate.si\/wp-content\/uploads\/2026\/05\/200de142-2-416x416.jpg",416,416,true],"woocommerce_gallery_thumbnail":["https:\/\/optimate.si\/wp-content\/uploads\/2026\/05\/200de142-2-100x100.jpg",100,100,true]},"uagb_author_info":{"display_name":"sergey","author_link":"https:\/\/optimate.si\/hr\/author\/"},"uagb_comment_info":1,"uagb_excerpt":"Obnavlja in \u0161\u010diti usnjene povr\u0161ine pred izsu\u0161itvijo ter staranjem.","_links":{"self":[{"href":"https:\/\/optimate.si\/hr\/wp-json\/wp\/v2\/product\/911","targetHints":{"allow":["GET"]}}],"collection":[{"href":"https:\/\/optimate.si\/hr\/wp-json\/wp\/v2\/product"}],"about":[{"href":"https:\/\/optimate.si\/hr\/wp-json\/wp\/v2\/types\/product"}],"replies":[{"embeddable":true,"href":"https:\/\/optimate.si\/hr\/wp-json\/wp\/v2\/comments?post=911"}],"wp:featuredmedia":[{"embeddable":true,"href":"https:\/\/optimate.si\/hr\/wp-json\/wp\/v2\/media\/32659"}],"wp:attachment":[{"href":"https:\/\/optimate.si\/hr\/wp-json\/wp\/v2\/media?parent=911"}],"wp:term":[{"taxonomy":"product_brand","embeddable":true,"href":"https:\/\/optimate.si\/hr\/wp-json\/wp\/v2\/product_brand?post=911"},{"taxonomy":"product_cat","embeddable":true,"href":"https:\/\/optimate.si\/hr\/wp-json\/wp\/v2\/product_cat?post=911"},{"taxonomy":"product_tag","embeddable":true,"href":"https:\/\/optimate.si\/hr\/wp-json\/wp\/v2\/product_tag?post=911"}],"curies":[{"name":"wp","href":"https:\/\/api.w.org\/{rel}","templated":true}]}}