{"id":915,"date":"2025-12-07T23:57:27","date_gmt":"2025-12-07T22:57:27","guid":{"rendered":"https:\/\/optimate.si\/product\/zollex-triger-cistilo-usnja-500ml\/"},"modified":"2026-05-08T14:31:04","modified_gmt":"2026-05-08T12:31:04","slug":"040zollex-triger-cistilo-usnja-500ml","status":"publish","type":"product","link":"https:\/\/optimate.si\/hr\/product\/040zollex-triger-cistilo-usnja-500ml\/","title":{"rendered":"Leather Cleaner"},"content":{"rendered":"<p>Leather Cleaner globinsko raztopi umazanijo in vrne usnju \u010dist videz. Usnje postane spet mehko na dotik, barva se obnovi, neprijeten vonj pa izgine. Tisto kar si mislil, da je obraba in starost, v ve\u010dini primerov samo globoka umazanija ki je \u010dakala na pravo \u010distilo.<\/p>\n<hr>\n<h3>Klju\u010dne lastnosti<\/h3>\n<ul>\n<li>\n<p>Popolnoma o\u010disti usnjene povr\u0161ine<\/p>\n<\/li>\n<li>\n<p>Ne pu\u0161\u010da made\u017eev<\/p>\n<\/li>\n<li>\n<p>Nevtralizira neprijetne vonjave<\/p>\n<\/li>\n<li>\n<p>Primerno je za vse <strong>usnjene povr\u0161ine<\/strong>.<\/p>\n<\/li>\n<\/ul>\n<hr>\n<h3>Uporaba<\/h3>\n<ol>\n<li>\n<p>Razpr\u0161ite izdelek z razdalje <strong>15\u201320 cm<\/strong>.<\/p>\n<\/li>\n<li>\n<p>Obri\u0161ite z mehko krpo.<\/p>\n<\/li>\n<li>\n<p>\u010ce je povr\u0161ina zelo umazana, postopek ponovite.<\/p>\n<\/li>\n<\/ol>\n<p>Za najbolj\u0161e rezultate po \u010di\u0161\u010denju uporabite <strong>LeatherCondition<\/strong> za dodatno za\u0161\u010dito usnja.<\/p>\n<\/p>\n<p><a target=\"_blank\" rel=\"noopener noreferrer nofollow\" href=\"https:\/\/my.chemius.net\/p\/Ltvb4m\/en\/pd\/en\">MSDS<\/a><\/p>\n<p>\u0160ifra izdelka: 03297<\/p>","protected":false},"excerpt":{"rendered":"<p>Ve\u010dina umazanije, ki jo vidi\u0161, ni obraba \u2014 ampak leta nabranega prahu in ma\u0161\u010dob, ki so se zapekli v usnje.<\/p>","protected":false},"featured_media":32661,"comment_status":"open","ping_status":"closed","template":"","meta":{"_uag_custom_page_level_css":""},"product_brand":[],"product_cat":[22],"product_tag":[],"class_list":{"0":"post-915","1":"product","2":"type-product","3":"status-publish","4":"has-post-thumbnail","6":"product_cat-01-trigger-spreji","8":"first","9":"instock","10":"taxable","11":"shipping-taxable","12":"purchasable","13":"product-type-simple"},"uagb_featured_image_src":{"full":["https:\/\/optimate.si\/wp-content\/uploads\/2026\/05\/1471c8c8-2.jpg",1024,1024,false],"thumbnail":["https:\/\/optimate.si\/wp-content\/uploads\/2026\/05\/1471c8c8-2-150x150.jpg",150,150,true],"medium":["https:\/\/optimate.si\/wp-content\/uploads\/2026\/05\/1471c8c8-2-300x300.jpg",300,300,true],"medium_large":["https:\/\/optimate.si\/wp-content\/uploads\/2026\/05\/1471c8c8-2-768x768.jpg",768,768,true],"large":["https:\/\/optimate.si\/wp-content\/uploads\/2026\/05\/1471c8c8-2.jpg",980,980,false],"1536x1536":["https:\/\/optimate.si\/wp-content\/uploads\/2026\/05\/1471c8c8-2.jpg",1024,1024,false],"2048x2048":["https:\/\/optimate.si\/wp-content\/uploads\/2026\/05\/1471c8c8-2.jpg",1024,1024,false],"trp-custom-language-flag":["https:\/\/optimate.si\/wp-content\/uploads\/2026\/05\/1471c8c8-2-12x12.jpg",12,12,true],"woocommerce_thumbnail":["https:\/\/optimate.si\/wp-content\/uploads\/2026\/05\/1471c8c8-2-324x389.jpg",324,389,true],"woocommerce_single":["https:\/\/optimate.si\/wp-content\/uploads\/2026\/05\/1471c8c8-2-416x416.jpg",416,416,true],"woocommerce_gallery_thumbnail":["https:\/\/optimate.si\/wp-content\/uploads\/2026\/05\/1471c8c8-2-100x100.jpg",100,100,true]},"uagb_author_info":{"display_name":"sergey","author_link":"https:\/\/optimate.si\/hr\/author\/"},"uagb_comment_info":1,"uagb_excerpt":"Ve\u010dina umazanije, ki jo vidi\u0161, ni obraba \u2014 ampak leta nabranega prahu in ma\u0161\u010dob, ki so se zapekli v usnje.","_links":{"self":[{"href":"https:\/\/optimate.si\/hr\/wp-json\/wp\/v2\/product\/915","targetHints":{"allow":["GET"]}}],"collection":[{"href":"https:\/\/optimate.si\/hr\/wp-json\/wp\/v2\/product"}],"about":[{"href":"https:\/\/optimate.si\/hr\/wp-json\/wp\/v2\/types\/product"}],"replies":[{"embeddable":true,"href":"https:\/\/optimate.si\/hr\/wp-json\/wp\/v2\/comments?post=915"}],"wp:featuredmedia":[{"embeddable":true,"href":"https:\/\/optimate.si\/hr\/wp-json\/wp\/v2\/media\/32661"}],"wp:attachment":[{"href":"https:\/\/optimate.si\/hr\/wp-json\/wp\/v2\/media?parent=915"}],"wp:term":[{"taxonomy":"product_brand","embeddable":true,"href":"https:\/\/optimate.si\/hr\/wp-json\/wp\/v2\/product_brand?post=915"},{"taxonomy":"product_cat","embeddable":true,"href":"https:\/\/optimate.si\/hr\/wp-json\/wp\/v2\/product_cat?post=915"},{"taxonomy":"product_tag","embeddable":true,"href":"https:\/\/optimate.si\/hr\/wp-json\/wp\/v2\/product_tag?post=915"}],"curies":[{"name":"wp","href":"https:\/\/api.w.org\/{rel}","templated":true}]}}