{"id":923,"date":"2025-12-07T23:57:32","date_gmt":"2025-12-07T22:57:32","guid":{"rendered":"https:\/\/optimate.si\/product\/zollex-zascita-proti-soncu-za-vetrobrans-ko-steklo-air-buble-15070\/"},"modified":"2026-04-20T13:53:01","modified_gmt":"2026-04-20T11:53:01","slug":"zollex-zascita-proti-soncu-za-vetrobrans-ko-steklo-air-buble-15070","status":"publish","type":"product","link":"https:\/\/optimate.si\/hr\/product\/zollex-zascita-proti-soncu-za-vetrobrans-ko-steklo-air-buble-15070\/","title":{"rendered":"za\u0161\u010dita proti soncu za vetrobrans ko steklo (Air Buble) 150*70"},"content":{"rendered":"<h3>Za\u0161\u010dita pred vro\u010dino<\/h3>\n<p>Zollex <strong>sen\u010dnik za vetrobransko steklo<\/strong> odbija son\u010dne \u017earke, zmanj\u0161a segrevanje kabine in \u0161\u010diti armaturo ter sede\u017ee pred po\u0161kodbami.<\/p>\n<p>Na voljo v <strong>klasi\u010dni zlo\u017eljivi<\/strong> ali <strong>pop-up izvedbi<\/strong> za hitro uporabo in enostavno shranjevanje.<\/p>\n<hr>\n<h3>Klju\u010dne lastnosti<\/h3>\n<p>\u2022 Zmanj\u0161a temperaturo v vozilu<br \/>\u2022 UV za\u0161\u010dita za notranjost<br \/>\u2022 Enostavna namestitev<br \/>\u2022 Kompakten in zlo\u017eljiv<br \/>\u2022 Primerno za ve\u010dino vozil<\/p>\n<hr>\n<h3>Uporaba<\/h3>\n<ol>\n<li>\n<p>Odprite sen\u010dnik.<\/p>\n<\/li>\n<li>\n<p>Namestite za vetrobransko steklo.<\/p>\n<\/li>\n<li>\n<p>Po potrebi pritrdite s sen\u010dniki.<\/p>\n<\/li>\n<\/ol>\n<p>\u0160ifra izdelka: 03337<\/p>","protected":false},"excerpt":{"rendered":"<p>Sen\u010dnik za vetrobransko steklo, ki zmanj\u0161uje segrevanje in \u0161\u010diti notranjost pred UV \u017earki. Sunshade pomaga ohranjati ni\u017ejo temperaturo in prepre\u010duje bledenje materialov.<\/p>","protected":false},"featured_media":31108,"comment_status":"open","ping_status":"closed","template":"","meta":{"_uag_custom_page_level_css":""},"product_brand":[],"product_cat":[31],"product_tag":[],"class_list":{"0":"post-923","1":"product","2":"type-product","3":"status-publish","4":"has-post-thumbnail","6":"product_cat-010-oprema","8":"first","9":"instock","10":"taxable","11":"shipping-taxable","12":"purchasable","13":"product-type-simple"},"uagb_featured_image_src":{"full":["https:\/\/optimate.si\/wp-content\/uploads\/2026\/04\/9bec2429-2.jpg",1024,1024,false],"thumbnail":["https:\/\/optimate.si\/wp-content\/uploads\/2026\/04\/9bec2429-2-150x150.jpg",150,150,true],"medium":["https:\/\/optimate.si\/wp-content\/uploads\/2026\/04\/9bec2429-2-300x300.jpg",300,300,true],"medium_large":["https:\/\/optimate.si\/wp-content\/uploads\/2026\/04\/9bec2429-2-768x768.jpg",768,768,true],"large":["https:\/\/optimate.si\/wp-content\/uploads\/2026\/04\/9bec2429-2.jpg",980,980,false],"1536x1536":["https:\/\/optimate.si\/wp-content\/uploads\/2026\/04\/9bec2429-2.jpg",1024,1024,false],"2048x2048":["https:\/\/optimate.si\/wp-content\/uploads\/2026\/04\/9bec2429-2.jpg",1024,1024,false],"trp-custom-language-flag":["https:\/\/optimate.si\/wp-content\/uploads\/2026\/04\/9bec2429-2.jpg",12,12,false],"woocommerce_thumbnail":["https:\/\/optimate.si\/wp-content\/uploads\/2026\/04\/9bec2429-2-324x389.jpg",324,389,true],"woocommerce_single":["https:\/\/optimate.si\/wp-content\/uploads\/2026\/04\/9bec2429-2-416x416.jpg",416,416,true],"woocommerce_gallery_thumbnail":["https:\/\/optimate.si\/wp-content\/uploads\/2026\/04\/9bec2429-2-100x100.jpg",100,100,true]},"uagb_author_info":{"display_name":"sergey","author_link":"https:\/\/optimate.si\/hr\/author\/"},"uagb_comment_info":0,"uagb_excerpt":"Sen\u010dnik za vetrobransko steklo, ki zmanj\u0161uje segrevanje in \u0161\u010diti notranjost pred UV \u017earki. Sunshade pomaga ohranjati ni\u017ejo temperaturo in prepre\u010duje bledenje materialov.","_links":{"self":[{"href":"https:\/\/optimate.si\/hr\/wp-json\/wp\/v2\/product\/923","targetHints":{"allow":["GET"]}}],"collection":[{"href":"https:\/\/optimate.si\/hr\/wp-json\/wp\/v2\/product"}],"about":[{"href":"https:\/\/optimate.si\/hr\/wp-json\/wp\/v2\/types\/product"}],"replies":[{"embeddable":true,"href":"https:\/\/optimate.si\/hr\/wp-json\/wp\/v2\/comments?post=923"}],"wp:featuredmedia":[{"embeddable":true,"href":"https:\/\/optimate.si\/hr\/wp-json\/wp\/v2\/media\/31108"}],"wp:attachment":[{"href":"https:\/\/optimate.si\/hr\/wp-json\/wp\/v2\/media?parent=923"}],"wp:term":[{"taxonomy":"product_brand","embeddable":true,"href":"https:\/\/optimate.si\/hr\/wp-json\/wp\/v2\/product_brand?post=923"},{"taxonomy":"product_cat","embeddable":true,"href":"https:\/\/optimate.si\/hr\/wp-json\/wp\/v2\/product_cat?post=923"},{"taxonomy":"product_tag","embeddable":true,"href":"https:\/\/optimate.si\/hr\/wp-json\/wp\/v2\/product_tag?post=923"}],"curies":[{"name":"wp","href":"https:\/\/api.w.org\/{rel}","templated":true}]}}