{"id":933,"date":"2025-12-07T23:57:37","date_gmt":"2025-12-07T22:57:37","guid":{"rendered":"https:\/\/optimate.si\/product\/zollex-letna-tekocina-za-vetrobran-steklo-koncentrat-60ml-morska-svezina\/"},"modified":"2026-05-07T14:41:03","modified_gmt":"2026-05-07T12:41:03","slug":"zollex-letna-tekocina-za-vetrobran-steklo-koncentrat-60ml-morska-svezina","status":"publish","type":"product","link":"https:\/\/optimate.si\/hr\/product\/zollex-letna-tekocina-za-vetrobran-steklo-koncentrat-60ml-morska-svezina\/","title":{"rendered":"FreshGlass Koncentrat za vetrobransko steklo 60ml"},"content":{"rendered":"<p><iframe loading=\"lazy\" title=\"Windshield Concentrate or Plain Water?\" width=\"980\" height=\"551\" src=\"https:\/\/www.youtube.com\/embed\/skBik1JZ8Nk?feature=oembed\" frameborder=\"0\" allow=\"accelerometer; autoplay; clipboard-write; encrypted-media; gyroscope; picture-in-picture; web-share\" referrerpolicy=\"strict-origin-when-cross-origin\" allowfullscreen><\/iframe> <\/p>\n<p>Letni koncentrat za \u010di\u0161\u010denje stekel u\u010dinkovito odstranjuje insekte in umazanijo z vetrobranskih stekel.<\/p>\n<\/p>\n<h3>Glavne prednosti:<\/h3>\n<ul>\n<li>\n<p>Zagotavlja prijeten vonj in jasno vidljivost<\/p>\n<\/li>\n<li>\n<p>Zmanj\u0161uje hrup in drsenje brisalcev<\/p>\n<\/li>\n<li>\n<p>Hitro odstrani insekte<\/p>\n<\/li>\n<\/ul>\n<p><a target=\"_blank\" rel=\"noopener noreferrer nofollow\" href=\"https:\/\/zolleks.si\/uploads\/zollex\/public\/document\/225-vl_screen_summer_washer_koncentrat_ocean_limona_2016_sl.pdf\">MSDS<\/a><\/p>\n<p><\/p>\n<p>\u0160ifra izdelka: 03340<\/p>","protected":false},"excerpt":{"rendered":"<p>Hitro odstrani insekte, zmanj\u0161a hrup brisalcev ter zagotovi jasno vidljivost.<\/p>","protected":false},"featured_media":32591,"comment_status":"open","ping_status":"closed","template":"","meta":{"_uag_custom_page_level_css":""},"product_brand":[],"product_cat":[66],"product_tag":[],"class_list":{"0":"post-933","1":"product","2":"type-product","3":"status-publish","4":"has-post-thumbnail","6":"product_cat-030-pranje","8":"first","9":"instock","10":"taxable","11":"shipping-taxable","12":"purchasable","13":"product-type-simple"},"uagb_featured_image_src":{"full":["https:\/\/optimate.si\/wp-content\/uploads\/2026\/05\/0822176d.jpg",416,416,false],"thumbnail":["https:\/\/optimate.si\/wp-content\/uploads\/2026\/05\/0822176d-150x150.jpg",150,150,true],"medium":["https:\/\/optimate.si\/wp-content\/uploads\/2026\/05\/0822176d-300x300.jpg",300,300,true],"medium_large":["https:\/\/optimate.si\/wp-content\/uploads\/2026\/05\/0822176d.jpg",416,416,false],"large":["https:\/\/optimate.si\/wp-content\/uploads\/2026\/05\/0822176d.jpg",416,416,false],"1536x1536":["https:\/\/optimate.si\/wp-content\/uploads\/2026\/05\/0822176d.jpg",416,416,false],"2048x2048":["https:\/\/optimate.si\/wp-content\/uploads\/2026\/05\/0822176d.jpg",416,416,false],"trp-custom-language-flag":["https:\/\/optimate.si\/wp-content\/uploads\/2026\/05\/0822176d-12x12.jpg",12,12,true],"woocommerce_thumbnail":["https:\/\/optimate.si\/wp-content\/uploads\/2026\/05\/0822176d-324x389.jpg",324,389,true],"woocommerce_single":["https:\/\/optimate.si\/wp-content\/uploads\/2026\/05\/0822176d.jpg",416,416,false],"woocommerce_gallery_thumbnail":["https:\/\/optimate.si\/wp-content\/uploads\/2026\/05\/0822176d-100x100.jpg",100,100,true]},"uagb_author_info":{"display_name":"sergey","author_link":"https:\/\/optimate.si\/hr\/author\/"},"uagb_comment_info":1,"uagb_excerpt":"Hitro odstrani insekte, zmanj\u0161a hrup brisalcev ter zagotovi jasno vidljivost.","_links":{"self":[{"href":"https:\/\/optimate.si\/hr\/wp-json\/wp\/v2\/product\/933","targetHints":{"allow":["GET"]}}],"collection":[{"href":"https:\/\/optimate.si\/hr\/wp-json\/wp\/v2\/product"}],"about":[{"href":"https:\/\/optimate.si\/hr\/wp-json\/wp\/v2\/types\/product"}],"replies":[{"embeddable":true,"href":"https:\/\/optimate.si\/hr\/wp-json\/wp\/v2\/comments?post=933"}],"wp:featuredmedia":[{"embeddable":true,"href":"https:\/\/optimate.si\/hr\/wp-json\/wp\/v2\/media\/32591"}],"wp:attachment":[{"href":"https:\/\/optimate.si\/hr\/wp-json\/wp\/v2\/media?parent=933"}],"wp:term":[{"taxonomy":"product_brand","embeddable":true,"href":"https:\/\/optimate.si\/hr\/wp-json\/wp\/v2\/product_brand?post=933"},{"taxonomy":"product_cat","embeddable":true,"href":"https:\/\/optimate.si\/hr\/wp-json\/wp\/v2\/product_cat?post=933"},{"taxonomy":"product_tag","embeddable":true,"href":"https:\/\/optimate.si\/hr\/wp-json\/wp\/v2\/product_tag?post=933"}],"curies":[{"name":"wp","href":"https:\/\/api.w.org\/{rel}","templated":true}]}}