{"id":973,"date":"2025-12-07T23:58:28","date_gmt":"2025-12-07T22:58:28","guid":{"rendered":"https:\/\/optimate.si\/product\/zollex-triger-cistilo-platisc-750ml\/"},"modified":"2026-05-10T17:20:20","modified_gmt":"2026-05-10T15:20:20","slug":"020zollex-triger-cistilo-platisc-750ml","status":"publish","type":"product","link":"https:\/\/optimate.si\/hr\/product\/020zollex-triger-cistilo-platisc-750ml\/","title":{"rendered":"CleanWheel \u010cistilo plati\u0161\u010d"},"content":{"rendered":"<h3>Temeljito \u010di\u0161\u010denje plati\u0161\u010d <\/h3>\n<p>CleanWheel prodre v umazanijo, jo zmeh\u010da in omogo\u010di enostavno odstranjevanje brez drgnjenja. Primerno je za <strong>aluminijasta in jeklena plati\u0161\u010da<\/strong>.<\/p>\n<hr>\n<h3>Klju\u010dne lastnosti<\/h3>\n<p>\u2022 U\u010dinkovito odstranjuje zavorni prah, ma\u0161\u010dobo in cestno umazanijo<br \/>\u2022 Varno za barvana in lakirana plati\u0161\u010da<br \/>\u2022 Dobro se oprime povr\u0161ine za bolj\u0161i u\u010dinek<\/p>\n<hr>\n<h3>Uporaba<\/h3>\n<ol>\n<li>\n<p>Nanesite na <strong>hladna in suha plati\u0161\u010da<\/strong>.<\/p>\n<\/li>\n<li>\n<p>Enakomerno <strong>razpr\u0161ite po celotni povr\u0161ini<\/strong>.<\/p>\n<\/li>\n<li>\n<p>Pustite delovati <strong>2 minuti<\/strong>.<\/p>\n<\/li>\n<li>\n<p>Po potrebi uporabite <strong>mehko krta\u010do ali gobico<\/strong>.<\/p>\n<\/li>\n<li>\n<p>Temeljito sperite z <strong>vodo pod pritiskom<\/strong>.<\/p>\n<\/li>\n<li>\n<p>Po \u017eelji povr\u0161ino <strong>osu\u0161ite z mikrokrpo<\/strong>.<\/p>\n<\/li>\n<\/ol>\n<hr>\n<p>Z redno uporabo pomaga ohranjati <strong>\u010dist videz, sijaj in dalj\u0161o \u017eivljenjsko dobo plati\u0161\u010d<\/strong>.<\/p>\n<p><a target=\"_blank\" rel=\"noopener noreferrer nofollow\" href=\"https:\/\/my.chemius.net\/p\/w2fyDd\/en\/pd\/cs\">MSDS<\/a><\/p>\n<p>\u0160ifra izdelka: 03387<\/p>","protected":false},"excerpt":{"rendered":"<p>Hitro odstrani zavorni prah, ma\u0161\u010dobo in cestno umazanijo. <\/p>","protected":false},"featured_media":32741,"comment_status":"open","ping_status":"closed","template":"","meta":{"_uag_custom_page_level_css":""},"product_brand":[],"product_cat":[22],"product_tag":[],"class_list":{"0":"post-973","1":"product","2":"type-product","3":"status-publish","4":"has-post-thumbnail","6":"product_cat-01-trigger-spreji","8":"first","9":"instock","10":"taxable","11":"shipping-taxable","12":"purchasable","13":"product-type-simple"},"uagb_featured_image_src":{"full":["https:\/\/optimate.si\/wp-content\/uploads\/2026\/05\/6fb3b3fb-1.jpg",1500,1500,false],"thumbnail":["https:\/\/optimate.si\/wp-content\/uploads\/2026\/05\/6fb3b3fb-1-150x150.jpg",150,150,true],"medium":["https:\/\/optimate.si\/wp-content\/uploads\/2026\/05\/6fb3b3fb-1-300x300.jpg",300,300,true],"medium_large":["https:\/\/optimate.si\/wp-content\/uploads\/2026\/05\/6fb3b3fb-1-768x768.jpg",768,768,true],"large":["https:\/\/optimate.si\/wp-content\/uploads\/2026\/05\/6fb3b3fb-1-1024x1024.jpg",980,980,true],"1536x1536":["https:\/\/optimate.si\/wp-content\/uploads\/2026\/05\/6fb3b3fb-1.jpg",1500,1500,false],"2048x2048":["https:\/\/optimate.si\/wp-content\/uploads\/2026\/05\/6fb3b3fb-1.jpg",1500,1500,false],"trp-custom-language-flag":["https:\/\/optimate.si\/wp-content\/uploads\/2026\/05\/6fb3b3fb-1-12x12.jpg",12,12,true],"woocommerce_thumbnail":["https:\/\/optimate.si\/wp-content\/uploads\/2026\/05\/6fb3b3fb-1-324x389.jpg",324,389,true],"woocommerce_single":["https:\/\/optimate.si\/wp-content\/uploads\/2026\/05\/6fb3b3fb-1-416x416.jpg",416,416,true],"woocommerce_gallery_thumbnail":["https:\/\/optimate.si\/wp-content\/uploads\/2026\/05\/6fb3b3fb-1-100x100.jpg",100,100,true]},"uagb_author_info":{"display_name":"sergey","author_link":"https:\/\/optimate.si\/hr\/author\/"},"uagb_comment_info":1,"uagb_excerpt":"Hitro odstrani zavorni prah, ma\u0161\u010dobo in cestno umazanijo.","_links":{"self":[{"href":"https:\/\/optimate.si\/hr\/wp-json\/wp\/v2\/product\/973","targetHints":{"allow":["GET"]}}],"collection":[{"href":"https:\/\/optimate.si\/hr\/wp-json\/wp\/v2\/product"}],"about":[{"href":"https:\/\/optimate.si\/hr\/wp-json\/wp\/v2\/types\/product"}],"replies":[{"embeddable":true,"href":"https:\/\/optimate.si\/hr\/wp-json\/wp\/v2\/comments?post=973"}],"wp:featuredmedia":[{"embeddable":true,"href":"https:\/\/optimate.si\/hr\/wp-json\/wp\/v2\/media\/32741"}],"wp:attachment":[{"href":"https:\/\/optimate.si\/hr\/wp-json\/wp\/v2\/media?parent=973"}],"wp:term":[{"taxonomy":"product_brand","embeddable":true,"href":"https:\/\/optimate.si\/hr\/wp-json\/wp\/v2\/product_brand?post=973"},{"taxonomy":"product_cat","embeddable":true,"href":"https:\/\/optimate.si\/hr\/wp-json\/wp\/v2\/product_cat?post=973"},{"taxonomy":"product_tag","embeddable":true,"href":"https:\/\/optimate.si\/hr\/wp-json\/wp\/v2\/product_tag?post=973"}],"curies":[{"name":"wp","href":"https:\/\/api.w.org\/{rel}","templated":true}]}}